{"id":807,"date":"2020-10-02T11:21:22","date_gmt":"2020-10-02T11:21:22","guid":{"rendered":"https:\/\/www.yhteisetlapsemme.fi\/se\/?page_id=807"},"modified":"2020-10-02T11:44:57","modified_gmt":"2020-10-02T11:44:57","slug":"hur-ska-man-behandla-rasism-med-vithyade-barn","status":"publish","type":"page","link":"https:\/\/www.yhteisetlapsemme.fi\/se\/var-modig-och-hygglig\/modig-och-hygglig-tips\/hur-ska-man-behandla-rasism-med-vithyade-barn\/","title":{"rendered":"Hur ska man behandla rasism med vithyade barn?"},"content":{"rendered":"\n<p class=\"has-large-font-size\"><strong>Hur ska man behandla rasism med vithyade barn?<\/strong><\/p>\n\n\n\n<p class=\"has-medium-font-size\"><strong>Modig och hygglig &#8211; tipslista<\/strong><\/p>\n\n\n\n<p>Det \u00e4r bra att diskutera rasism, liksom m\u00e5nga andra sv\u00e5ra samh\u00e4lleliga fr\u00e5gor, med alla barn. Rasism kan emellertid inte avhandlas bara under en enstaka diskussion. Verksamhetss\u00e4tt som motarbetar rasism ska finnas med i vardagen.<\/p>\n\n\n\n<p><strong>S\u00e4g som det \u00e4r<\/strong><\/p>\n\n\n\n<p>Rasism \u00e4r ett fenomen d\u00e4r en person i en viss m\u00e4nniskogrupp anses vara minderv\u00e4rdig i j\u00e4mf\u00f6relse med andra, till exempel p\u00e5 basis av hudf\u00e4rg eller kultur. Du kan ocks\u00e5 ber\u00e4tta f\u00f6r barnet att rasism f\u00f6rekommer p\u00e5 alla h\u00e5ll i v\u00e4rlden. \u00c4ven om alla m\u00e4nniskor enligt Finlands grundlag och m\u00e4nniskor\u00e4ttsavtal \u00e4r lika v\u00e4rda och i en likv\u00e4rdig st\u00e4llning, s\u00e5 finns det m\u00e5nga m\u00e4nniskor som detta inte f\u00f6rverkligas f\u00f6r. Av historiska sk\u00e4l har en vit m\u00e4nniska fortfarande en privilegierad st\u00e4llning i v\u00e5rt samh\u00e4lle i f\u00f6rh\u00e5llande till andra.<\/p>\n\n\n\n<p>Ett exempel p\u00e5 hur man kan \u00f6ppna diskussionen:<\/p>\n\n\n\n<p>\u00c4ven om alla m\u00e4nniskor \u00e4r lika v\u00e4rda, behandlas somliga m\u00e4nniskor s\u00e4mre \u00e4n andra till exempel p\u00e5 grund av deras hudf\u00e4rg. Det h\u00e4r kan leda till mobbning och diskriminering och f\u00f6rsv\u00e5ra m\u00e4nniskors liv. Vi m\u00e4nniskor m\u00e4rker inte alltid s\u00e5dana missf\u00f6rh\u00e5llanden och or\u00e4ttvisor som inte ber\u00f6r oss sj\u00e4lva. D\u00e4rf\u00f6r \u00e4r det bra att prata om de h\u00e4r sakerna tillsammans s\u00e5 att vi kan \u00e5stadkomma f\u00f6r\u00e4ndring.<\/p>\n\n\n\n<p><strong>Tala om k\u00e4nslor<\/strong><\/p>\n\n\n\n<p>Det \u00e4r bra att hj\u00e4lpa barnet att s\u00e4tta ord p\u00e5 sina k\u00e4nslor och att ocks\u00e5 ber\u00e4tta om de egna k\u00e4nslorna utan att sj\u00e4lv g\u00e5 alltf\u00f6r djupt in i k\u00e4nsloreaktionen. Till exempel:<\/p>\n\n\n\n<p>Det h\u00e4r kan k\u00e4nnas or\u00e4ttvist f\u00f6r dig och det \u00e4r det ocks\u00e5. Det f\u00e5r g\u00f6ra dig arg och skapa k\u00e4nslor av ilska. Saken g\u00f6r ocks\u00e5 mig arg.<\/p>\n\n\n\n<p>Om barnets omgivning och n\u00e4rmaste krets \u00e4r mycket vit, ber\u00f6r det kanske inte barnet p\u00e5 samma s\u00e4tt som om det i den egna n\u00e4rmaste kretsen finns personer som rasifierats som icke-vita.<\/p>\n\n\n\n<p><strong>Ta litteratur till hj\u00e4lp<\/strong><\/p>\n\n\n\n<p>S\u00e4rskilt med mindre barn kan det hj\u00e4lpa att konkretisera saker genom att l\u00e4sa barnb\u00f6cker om temat eller tillsammans se program som behandlar \u00e4mnet p\u00e5 en niv\u00e5 som passar barnets \u00e5lder. Saken kan behandlas ocks\u00e5 genom att teckna och leka.<\/p>\n\n\n\n<p>Det \u00e4r bra att l\u00e4sa b\u00f6cker med barnet d\u00e4r det f\u00f6rekommer m\u00e5ngfaldiga huvudpersoner som ser ut p\u00e5 olika s\u00e4tt och befinner sig i olika situationer. Med hj\u00e4lp av b\u00f6cker kan man ocks\u00e5 l\u00e4ra sig empati, att s\u00e4tta sig in i en annan m\u00e4nniskas st\u00e4llning. Var emellertid uppm\u00e4rksam p\u00e5 att b\u00f6ckerna inte ska fokusera endast p\u00e5 \u201dofferber\u00e4ttelsen\u201d eller en k\u00e4nsla av utanf\u00f6rskap. B\u00f6ckernas huvudpersoner ska kunna\/ska r\u00e5ka ut f\u00f6r lika m\u00e5ngsidiga saker som vita huvudpersoner.<\/p>\n\n\n\n<p><strong>Ta ansvar<\/strong><\/p>\n\n\n\n<p>Ber\u00e4tta att rasism och or\u00e4ttvisa som h\u00e4nger ihop med den inte \u00e4r barnets fel och att barnet inte beh\u00f6ver k\u00e4nna skuld \u00f6ver saken. Ber\u00e4tta att det \u00e4r vuxnas uppgift att bygga en v\u00e4rld d\u00e4r varje barn har det bra.<\/p>\n\n\n\n<p>Ni kan dock tillsammans med barnet fundera \u00f6ver s\u00e4tt att p\u00e5verka. Ni kan diskutera till exempel hur barnet kan vara en god v\u00e4n till alla och ta med alla i leken. Ber\u00e4tta att i skolan och daghemmet ska man alltid ber\u00e4tta f\u00f6r de vuxna om man ser eller h\u00f6r rasism, sk\u00e4llsord eller mobbning. F\u00f6reg\u00e5 sj\u00e4lv med gott exempel som en vuxen som f\u00f6rd\u00f6mer rasism och ingriper i diskriminering.<\/p>\n\n\n\n<p>Fundera ocks\u00e5 \u00f6ver hur b\u00f6cker och leksaker d\u00e4r hemma och program som barnet ser behandlar \u00e4mnet. Se till att dessa inte f\u00f6rst\u00e4rker stereotypier om olika m\u00e4nniskogrupper.<\/p>\n\n\n\n<p>I daghem och skolor kan saken behandlas till exempel med hj\u00e4lp av material som finns hos V\u00e5ra Gemensamma Barn rf p\u00e5 sidan Aineistoa opetukseen eller genom att best\u00e4lla f\u00f6reningens Var modig och hygglig-verkstad. (se l\u00e4nkar i slutet av texten)<\/p>\n\n\n\n<p><strong>Beakta i vardagen<\/strong><\/p>\n\n\n\n<p>N\u00e4r barnet och du ser eller h\u00f6r stereotypiserande tal eller bildmaterial, stanna tillsammans upp och fundera \u00f6ver saken. Str\u00e4va aktivt efter att bryta skadliga stereotypier och r\u00e4tta till felaktiga uppfattningar. Det r\u00e4cker inte att tillsammans med barnet tala om rasism en g\u00e5ng, utan man m\u00e5ste orka uppm\u00e4rksamma missf\u00f6rh\u00e5llanden p\u00e5 nytt varje g\u00e5ng man st\u00f6ter p\u00e5 dem.<\/p>\n\n\n\n<p>F\u00f6reg\u00e5 modigt med exempel genom att ingripa i rasism. Ber\u00e4tta till exempel varf\u00f6r n\u00e5got ni ser p\u00e5 tv eller l\u00e4ser i tidningen \u00e4r fel. Erbjud barnet m\u00e5ngfaldiga objekt och leksaker att identifiera sig med.<\/p>\n\n\n\n<p><strong>Ge tid och plats<\/strong><\/p>\n\n\n\n<p>F\u00f6rs\u00e4kra dig om att samtalssituationen \u00e4r en lugn stund p\u00e5 tu man hand med barnet eller tillsammans med hela familjen, och att ni har plats och tid f\u00f6r fr\u00e5gor och diskussion.<\/p>\n\n\n\n<p>Det l\u00f6nar sig att ge barnet tid och utrymme att sm\u00e4lta saker. Samtidigt \u00e4r det viktigt att inte l\u00e4mna barnet ensam med sina tankar och k\u00e4nslor efter den gemensamma diskussionen. Det \u00e4r bra att fr\u00e5ga barnet hurdana tankar och fr\u00e5gor saken v\u00e4ckte och ber\u00e4tta att barnet kan v\u00e4nda sig till dig om det \u00e4r n\u00e5got barnet \u00e4nnu grubblar p\u00e5 eller funderar \u00f6ver.<\/p>\n\n\n\n<p><strong>Inkluderande f\u00f6r\u00e4ldraskap<\/strong><\/p>\n\n\n\n<p>L\u00e4r barnet att m\u00e4nsklighet \u00e4r det viktiga, inte hudf\u00e4rg. Alla m\u00e4nniskor \u00e4r lika v\u00e4rdefulla.<\/p>\n\n\n\n<p>F\u00f6rs\u00e4kra dig om att litteraturen barnet l\u00e4ser och ser p\u00e5 \u00e4r m\u00e5ngfaldig och inneh\u00e5ller olika m\u00e4nniskokarakt\u00e4rer.<\/p>\n\n\n\n<p>Se filmer och program med m\u00e4nniskor som \u00e4r rasifierade som icke-vita.<\/p>\n\n\n\n<p>Ber\u00e4tta om privilegier och vad de inneb\u00e4r.<\/p>\n\n\n\n<p><strong>Antirasistiskt f\u00f6r\u00e4ldraskap<\/strong><\/p>\n\n\n\n<p>L\u00e4r barnet att hudf\u00e4rg inverkar p\u00e5 hur olika m\u00e4nniskor ses.<\/p>\n\n\n\n<p>V\u00e4lj med avsikt b\u00f6cker som enligt barnets \u00e5ldersniv\u00e5 ber\u00e4ttar om historia (bl.a. slaveri och kolonialism, assimilation av samerna) och m\u00e4nniskor\u00e4ttsr\u00f6relser.<\/p>\n\n\n\n<p>N\u00e4r ni f\u00f6ljer med media, understryk rasism och stereotypier och s\u00e4tt ord p\u00e5 det.<\/p>\n\n\n\n<p>Ge barnen exempel p\u00e5 deras egna privilegier, s\u00e5 som att f\u00e5 r\u00f6ra sig fritt i aff\u00e4rer utan att en vakt st\u00e4ndigt f\u00f6ljer efter, eller att alltid slippa fundera \u00f6ver om man \u00e4r den enda som sticker ut ur m\u00e4ngden p\u00e5 grund av sin hudf\u00e4rg i nya sammanhang.<\/p>\n\n\n\n<p><strong>Varf\u00f6r beh\u00f6ver vi antirasistisk fostran?<\/strong><\/p>\n\n\n\n<p>En f\u00f6r\u00e4ndring fr\u00e5n ett inkluderande f\u00f6r\u00e4ldraskap till ett antirasistiskt f\u00f6r\u00e4ldraskap och fostran inneb\u00e4r att vi blir medvetna om och erk\u00e4nner aktivt att rasistiska tankemodeller och uppfattningar har p\u00e5verkat \u2013 och p\u00e5verkar fortfarande \u2013 djupt i v\u00e5r kultur och i v\u00e5rt samh\u00e4lle, och att de har gett upphov till systematiska, strukturella problem. I st\u00e4llet f\u00f6r att bara tala om saken, kr\u00e4ver antirasistisk fostran och den antirasistiska fostraren handlingar f\u00f6r att f\u00f6r\u00e4ndra saken.<\/p>\n","protected":false},"excerpt":{"rendered":"Hur ska man behandla rasism med vithyade barn? Modig och hygglig &#8211; tipslista Det \u00e4r bra att diskutera rasism, liksom m\u00e5nga andra sv\u00e5ra samh\u00e4lleliga fr\u00e5gor, med alla barn. Rasism kan emellertid inte avhandlas bara under en enstaka diskussion. Verksamhetss\u00e4tt som motarbetar rasism ska finnas med i vardagen. S\u00e4g som det \u00e4r Rasism \u00e4r ett fenomen&#8230;<p> <a class=\"round-button\" href=\"https:\/\/www.yhteisetlapsemme.fi\/se\/var-modig-och-hygglig\/modig-och-hygglig-tips\/hur-ska-man-behandla-rasism-med-vithyade-barn\/\">L\u00e4s mer<\/a><\/p>","protected":false},"author":2,"featured_media":0,"parent":799,"menu_order":2,"comment_status":"closed","ping_status":"closed","template":"page-sidebarleft.php","meta":{"_acf_changed":false,"footnotes":""},"class_list":["post-807","page","type-page","status-publish","hentry"],"acf":[],"yoast_head":"<!-- This site is optimized with the Yoast SEO plugin v25.8 - https:\/\/yoast.com\/wordpress\/plugins\/seo\/ -->\n<title>Hur ska man behandla rasism med vithyade barn? - V\u00e5ra Gemensamma Barn<\/title>\n<meta name=\"robots\" content=\"index, follow, max-snippet:-1, max-image-preview:large, max-video-preview:-1\" \/>\n<link rel=\"canonical\" href=\"https:\/\/www.yhteisetlapsemme.fi\/se\/var-modig-och-hygglig\/modig-och-hygglig-tips\/hur-ska-man-behandla-rasism-med-vithyade-barn\/\" \/>\n<meta property=\"og:locale\" content=\"sv_SE\" \/>\n<meta property=\"og:type\" content=\"article\" \/>\n<meta property=\"og:title\" content=\"Hur ska man behandla rasism med vithyade barn? - V\u00e5ra Gemensamma Barn\" \/>\n<meta property=\"og:description\" content=\"Hur ska man behandla rasism med vithyade barn? Modig och hygglig &#8211; tipslista Det \u00e4r bra att diskutera rasism, liksom m\u00e5nga andra sv\u00e5ra samh\u00e4lleliga fr\u00e5gor, med alla barn. Rasism kan emellertid inte avhandlas bara under en enstaka diskussion. Verksamhetss\u00e4tt som motarbetar rasism ska finnas med i vardagen. S\u00e4g som det \u00e4r Rasism \u00e4r ett fenomen... L\u00e4s mer\" \/>\n<meta property=\"og:url\" content=\"https:\/\/www.yhteisetlapsemme.fi\/se\/var-modig-och-hygglig\/modig-och-hygglig-tips\/hur-ska-man-behandla-rasism-med-vithyade-barn\/\" \/>\n<meta property=\"og:site_name\" content=\"V\u00e5ra Gemensamma Barn\" \/>\n<meta property=\"article:modified_time\" content=\"2020-10-02T11:44:57+00:00\" \/>\n<meta name=\"twitter:card\" content=\"summary_large_image\" \/>\n<meta name=\"twitter:label1\" content=\"Ber\u00e4knad l\u00e4stid\" \/>\n\t<meta name=\"twitter:data1\" content=\"6 minuter\" \/>\n<script type=\"application\/ld+json\" class=\"yoast-schema-graph\">{\"@context\":\"https:\/\/schema.org\",\"@graph\":[{\"@type\":\"WebPage\",\"@id\":\"https:\/\/www.yhteisetlapsemme.fi\/se\/var-modig-och-hygglig\/modig-och-hygglig-tips\/hur-ska-man-behandla-rasism-med-vithyade-barn\/\",\"url\":\"https:\/\/www.yhteisetlapsemme.fi\/se\/var-modig-och-hygglig\/modig-och-hygglig-tips\/hur-ska-man-behandla-rasism-med-vithyade-barn\/\",\"name\":\"Hur ska man behandla rasism med vithyade barn? - V\u00e5ra Gemensamma Barn\",\"isPartOf\":{\"@id\":\"https:\/\/www.yhteisetlapsemme.fi\/se\/#website\"},\"datePublished\":\"2020-10-02T11:21:22+00:00\",\"dateModified\":\"2020-10-02T11:44:57+00:00\",\"breadcrumb\":{\"@id\":\"https:\/\/www.yhteisetlapsemme.fi\/se\/var-modig-och-hygglig\/modig-och-hygglig-tips\/hur-ska-man-behandla-rasism-med-vithyade-barn\/#breadcrumb\"},\"inLanguage\":\"sv-SE\",\"potentialAction\":[{\"@type\":\"ReadAction\",\"target\":[\"https:\/\/www.yhteisetlapsemme.fi\/se\/var-modig-och-hygglig\/modig-och-hygglig-tips\/hur-ska-man-behandla-rasism-med-vithyade-barn\/\"]}]},{\"@type\":\"BreadcrumbList\",\"@id\":\"https:\/\/www.yhteisetlapsemme.fi\/se\/var-modig-och-hygglig\/modig-och-hygglig-tips\/hur-ska-man-behandla-rasism-med-vithyade-barn\/#breadcrumb\",\"itemListElement\":[{\"@type\":\"ListItem\",\"position\":1,\"name\":\"Etusivu\",\"item\":\"https:\/\/www.yhteisetlapsemme.fi\/se\/\"},{\"@type\":\"ListItem\",\"position\":2,\"name\":\"Var modig och hygglig\",\"item\":\"https:\/\/www.yhteisetlapsemme.fi\/se\/var-modig-och-hygglig\/\"},{\"@type\":\"ListItem\",\"position\":3,\"name\":\"Modig och hygglig &#8211; tips\",\"item\":\"https:\/\/www.yhteisetlapsemme.fi\/se\/var-modig-och-hygglig\/modig-och-hygglig-tips\/\"},{\"@type\":\"ListItem\",\"position\":4,\"name\":\"Hur ska man behandla rasism med vithyade barn?\"}]},{\"@type\":\"WebSite\",\"@id\":\"https:\/\/www.yhteisetlapsemme.fi\/se\/#website\",\"url\":\"https:\/\/www.yhteisetlapsemme.fi\/se\/\",\"name\":\"V\u00e5ra Gemensamma Barn\",\"description\":\"Just another WordPress site\",\"potentialAction\":[{\"@type\":\"SearchAction\",\"target\":{\"@type\":\"EntryPoint\",\"urlTemplate\":\"https:\/\/www.yhteisetlapsemme.fi\/se\/?s={search_term_string}\"},\"query-input\":{\"@type\":\"PropertyValueSpecification\",\"valueRequired\":true,\"valueName\":\"search_term_string\"}}],\"inLanguage\":\"sv-SE\"}]}<\/script>\n<!-- \/ Yoast SEO plugin. -->","yoast_head_json":{"title":"Hur ska man behandla rasism med vithyade barn? - V\u00e5ra Gemensamma Barn","robots":{"index":"index","follow":"follow","max-snippet":"max-snippet:-1","max-image-preview":"max-image-preview:large","max-video-preview":"max-video-preview:-1"},"canonical":"https:\/\/www.yhteisetlapsemme.fi\/se\/var-modig-och-hygglig\/modig-och-hygglig-tips\/hur-ska-man-behandla-rasism-med-vithyade-barn\/","og_locale":"sv_SE","og_type":"article","og_title":"Hur ska man behandla rasism med vithyade barn? - V\u00e5ra Gemensamma Barn","og_description":"Hur ska man behandla rasism med vithyade barn? Modig och hygglig &#8211; tipslista Det \u00e4r bra att diskutera rasism, liksom m\u00e5nga andra sv\u00e5ra samh\u00e4lleliga fr\u00e5gor, med alla barn. Rasism kan emellertid inte avhandlas bara under en enstaka diskussion. Verksamhetss\u00e4tt som motarbetar rasism ska finnas med i vardagen. S\u00e4g som det \u00e4r Rasism \u00e4r ett fenomen... L\u00e4s mer","og_url":"https:\/\/www.yhteisetlapsemme.fi\/se\/var-modig-och-hygglig\/modig-och-hygglig-tips\/hur-ska-man-behandla-rasism-med-vithyade-barn\/","og_site_name":"V\u00e5ra Gemensamma Barn","article_modified_time":"2020-10-02T11:44:57+00:00","twitter_card":"summary_large_image","twitter_misc":{"Ber\u00e4knad l\u00e4stid":"6 minuter"},"schema":{"@context":"https:\/\/schema.org","@graph":[{"@type":"WebPage","@id":"https:\/\/www.yhteisetlapsemme.fi\/se\/var-modig-och-hygglig\/modig-och-hygglig-tips\/hur-ska-man-behandla-rasism-med-vithyade-barn\/","url":"https:\/\/www.yhteisetlapsemme.fi\/se\/var-modig-och-hygglig\/modig-och-hygglig-tips\/hur-ska-man-behandla-rasism-med-vithyade-barn\/","name":"Hur ska man behandla rasism med vithyade barn? - V\u00e5ra Gemensamma Barn","isPartOf":{"@id":"https:\/\/www.yhteisetlapsemme.fi\/se\/#website"},"datePublished":"2020-10-02T11:21:22+00:00","dateModified":"2020-10-02T11:44:57+00:00","breadcrumb":{"@id":"https:\/\/www.yhteisetlapsemme.fi\/se\/var-modig-och-hygglig\/modig-och-hygglig-tips\/hur-ska-man-behandla-rasism-med-vithyade-barn\/#breadcrumb"},"inLanguage":"sv-SE","potentialAction":[{"@type":"ReadAction","target":["https:\/\/www.yhteisetlapsemme.fi\/se\/var-modig-och-hygglig\/modig-och-hygglig-tips\/hur-ska-man-behandla-rasism-med-vithyade-barn\/"]}]},{"@type":"BreadcrumbList","@id":"https:\/\/www.yhteisetlapsemme.fi\/se\/var-modig-och-hygglig\/modig-och-hygglig-tips\/hur-ska-man-behandla-rasism-med-vithyade-barn\/#breadcrumb","itemListElement":[{"@type":"ListItem","position":1,"name":"Etusivu","item":"https:\/\/www.yhteisetlapsemme.fi\/se\/"},{"@type":"ListItem","position":2,"name":"Var modig och hygglig","item":"https:\/\/www.yhteisetlapsemme.fi\/se\/var-modig-och-hygglig\/"},{"@type":"ListItem","position":3,"name":"Modig och hygglig &#8211; tips","item":"https:\/\/www.yhteisetlapsemme.fi\/se\/var-modig-och-hygglig\/modig-och-hygglig-tips\/"},{"@type":"ListItem","position":4,"name":"Hur ska man behandla rasism med vithyade barn?"}]},{"@type":"WebSite","@id":"https:\/\/www.yhteisetlapsemme.fi\/se\/#website","url":"https:\/\/www.yhteisetlapsemme.fi\/se\/","name":"V\u00e5ra Gemensamma Barn","description":"Just another WordPress site","potentialAction":[{"@type":"SearchAction","target":{"@type":"EntryPoint","urlTemplate":"https:\/\/www.yhteisetlapsemme.fi\/se\/?s={search_term_string}"},"query-input":{"@type":"PropertyValueSpecification","valueRequired":true,"valueName":"search_term_string"}}],"inLanguage":"sv-SE"}]}},"_links":{"self":[{"href":"https:\/\/www.yhteisetlapsemme.fi\/se\/wp-json\/wp\/v2\/pages\/807","targetHints":{"allow":["GET"]}}],"collection":[{"href":"https:\/\/www.yhteisetlapsemme.fi\/se\/wp-json\/wp\/v2\/pages"}],"about":[{"href":"https:\/\/www.yhteisetlapsemme.fi\/se\/wp-json\/wp\/v2\/types\/page"}],"author":[{"embeddable":true,"href":"https:\/\/www.yhteisetlapsemme.fi\/se\/wp-json\/wp\/v2\/users\/2"}],"replies":[{"embeddable":true,"href":"https:\/\/www.yhteisetlapsemme.fi\/se\/wp-json\/wp\/v2\/comments?post=807"}],"version-history":[{"count":2,"href":"https:\/\/www.yhteisetlapsemme.fi\/se\/wp-json\/wp\/v2\/pages\/807\/revisions"}],"predecessor-version":[{"id":812,"href":"https:\/\/www.yhteisetlapsemme.fi\/se\/wp-json\/wp\/v2\/pages\/807\/revisions\/812"}],"up":[{"embeddable":true,"href":"https:\/\/www.yhteisetlapsemme.fi\/se\/wp-json\/wp\/v2\/pages\/799"}],"wp:attachment":[{"href":"https:\/\/www.yhteisetlapsemme.fi\/se\/wp-json\/wp\/v2\/media?parent=807"}],"curies":[{"name":"wp","href":"https:\/\/api.w.org\/{rel}","templated":true}]}}