{"id":803,"date":"2020-10-02T11:15:23","date_gmt":"2020-10-02T11:15:23","guid":{"rendered":"https:\/\/www.yhteisetlapsemme.fi\/se\/?page_id=803"},"modified":"2020-10-02T11:43:44","modified_gmt":"2020-10-02T11:43:44","slug":"att-stoda-barn-och-unga-som-upplevt-rasism","status":"publish","type":"page","link":"https:\/\/www.yhteisetlapsemme.fi\/se\/var-modig-och-hygglig\/modig-och-hygglig-tips\/att-stoda-barn-och-unga-som-upplevt-rasism\/","title":{"rendered":"Att st\u00f6da barn och unga som upplevt rasism"},"content":{"rendered":"\n<p class=\"has-large-font-size\"><strong>Att st\u00f6da barn och unga som upplevt rasism<\/strong><\/p>\n\n\n\n<p class=\"has-medium-font-size\"><strong>Modig och hygglig tipslista<\/strong><\/p>\n\n\n\n<p><strong>Anta inte<\/strong><\/p>\n\n\n\n<p>Var uppm\u00e4rksam p\u00e5 att du sj\u00e4lv inte g\u00f6r antaganden och generaliseringar utg\u00e5ende fr\u00e5n en individs hudf\u00e4rg, religion eller bakgrund.<\/p>\n\n\n\n<p><strong>Var medveten<\/strong><\/p>\n\n\n\n<p>Var medveten om dig sj\u00e4lv, dina f\u00f6rdomar och privilegier. Undvik passivitet n\u00e4r det g\u00e4ller rasism och var medveten om olika s\u00e4tt att reagera som ocks\u00e5 vi vuxna kan g\u00f6ra oss skyldiga till: att undvika \u00e4mnet, tysta diskussionen och f\u00f6rneka det som skett.<\/p>\n\n\n\n<p><strong>F\u00f6rutse<\/strong><\/p>\n\n\n\n<p>Ber\u00e4tta f\u00f6r barnet om rasism p\u00e5 ett s\u00e4tt som \u00e4r l\u00e4mpligt f\u00f6r barnets \u00e5lder redan i ett f\u00f6rebyggande syfte. Hur tr\u00e5kigt det \u00e4n \u00e4r s\u00e5 \u00e4r det b\u00e4ttre att barnet \u00e4r medvetet om att hen kan bli utsatt f\u00f6r diskriminering.<\/p>\n\n\n\n<p><strong>V\u00e4rdes\u00e4tt individen som sig sj\u00e4lv<\/strong><\/p>\n\n\n\n<p>Det \u00e4r aldrig en l\u00f6sning p\u00e5 rasism att uppmuntra barnet eller den unga att f\u00f6r\u00e4ndra sitt beteende eller utseende till att vara \u201dmer finskt\u201d eller f\u00f6r att \u201dpassa b\u00e4ttre in i g\u00e4nget\u201d. Barnet eller den unga ska k\u00e4nna sig v\u00e4rdesatt som sig sj\u00e4lv.<\/p>\n\n\n\n<p><strong>Lyssna, tr\u00f6sta och bekr\u00e4fta<\/strong><\/p>\n\n\n\n<p>Fr\u00e5ga, lyssna och visa empati. En god sj\u00e4lvk\u00e4nsla skyddar mot skr\u00e5mor som mobbning och rasism orsakar. Det b\u00e4sta vapnet mot v\u00e5ra egna f\u00f6rdomar \u00e4r empati och att utveckla den. Empatin utvecklas genom att lyssna aktivt och st\u00e4lla fr\u00e5gor. Var redo att ta emot och h\u00f6ra ocks\u00e5 om sv\u00e5ra upplevelser. Barn och unga kan l\u00e5ta bli att ber\u00e4tta om sina upplevelser f\u00f6r att skydda de vuxna.<\/p>\n\n\n\n<p><strong>Pressa inte att tala<\/strong><\/p>\n\n\n\n<p>Alla barn och unga med en m\u00e5ngkulturell bakgrund eller som rasifieras som icke-vita av samh\u00e4llet g\u00e5r inte igenom samma sv\u00e5righeter. En del vill inte eller har inte ett behov av att tala om saken med dig. Vi ska alla aktivt st\u00f6da dem och vara redo att svara n\u00e4r det finns ett behov.<\/p>\n\n\n\n<p><strong>Utred och tala<\/strong><\/p>\n\n\n\n<p>Det \u00e4r sk\u00e4l att ingripa m\u00e5lmedvetet i rasistiska situationer. Ansvar f\u00f6r att reda ut situationen ska allts\u00e5 aldrig l\u00e4mnas p\u00e5 barnets axlar, utan de vuxna m\u00e5ste ingripa i mobbning och f\u00f6lja med att situationen verkligen utreds.<\/p>\n\n\n\n<p><strong>Diskutera och ge r\u00e5d<\/strong><\/p>\n\n\n\n<p>V\u00e4rdes\u00e4tt barnets egna s\u00e4tt att handla i situationen och hj\u00e4lp hen att utveckla dem.<\/p>\n\n\n\n<p><strong>Var inte \u201df\u00e4rgblind\u201d<\/strong><\/p>\n\n\n\n<p>Ofta h\u00f6r man m\u00e4nniskor s\u00e4ga att de inte ser f\u00e4rger alls n\u00e4r det g\u00e4ller m\u00e4nniskor. Yttrandet som har goda avsikter v\u00e4nder sig emellertid ofta mot sig sj\u00e4lv. Ett f\u00e4rgblint tankes\u00e4tt \u00e4r problematiskt p\u00e5 s\u00e5 s\u00e4tt, att \u00e4ven om vi vet att det finns bara en m\u00e4nniskoras, behandlas icke-vita m\u00e4nniskor n\u00e4stan p\u00e5 alla h\u00e5ll i v\u00e4rlden oj\u00e4mlikt i f\u00f6rh\u00e5llande till vita m\u00e4nniskor. Genom att f\u00f6rneka betydelsen av hudf\u00e4rg kan man f\u00f6rminska icke-vita barns erfarenheter av rasism. Trots att det \u00e4r sv\u00e5rt, s\u00e5 \u00e4r det viktigt att s\u00e4tta ord p\u00e5 detta. Om man f\u00f6rnekar f\u00f6r barnet att det finns hudf\u00e4rger, kan man g\u00e5 miste om viktiga verktyg f\u00f6r att luckra upp, motarbeta och f\u00f6rst\u00e5 rasism. (Bruna Flickor)<\/p>\n\n\n\n<p><strong>G\u00f6r plats att tala, delta och p\u00e5verka<\/strong><\/p>\n\n\n\n<p>Att ge plats inneb\u00e4r ibland att du ger upp din egen makt eller m\u00f6jlighet att fatta beslut. Skapa tryggare rum f\u00f6r de barn och unga som du arbetar med. Varje grupp kan skapa sina regler f\u00f6r ett tryggare rum. Du kan l\u00e4sa mer allm\u00e4nt om begreppet tryggare rum h\u00e4r.<\/p>\n\n\n\n<p>Det l\u00f6nar sig ocks\u00e5 att l\u00e4sa texten Miten puhua ruskeudesta valkoisena vanhempana? (Hur tala om brunhet som vit f\u00f6r\u00e4lder?) p\u00e5 mediet Ruskeat Tyt\u00f6t (Bruna Flickor).<\/p>\n\n\n\n<p><em>I st\u00e4llet f\u00f6r att den vuxna s\u00e4ger, bry dig inte, borde hen s\u00e4ga, jag bryr mig.<\/em><\/p>\n\n\n\n<p>&nbsp;&nbsp;&nbsp;&nbsp;&nbsp;&nbsp;&nbsp;&nbsp; \u2013 Anna Rastas, 2007<\/p>\n\n\n\n<p><strong>K\u00e4llor:<\/strong><br><em>Adoptioperheet ry, Adoptoidun kokema rasismi, 2015<br>Grace Ondo, 2019<br>Anna Rastas, Rasismi lasten ja nuorten arjessa \u2013 Transnationaalit juuret ja monikulttuuristuva Suomi, 2007<br>Yhteiset Lapsemme, 2019<\/em><\/p>\n\n\n\n<p><strong>Kom ih\u00e5g vid ingripande i mobbning och rasism:<\/strong><\/p>\n\n\n\n<ul class=\"wp-block-list\"><li>Om det \u00e4r fr\u00e5gan om en situation mellan barn eller unga, l\u00f6nar det sig att involvera allas f\u00f6r\u00e4ldrar i att reda ut saken. Barnen tar n\u00e4mligen ofta modell just av sina f\u00f6r\u00e4ldrar i sitt beteende.<\/li><\/ul>\n\n\n\n<ul class=\"wp-block-list\"><li>Meddela alltid om rasism till den person som \u00e4r ansvarig vid en evenemangsplats: en l\u00e4rare, ledare eller tr\u00e4nare, s\u00e5 att hen f\u00e5r en m\u00f6jlighet att delta i att korrigera situationen. Om hen inte vill tillk\u00e4nnage eller ingripa i rasismen, kontakta chefen.<\/li><\/ul>\n\n\n\n<ul class=\"wp-block-list\"><li>St\u00e5 p\u00e5 dig och var saklig.<\/li><\/ul>\n\n\n\n<ul class=\"wp-block-list\"><li>Tala om saker med deras r\u00e4tta namn fr\u00e5n b\u00f6rjan och g\u00e5 inte med om n\u00e5gon f\u00f6rminskar det som skett.<\/li><\/ul>\n\n\n\n<ul class=\"wp-block-list\"><li>G\u00f6r en brottsanm\u00e4lan om situationen kr\u00e4ver det.<\/li><\/ul>\n\n\n\n<ul class=\"wp-block-list\"><li>Kom ih\u00e5g att \u00f6knamn och mobbning ocks\u00e5 kan vara \u00f6msesidigt.<\/li><\/ul>\n\n\n\n<ul class=\"wp-block-list\"><li>Dessutom: Medling fungerar i situationer d\u00e4r b\u00e5da parterna \u00e4r skyldiga, inte i situationer d\u00e4r den ena \u00e4r f\u00f6r\u00f6vare och den andra offer. D\u00e4rf\u00f6r kan till exempel KiVa Koulu-medling vara f\u00f6r\u00f6dmjukande f\u00f6r barnet om man upprepar erfarenheten som ger upphov till skam. Man kan inte \u201dbli sams\u201d om rasism, det \u00e4r n\u00e5got som ska f\u00f6rd\u00f6mas. Medling som g\u00e4ller n\u00e5gons etniska bakgrund \u00e4r inte r\u00e4tt mekanism att ingripa i rasism. Man m\u00e5ste st\u00e4lla upp tydliga gr\u00e4nser f\u00f6r rasism, inte medla.<\/li><\/ul>\n\n\n\n<p><strong>K\u00e4lla:<\/strong> <em>Adoptivfamiljer rf, Adoptoidun kokema rasismi, 2015<\/em><\/p>\n","protected":false},"excerpt":{"rendered":"Att st\u00f6da barn och unga som upplevt rasism Modig och hygglig tipslista Anta inte Var uppm\u00e4rksam p\u00e5 att du sj\u00e4lv inte g\u00f6r antaganden och generaliseringar utg\u00e5ende fr\u00e5n en individs hudf\u00e4rg, religion eller bakgrund. Var medveten Var medveten om dig sj\u00e4lv, dina f\u00f6rdomar och privilegier. Undvik passivitet n\u00e4r det g\u00e4ller rasism och var medveten om olika&#8230;<p> <a class=\"round-button\" href=\"https:\/\/www.yhteisetlapsemme.fi\/se\/var-modig-och-hygglig\/modig-och-hygglig-tips\/att-stoda-barn-och-unga-som-upplevt-rasism\/\">L\u00e4s mer<\/a><\/p>","protected":false},"author":2,"featured_media":0,"parent":799,"menu_order":1,"comment_status":"closed","ping_status":"closed","template":"page-sidebarleft.php","meta":{"_acf_changed":false,"footnotes":""},"class_list":["post-803","page","type-page","status-publish","hentry"],"acf":[],"yoast_head":"<!-- This site is optimized with the Yoast SEO plugin v25.8 - https:\/\/yoast.com\/wordpress\/plugins\/seo\/ -->\n<title>Att st\u00f6da barn och unga som upplevt rasism - V\u00e5ra Gemensamma Barn<\/title>\n<meta name=\"robots\" content=\"index, follow, max-snippet:-1, max-image-preview:large, max-video-preview:-1\" \/>\n<link rel=\"canonical\" href=\"https:\/\/www.yhteisetlapsemme.fi\/se\/var-modig-och-hygglig\/modig-och-hygglig-tips\/att-stoda-barn-och-unga-som-upplevt-rasism\/\" \/>\n<meta property=\"og:locale\" content=\"sv_SE\" \/>\n<meta property=\"og:type\" content=\"article\" \/>\n<meta property=\"og:title\" content=\"Att st\u00f6da barn och unga som upplevt rasism - V\u00e5ra Gemensamma Barn\" \/>\n<meta property=\"og:description\" content=\"Att st\u00f6da barn och unga som upplevt rasism Modig och hygglig tipslista Anta inte Var uppm\u00e4rksam p\u00e5 att du sj\u00e4lv inte g\u00f6r antaganden och generaliseringar utg\u00e5ende fr\u00e5n en individs hudf\u00e4rg, religion eller bakgrund. Var medveten Var medveten om dig sj\u00e4lv, dina f\u00f6rdomar och privilegier. Undvik passivitet n\u00e4r det g\u00e4ller rasism och var medveten om olika... L\u00e4s mer\" \/>\n<meta property=\"og:url\" content=\"https:\/\/www.yhteisetlapsemme.fi\/se\/var-modig-och-hygglig\/modig-och-hygglig-tips\/att-stoda-barn-och-unga-som-upplevt-rasism\/\" \/>\n<meta property=\"og:site_name\" content=\"V\u00e5ra Gemensamma Barn\" \/>\n<meta property=\"article:modified_time\" content=\"2020-10-02T11:43:44+00:00\" \/>\n<meta name=\"twitter:card\" content=\"summary_large_image\" \/>\n<meta name=\"twitter:label1\" content=\"Ber\u00e4knad l\u00e4stid\" \/>\n\t<meta name=\"twitter:data1\" content=\"5 minuter\" \/>\n<script type=\"application\/ld+json\" class=\"yoast-schema-graph\">{\"@context\":\"https:\/\/schema.org\",\"@graph\":[{\"@type\":\"WebPage\",\"@id\":\"https:\/\/www.yhteisetlapsemme.fi\/se\/var-modig-och-hygglig\/modig-och-hygglig-tips\/att-stoda-barn-och-unga-som-upplevt-rasism\/\",\"url\":\"https:\/\/www.yhteisetlapsemme.fi\/se\/var-modig-och-hygglig\/modig-och-hygglig-tips\/att-stoda-barn-och-unga-som-upplevt-rasism\/\",\"name\":\"Att st\u00f6da barn och unga som upplevt rasism - V\u00e5ra Gemensamma Barn\",\"isPartOf\":{\"@id\":\"https:\/\/www.yhteisetlapsemme.fi\/se\/#website\"},\"datePublished\":\"2020-10-02T11:15:23+00:00\",\"dateModified\":\"2020-10-02T11:43:44+00:00\",\"breadcrumb\":{\"@id\":\"https:\/\/www.yhteisetlapsemme.fi\/se\/var-modig-och-hygglig\/modig-och-hygglig-tips\/att-stoda-barn-och-unga-som-upplevt-rasism\/#breadcrumb\"},\"inLanguage\":\"sv-SE\",\"potentialAction\":[{\"@type\":\"ReadAction\",\"target\":[\"https:\/\/www.yhteisetlapsemme.fi\/se\/var-modig-och-hygglig\/modig-och-hygglig-tips\/att-stoda-barn-och-unga-som-upplevt-rasism\/\"]}]},{\"@type\":\"BreadcrumbList\",\"@id\":\"https:\/\/www.yhteisetlapsemme.fi\/se\/var-modig-och-hygglig\/modig-och-hygglig-tips\/att-stoda-barn-och-unga-som-upplevt-rasism\/#breadcrumb\",\"itemListElement\":[{\"@type\":\"ListItem\",\"position\":1,\"name\":\"Etusivu\",\"item\":\"https:\/\/www.yhteisetlapsemme.fi\/se\/\"},{\"@type\":\"ListItem\",\"position\":2,\"name\":\"Var modig och hygglig\",\"item\":\"https:\/\/www.yhteisetlapsemme.fi\/se\/var-modig-och-hygglig\/\"},{\"@type\":\"ListItem\",\"position\":3,\"name\":\"Modig och hygglig &#8211; tips\",\"item\":\"https:\/\/www.yhteisetlapsemme.fi\/se\/var-modig-och-hygglig\/modig-och-hygglig-tips\/\"},{\"@type\":\"ListItem\",\"position\":4,\"name\":\"Att st\u00f6da barn och unga som upplevt rasism\"}]},{\"@type\":\"WebSite\",\"@id\":\"https:\/\/www.yhteisetlapsemme.fi\/se\/#website\",\"url\":\"https:\/\/www.yhteisetlapsemme.fi\/se\/\",\"name\":\"V\u00e5ra Gemensamma Barn\",\"description\":\"Just another WordPress site\",\"potentialAction\":[{\"@type\":\"SearchAction\",\"target\":{\"@type\":\"EntryPoint\",\"urlTemplate\":\"https:\/\/www.yhteisetlapsemme.fi\/se\/?s={search_term_string}\"},\"query-input\":{\"@type\":\"PropertyValueSpecification\",\"valueRequired\":true,\"valueName\":\"search_term_string\"}}],\"inLanguage\":\"sv-SE\"}]}<\/script>\n<!-- \/ Yoast SEO plugin. -->","yoast_head_json":{"title":"Att st\u00f6da barn och unga som upplevt rasism - V\u00e5ra Gemensamma Barn","robots":{"index":"index","follow":"follow","max-snippet":"max-snippet:-1","max-image-preview":"max-image-preview:large","max-video-preview":"max-video-preview:-1"},"canonical":"https:\/\/www.yhteisetlapsemme.fi\/se\/var-modig-och-hygglig\/modig-och-hygglig-tips\/att-stoda-barn-och-unga-som-upplevt-rasism\/","og_locale":"sv_SE","og_type":"article","og_title":"Att st\u00f6da barn och unga som upplevt rasism - V\u00e5ra Gemensamma Barn","og_description":"Att st\u00f6da barn och unga som upplevt rasism Modig och hygglig tipslista Anta inte Var uppm\u00e4rksam p\u00e5 att du sj\u00e4lv inte g\u00f6r antaganden och generaliseringar utg\u00e5ende fr\u00e5n en individs hudf\u00e4rg, religion eller bakgrund. Var medveten Var medveten om dig sj\u00e4lv, dina f\u00f6rdomar och privilegier. Undvik passivitet n\u00e4r det g\u00e4ller rasism och var medveten om olika... L\u00e4s mer","og_url":"https:\/\/www.yhteisetlapsemme.fi\/se\/var-modig-och-hygglig\/modig-och-hygglig-tips\/att-stoda-barn-och-unga-som-upplevt-rasism\/","og_site_name":"V\u00e5ra Gemensamma Barn","article_modified_time":"2020-10-02T11:43:44+00:00","twitter_card":"summary_large_image","twitter_misc":{"Ber\u00e4knad l\u00e4stid":"5 minuter"},"schema":{"@context":"https:\/\/schema.org","@graph":[{"@type":"WebPage","@id":"https:\/\/www.yhteisetlapsemme.fi\/se\/var-modig-och-hygglig\/modig-och-hygglig-tips\/att-stoda-barn-och-unga-som-upplevt-rasism\/","url":"https:\/\/www.yhteisetlapsemme.fi\/se\/var-modig-och-hygglig\/modig-och-hygglig-tips\/att-stoda-barn-och-unga-som-upplevt-rasism\/","name":"Att st\u00f6da barn och unga som upplevt rasism - V\u00e5ra Gemensamma Barn","isPartOf":{"@id":"https:\/\/www.yhteisetlapsemme.fi\/se\/#website"},"datePublished":"2020-10-02T11:15:23+00:00","dateModified":"2020-10-02T11:43:44+00:00","breadcrumb":{"@id":"https:\/\/www.yhteisetlapsemme.fi\/se\/var-modig-och-hygglig\/modig-och-hygglig-tips\/att-stoda-barn-och-unga-som-upplevt-rasism\/#breadcrumb"},"inLanguage":"sv-SE","potentialAction":[{"@type":"ReadAction","target":["https:\/\/www.yhteisetlapsemme.fi\/se\/var-modig-och-hygglig\/modig-och-hygglig-tips\/att-stoda-barn-och-unga-som-upplevt-rasism\/"]}]},{"@type":"BreadcrumbList","@id":"https:\/\/www.yhteisetlapsemme.fi\/se\/var-modig-och-hygglig\/modig-och-hygglig-tips\/att-stoda-barn-och-unga-som-upplevt-rasism\/#breadcrumb","itemListElement":[{"@type":"ListItem","position":1,"name":"Etusivu","item":"https:\/\/www.yhteisetlapsemme.fi\/se\/"},{"@type":"ListItem","position":2,"name":"Var modig och hygglig","item":"https:\/\/www.yhteisetlapsemme.fi\/se\/var-modig-och-hygglig\/"},{"@type":"ListItem","position":3,"name":"Modig och hygglig &#8211; tips","item":"https:\/\/www.yhteisetlapsemme.fi\/se\/var-modig-och-hygglig\/modig-och-hygglig-tips\/"},{"@type":"ListItem","position":4,"name":"Att st\u00f6da barn och unga som upplevt rasism"}]},{"@type":"WebSite","@id":"https:\/\/www.yhteisetlapsemme.fi\/se\/#website","url":"https:\/\/www.yhteisetlapsemme.fi\/se\/","name":"V\u00e5ra Gemensamma Barn","description":"Just another WordPress site","potentialAction":[{"@type":"SearchAction","target":{"@type":"EntryPoint","urlTemplate":"https:\/\/www.yhteisetlapsemme.fi\/se\/?s={search_term_string}"},"query-input":{"@type":"PropertyValueSpecification","valueRequired":true,"valueName":"search_term_string"}}],"inLanguage":"sv-SE"}]}},"_links":{"self":[{"href":"https:\/\/www.yhteisetlapsemme.fi\/se\/wp-json\/wp\/v2\/pages\/803","targetHints":{"allow":["GET"]}}],"collection":[{"href":"https:\/\/www.yhteisetlapsemme.fi\/se\/wp-json\/wp\/v2\/pages"}],"about":[{"href":"https:\/\/www.yhteisetlapsemme.fi\/se\/wp-json\/wp\/v2\/types\/page"}],"author":[{"embeddable":true,"href":"https:\/\/www.yhteisetlapsemme.fi\/se\/wp-json\/wp\/v2\/users\/2"}],"replies":[{"embeddable":true,"href":"https:\/\/www.yhteisetlapsemme.fi\/se\/wp-json\/wp\/v2\/comments?post=803"}],"version-history":[{"count":3,"href":"https:\/\/www.yhteisetlapsemme.fi\/se\/wp-json\/wp\/v2\/pages\/803\/revisions"}],"predecessor-version":[{"id":811,"href":"https:\/\/www.yhteisetlapsemme.fi\/se\/wp-json\/wp\/v2\/pages\/803\/revisions\/811"}],"up":[{"embeddable":true,"href":"https:\/\/www.yhteisetlapsemme.fi\/se\/wp-json\/wp\/v2\/pages\/799"}],"wp:attachment":[{"href":"https:\/\/www.yhteisetlapsemme.fi\/se\/wp-json\/wp\/v2\/media?parent=803"}],"curies":[{"name":"wp","href":"https:\/\/api.w.org\/{rel}","templated":true}]}}