{"id":799,"date":"2020-10-02T10:53:46","date_gmt":"2020-10-02T10:53:46","guid":{"rendered":"https:\/\/www.yhteisetlapsemme.fi\/se\/?page_id=799"},"modified":"2024-10-25T12:23:36","modified_gmt":"2024-10-25T12:23:36","slug":"modig-och-hygglig-tips","status":"publish","type":"page","link":"https:\/\/www.yhteisetlapsemme.fi\/se\/var-modig-och-hygglig\/modig-och-hygglig-tips\/","title":{"rendered":"Modig och hygglig &#8211; tips"},"content":{"rendered":"\n<p>V\u00e5ra Gemensamma Barn rf jobbar mot rasism, diskriminering och hatretorik i det finska samh\u00e4llet. V\u00e5rt m\u00e5l \u00e4r s\u00e4rskilt att skydda barn och unga mot rasism och st\u00f6da barn och unga som blivit utsatta f\u00f6r rasism.<\/p>\n\n\n\n<p>Vi anser att man m\u00e5ste ingripa i rasistiskt beteende i sm\u00e5barnspedagogiken, i skolan och p\u00e5 fritiden. De vuxna har en skyldighet att ingripa. Strukturell rasism m\u00e5ste identifieras och motverkas p\u00e5 alla niv\u00e5er i samh\u00e4llet. Rasistiskt tal m\u00e5ste upph\u00f6ra i den offentliga diskussionen.<\/p>\n\n\n\n<p>I verksamheten Var modig och hygglig har vi tagit fram tips p\u00e5 hur man kan behandla rasism med barn och unga.<\/p>\n\n\n\n<p><a href=\"https:\/\/www.yhteisetlapsemme.fi\/se\/var-modig-och-hygglig\/modig-och-hygglig-tips\/att-stoda-barn-och-unga-som-upplevt-rasism\/\">Att st\u00f6da barn och unga som upplevt rasism<\/a> <\/p>\n\n\n\n<p><a href=\"https:\/\/www.yhteisetlapsemme.fi\/se\/var-modig-och-hygglig\/modig-och-hygglig-tips\/hur-ska-man-behandla-rasism-med-vithyade-barn\/\">Hur ska man behandla rasism med vithyade barn?<\/a> <\/p>\n\n\n\n<div class=\"wp-block-file\"><a id=\"wp-block-file--media-23adaccb-721a-4a12-81d0-b519dca91188\" href=\"https:\/\/www.yhteisetlapsemme.fi\/se\/wp-content\/uploads\/sites\/2\/2022\/04\/Att-tala-med-sma-barn-om-rasism-etnicitet-och-hudfarg-5.pdf\">Att tala med sm\u00e5 barn om rasism, etnicitet och hudf\u00e4rg<\/a><a href=\"https:\/\/www.yhteisetlapsemme.fi\/se\/wp-content\/uploads\/sites\/2\/2022\/04\/Att-tala-med-sma-barn-om-rasism-etnicitet-och-hudfarg-5.pdf\" class=\"wp-block-file__button\" download aria-describedby=\"wp-block-file--media-23adaccb-721a-4a12-81d0-b519dca91188\">Ladda ner<\/a><\/div>\n","protected":false},"excerpt":{"rendered":"V\u00e5ra Gemensamma Barn rf jobbar mot rasism, diskriminering och hatretorik i det finska samh\u00e4llet. V\u00e5rt m\u00e5l \u00e4r s\u00e4rskilt att skydda barn och unga mot rasism och st\u00f6da barn och unga som blivit utsatta f\u00f6r rasism. Vi anser att man m\u00e5ste ingripa i rasistiskt beteende i sm\u00e5barnspedagogiken, i skolan och p\u00e5 fritiden. De vuxna har en&#8230;<p> <a class=\"round-button\" href=\"https:\/\/www.yhteisetlapsemme.fi\/se\/var-modig-och-hygglig\/modig-och-hygglig-tips\/\">L\u00e4s mer<\/a><\/p>","protected":false},"author":2,"featured_media":802,"parent":52,"menu_order":3,"comment_status":"closed","ping_status":"closed","template":"page-sidebarleft.php","meta":{"_acf_changed":false,"footnotes":""},"class_list":["post-799","page","type-page","status-publish","has-post-thumbnail","hentry"],"acf":[],"yoast_head":"<!-- This site is optimized with the Yoast SEO plugin v25.8 - https:\/\/yoast.com\/wordpress\/plugins\/seo\/ -->\n<title>Modig och hygglig - tips - V\u00e5ra Gemensamma Barn<\/title>\n<meta name=\"robots\" content=\"index, follow, max-snippet:-1, max-image-preview:large, max-video-preview:-1\" \/>\n<link rel=\"canonical\" href=\"https:\/\/www.yhteisetlapsemme.fi\/se\/var-modig-och-hygglig\/modig-och-hygglig-tips\/\" \/>\n<meta property=\"og:locale\" content=\"sv_SE\" \/>\n<meta property=\"og:type\" content=\"article\" \/>\n<meta property=\"og:title\" content=\"Modig och hygglig - tips - V\u00e5ra Gemensamma Barn\" \/>\n<meta property=\"og:description\" content=\"V\u00e5ra Gemensamma Barn rf jobbar mot rasism, diskriminering och hatretorik i det finska samh\u00e4llet. V\u00e5rt m\u00e5l \u00e4r s\u00e4rskilt att skydda barn och unga mot rasism och st\u00f6da barn och unga som blivit utsatta f\u00f6r rasism. Vi anser att man m\u00e5ste ingripa i rasistiskt beteende i sm\u00e5barnspedagogiken, i skolan och p\u00e5 fritiden. De vuxna har en... L\u00e4s mer\" \/>\n<meta property=\"og:url\" content=\"https:\/\/www.yhteisetlapsemme.fi\/se\/var-modig-och-hygglig\/modig-och-hygglig-tips\/\" \/>\n<meta property=\"og:site_name\" content=\"V\u00e5ra Gemensamma Barn\" \/>\n<meta property=\"article:modified_time\" content=\"2024-10-25T12:23:36+00:00\" \/>\n<meta property=\"og:image\" content=\"https:\/\/www.yhteisetlapsemme.fi\/se\/wp-content\/uploads\/sites\/2\/2020\/10\/Artikkelikuva-artikkelikuva.jpg\" \/>\n\t<meta property=\"og:image:width\" content=\"1200\" \/>\n\t<meta property=\"og:image:height\" content=\"450\" \/>\n\t<meta property=\"og:image:type\" content=\"image\/jpeg\" \/>\n<meta name=\"twitter:card\" content=\"summary_large_image\" \/>\n<meta name=\"twitter:label1\" content=\"Ber\u00e4knad l\u00e4stid\" \/>\n\t<meta name=\"twitter:data1\" content=\"1 minut\" \/>\n<script type=\"application\/ld+json\" class=\"yoast-schema-graph\">{\"@context\":\"https:\/\/schema.org\",\"@graph\":[{\"@type\":\"WebPage\",\"@id\":\"https:\/\/www.yhteisetlapsemme.fi\/se\/var-modig-och-hygglig\/modig-och-hygglig-tips\/\",\"url\":\"https:\/\/www.yhteisetlapsemme.fi\/se\/var-modig-och-hygglig\/modig-och-hygglig-tips\/\",\"name\":\"Modig och hygglig - tips - V\u00e5ra Gemensamma Barn\",\"isPartOf\":{\"@id\":\"https:\/\/www.yhteisetlapsemme.fi\/se\/#website\"},\"primaryImageOfPage\":{\"@id\":\"https:\/\/www.yhteisetlapsemme.fi\/se\/var-modig-och-hygglig\/modig-och-hygglig-tips\/#primaryimage\"},\"image\":{\"@id\":\"https:\/\/www.yhteisetlapsemme.fi\/se\/var-modig-och-hygglig\/modig-och-hygglig-tips\/#primaryimage\"},\"thumbnailUrl\":\"https:\/\/www.yhteisetlapsemme.fi\/se\/wp-content\/uploads\/sites\/2\/2020\/10\/Artikkelikuva-artikkelikuva.jpg\",\"datePublished\":\"2020-10-02T10:53:46+00:00\",\"dateModified\":\"2024-10-25T12:23:36+00:00\",\"breadcrumb\":{\"@id\":\"https:\/\/www.yhteisetlapsemme.fi\/se\/var-modig-och-hygglig\/modig-och-hygglig-tips\/#breadcrumb\"},\"inLanguage\":\"sv-SE\",\"potentialAction\":[{\"@type\":\"ReadAction\",\"target\":[\"https:\/\/www.yhteisetlapsemme.fi\/se\/var-modig-och-hygglig\/modig-och-hygglig-tips\/\"]}]},{\"@type\":\"ImageObject\",\"inLanguage\":\"sv-SE\",\"@id\":\"https:\/\/www.yhteisetlapsemme.fi\/se\/var-modig-och-hygglig\/modig-och-hygglig-tips\/#primaryimage\",\"url\":\"https:\/\/www.yhteisetlapsemme.fi\/se\/wp-content\/uploads\/sites\/2\/2020\/10\/Artikkelikuva-artikkelikuva.jpg\",\"contentUrl\":\"https:\/\/www.yhteisetlapsemme.fi\/se\/wp-content\/uploads\/sites\/2\/2020\/10\/Artikkelikuva-artikkelikuva.jpg\",\"width\":1200,\"height\":450},{\"@type\":\"BreadcrumbList\",\"@id\":\"https:\/\/www.yhteisetlapsemme.fi\/se\/var-modig-och-hygglig\/modig-och-hygglig-tips\/#breadcrumb\",\"itemListElement\":[{\"@type\":\"ListItem\",\"position\":1,\"name\":\"Etusivu\",\"item\":\"https:\/\/www.yhteisetlapsemme.fi\/se\/\"},{\"@type\":\"ListItem\",\"position\":2,\"name\":\"Var modig och hygglig\",\"item\":\"https:\/\/www.yhteisetlapsemme.fi\/se\/var-modig-och-hygglig\/\"},{\"@type\":\"ListItem\",\"position\":3,\"name\":\"Modig och hygglig &#8211; tips\"}]},{\"@type\":\"WebSite\",\"@id\":\"https:\/\/www.yhteisetlapsemme.fi\/se\/#website\",\"url\":\"https:\/\/www.yhteisetlapsemme.fi\/se\/\",\"name\":\"V\u00e5ra Gemensamma Barn\",\"description\":\"Just another WordPress site\",\"potentialAction\":[{\"@type\":\"SearchAction\",\"target\":{\"@type\":\"EntryPoint\",\"urlTemplate\":\"https:\/\/www.yhteisetlapsemme.fi\/se\/?s={search_term_string}\"},\"query-input\":{\"@type\":\"PropertyValueSpecification\",\"valueRequired\":true,\"valueName\":\"search_term_string\"}}],\"inLanguage\":\"sv-SE\"}]}<\/script>\n<!-- \/ Yoast SEO plugin. -->","yoast_head_json":{"title":"Modig och hygglig - tips - V\u00e5ra Gemensamma Barn","robots":{"index":"index","follow":"follow","max-snippet":"max-snippet:-1","max-image-preview":"max-image-preview:large","max-video-preview":"max-video-preview:-1"},"canonical":"https:\/\/www.yhteisetlapsemme.fi\/se\/var-modig-och-hygglig\/modig-och-hygglig-tips\/","og_locale":"sv_SE","og_type":"article","og_title":"Modig och hygglig - tips - V\u00e5ra Gemensamma Barn","og_description":"V\u00e5ra Gemensamma Barn rf jobbar mot rasism, diskriminering och hatretorik i det finska samh\u00e4llet. V\u00e5rt m\u00e5l \u00e4r s\u00e4rskilt att skydda barn och unga mot rasism och st\u00f6da barn och unga som blivit utsatta f\u00f6r rasism. Vi anser att man m\u00e5ste ingripa i rasistiskt beteende i sm\u00e5barnspedagogiken, i skolan och p\u00e5 fritiden. De vuxna har en... L\u00e4s mer","og_url":"https:\/\/www.yhteisetlapsemme.fi\/se\/var-modig-och-hygglig\/modig-och-hygglig-tips\/","og_site_name":"V\u00e5ra Gemensamma Barn","article_modified_time":"2024-10-25T12:23:36+00:00","og_image":[{"width":1200,"height":450,"url":"https:\/\/www.yhteisetlapsemme.fi\/se\/wp-content\/uploads\/sites\/2\/2020\/10\/Artikkelikuva-artikkelikuva.jpg","type":"image\/jpeg"}],"twitter_card":"summary_large_image","twitter_misc":{"Ber\u00e4knad l\u00e4stid":"1 minut"},"schema":{"@context":"https:\/\/schema.org","@graph":[{"@type":"WebPage","@id":"https:\/\/www.yhteisetlapsemme.fi\/se\/var-modig-och-hygglig\/modig-och-hygglig-tips\/","url":"https:\/\/www.yhteisetlapsemme.fi\/se\/var-modig-och-hygglig\/modig-och-hygglig-tips\/","name":"Modig och hygglig - tips - V\u00e5ra Gemensamma Barn","isPartOf":{"@id":"https:\/\/www.yhteisetlapsemme.fi\/se\/#website"},"primaryImageOfPage":{"@id":"https:\/\/www.yhteisetlapsemme.fi\/se\/var-modig-och-hygglig\/modig-och-hygglig-tips\/#primaryimage"},"image":{"@id":"https:\/\/www.yhteisetlapsemme.fi\/se\/var-modig-och-hygglig\/modig-och-hygglig-tips\/#primaryimage"},"thumbnailUrl":"https:\/\/www.yhteisetlapsemme.fi\/se\/wp-content\/uploads\/sites\/2\/2020\/10\/Artikkelikuva-artikkelikuva.jpg","datePublished":"2020-10-02T10:53:46+00:00","dateModified":"2024-10-25T12:23:36+00:00","breadcrumb":{"@id":"https:\/\/www.yhteisetlapsemme.fi\/se\/var-modig-och-hygglig\/modig-och-hygglig-tips\/#breadcrumb"},"inLanguage":"sv-SE","potentialAction":[{"@type":"ReadAction","target":["https:\/\/www.yhteisetlapsemme.fi\/se\/var-modig-och-hygglig\/modig-och-hygglig-tips\/"]}]},{"@type":"ImageObject","inLanguage":"sv-SE","@id":"https:\/\/www.yhteisetlapsemme.fi\/se\/var-modig-och-hygglig\/modig-och-hygglig-tips\/#primaryimage","url":"https:\/\/www.yhteisetlapsemme.fi\/se\/wp-content\/uploads\/sites\/2\/2020\/10\/Artikkelikuva-artikkelikuva.jpg","contentUrl":"https:\/\/www.yhteisetlapsemme.fi\/se\/wp-content\/uploads\/sites\/2\/2020\/10\/Artikkelikuva-artikkelikuva.jpg","width":1200,"height":450},{"@type":"BreadcrumbList","@id":"https:\/\/www.yhteisetlapsemme.fi\/se\/var-modig-och-hygglig\/modig-och-hygglig-tips\/#breadcrumb","itemListElement":[{"@type":"ListItem","position":1,"name":"Etusivu","item":"https:\/\/www.yhteisetlapsemme.fi\/se\/"},{"@type":"ListItem","position":2,"name":"Var modig och hygglig","item":"https:\/\/www.yhteisetlapsemme.fi\/se\/var-modig-och-hygglig\/"},{"@type":"ListItem","position":3,"name":"Modig och hygglig &#8211; tips"}]},{"@type":"WebSite","@id":"https:\/\/www.yhteisetlapsemme.fi\/se\/#website","url":"https:\/\/www.yhteisetlapsemme.fi\/se\/","name":"V\u00e5ra Gemensamma Barn","description":"Just another WordPress site","potentialAction":[{"@type":"SearchAction","target":{"@type":"EntryPoint","urlTemplate":"https:\/\/www.yhteisetlapsemme.fi\/se\/?s={search_term_string}"},"query-input":{"@type":"PropertyValueSpecification","valueRequired":true,"valueName":"search_term_string"}}],"inLanguage":"sv-SE"}]}},"_links":{"self":[{"href":"https:\/\/www.yhteisetlapsemme.fi\/se\/wp-json\/wp\/v2\/pages\/799","targetHints":{"allow":["GET"]}}],"collection":[{"href":"https:\/\/www.yhteisetlapsemme.fi\/se\/wp-json\/wp\/v2\/pages"}],"about":[{"href":"https:\/\/www.yhteisetlapsemme.fi\/se\/wp-json\/wp\/v2\/types\/page"}],"author":[{"embeddable":true,"href":"https:\/\/www.yhteisetlapsemme.fi\/se\/wp-json\/wp\/v2\/users\/2"}],"replies":[{"embeddable":true,"href":"https:\/\/www.yhteisetlapsemme.fi\/se\/wp-json\/wp\/v2\/comments?post=799"}],"version-history":[{"count":10,"href":"https:\/\/www.yhteisetlapsemme.fi\/se\/wp-json\/wp\/v2\/pages\/799\/revisions"}],"predecessor-version":[{"id":881,"href":"https:\/\/www.yhteisetlapsemme.fi\/se\/wp-json\/wp\/v2\/pages\/799\/revisions\/881"}],"up":[{"embeddable":true,"href":"https:\/\/www.yhteisetlapsemme.fi\/se\/wp-json\/wp\/v2\/pages\/52"}],"wp:featuredmedia":[{"embeddable":true,"href":"https:\/\/www.yhteisetlapsemme.fi\/se\/wp-json\/wp\/v2\/media\/802"}],"wp:attachment":[{"href":"https:\/\/www.yhteisetlapsemme.fi\/se\/wp-json\/wp\/v2\/media?parent=799"}],"curies":[{"name":"wp","href":"https:\/\/api.w.org\/{rel}","templated":true}]}}