{"id":66,"date":"2017-03-29T09:18:04","date_gmt":"2017-03-29T09:18:04","guid":{"rendered":"http:\/\/localhost:8888\/yhteisetlapsemme\/?page_id=66"},"modified":"2025-11-11T11:18:23","modified_gmt":"2025-11-11T11:18:23","slug":"bli-medlem","status":"publish","type":"page","link":"https:\/\/www.yhteisetlapsemme.fi\/se\/kom-med\/bli-medlem\/","title":{"rendered":"Bli medlem"},"content":{"rendered":"<h1>Bli medlem<\/h1>\n<p>Medlemskap i V\u00e5ra Gemensamma Barn rf \u00e4r ett st\u00e4llningstagande f\u00f6r m\u00e5ngkulturella barns v\u00e4lm\u00e5ende och f\u00f6r ett flerv\u00e4rdigt Finland. Vi arbetar f\u00f6r att fr\u00e4mja en h\u00e4nsynsfull inst\u00e4llning, emot rasism.<\/p>\n<p>V\u00e5rt m\u00e5l \u00e4r ett samh\u00e4lle var alla barn &#8211; oberoende av hudf\u00e4rg, spr\u00e5k, kultur eller religion &#8211; har ett bra liv. Kom med och bidra till att detta m\u00e5l uppn\u00e5s genom att bli v\u00e5r medlem.<\/p>\n<p><strong>Medlemsavgift \u00e5r 2025<\/strong><\/p>\n<ul>\n<li>Individuellt medlemskap 25 euro<\/li>\n<li>Familjemedlemskap 35 euro<\/li>\n<li>Samfundmedlemskap 300 euro<\/li>\n<\/ul>\n<p><strong>Som medlem i f\u00f6reningen<\/strong><\/p>\n<ul>\n<li>F\u00e5r du information om verksamheten<\/li>\n<li>Kan du delta i verksamheten<\/li>\n<li>Fyra g\u00e5nger per \u00e5r f\u00e5r du Yhteiset Lapsemme \u2013 tidningen hem per post<\/li>\n<\/ul>\n\n<div class=\"wpcf7 no-js\" id=\"wpcf7-f718-o1\" lang=\"fi\" dir=\"ltr\" data-wpcf7-id=\"718\">\n<div class=\"screen-reader-response\"><p role=\"status\" aria-live=\"polite\" aria-atomic=\"true\"><\/p> <ul><\/ul><\/div>\n<form action=\"\/se\/wp-json\/wp\/v2\/pages\/66#wpcf7-f718-o1\" method=\"post\" class=\"wpcf7-form init\" aria-label=\"Yhteydenottolomake\" novalidate=\"novalidate\" data-status=\"init\">\n<fieldset class=\"hidden-fields-container\"><input type=\"hidden\" name=\"_wpcf7\" value=\"718\" \/><input type=\"hidden\" name=\"_wpcf7_version\" value=\"6.1.5\" \/><input type=\"hidden\" name=\"_wpcf7_locale\" value=\"fi\" \/><input type=\"hidden\" name=\"_wpcf7_unit_tag\" value=\"wpcf7-f718-o1\" \/><input type=\"hidden\" name=\"_wpcf7_container_post\" value=\"0\" \/><input type=\"hidden\" name=\"_wpcf7_posted_data_hash\" value=\"\" \/>\n<\/fieldset>\n<h3> Bli medlem\n<\/h3>\n<p> Jag\/ vi vill bli medlem i V\u00e5ra Gemensamma Barn rf\n<\/p>\n<p><span class=\"wpcf7-form-control-wrap\" data-name=\"radio-368\"><span class=\"wpcf7-form-control wpcf7-radio\"><span class=\"wpcf7-list-item first\"><label><input type=\"radio\" name=\"radio-368\" value=\"Individuellt medlemskap 25\u20ac\" checked=\"checked\" \/><span class=\"wpcf7-list-item-label\">Individuellt medlemskap 25\u20ac<\/span><\/label><\/span><span class=\"wpcf7-list-item\"><label><input type=\"radio\" name=\"radio-368\" value=\"Familjemedlemskap 35\u20ac\" \/><span class=\"wpcf7-list-item-label\">Familjemedlemskap 35\u20ac<\/span><\/label><\/span><span class=\"wpcf7-list-item last\"><label><input type=\"radio\" name=\"radio-368\" value=\"Samfundmedlemskap 300\u20ac\" \/><span class=\"wpcf7-list-item-label\">Samfundmedlemskap 300\u20ac<\/span><\/label><\/span><\/span><\/span>\n<\/p>\n<p><label> Medlemmens namn*<br \/>\n<span class=\"wpcf7-form-control-wrap\" data-name=\"nimi\"><input size=\"40\" maxlength=\"400\" class=\"wpcf7-form-control wpcf7-text wpcf7-validates-as-required\" aria-required=\"true\" aria-invalid=\"false\" value=\"\" type=\"text\" name=\"nimi\" \/><\/span> <\/label>\n<\/p>\n<p><label> F\u00f6delsetid*<br \/>\n<span class=\"wpcf7-form-control-wrap\" data-name=\"syntymaaika\"><input size=\"40\" maxlength=\"400\" class=\"wpcf7-form-control wpcf7-text wpcf7-validates-as-required\" aria-required=\"true\" aria-invalid=\"false\" value=\"\" type=\"text\" name=\"syntymaaika\" \/><\/span> <\/label>\n<\/p>\n<p><label> Yrke<br \/>\n<span class=\"wpcf7-form-control-wrap\" data-name=\"ammatti\"><input size=\"40\" maxlength=\"400\" class=\"wpcf7-form-control wpcf7-text\" aria-invalid=\"false\" value=\"\" type=\"text\" name=\"ammatti\" \/><\/span> <\/label>\n<\/p>\n<p><label> E-post*<br \/>\n<span class=\"wpcf7-form-control-wrap\" data-name=\"sposti\"><input size=\"40\" maxlength=\"400\" class=\"wpcf7-form-control wpcf7-email wpcf7-validates-as-required wpcf7-text wpcf7-validates-as-email\" aria-required=\"true\" aria-invalid=\"false\" value=\"\" type=\"email\" name=\"sposti\" \/><\/span> <\/label>\n<\/p>\n<p><label> Telefonnummer<br \/>\n<span class=\"wpcf7-form-control-wrap\" data-name=\"puhelinnumero\"><input size=\"40\" maxlength=\"400\" class=\"wpcf7-form-control wpcf7-tel wpcf7-text wpcf7-validates-as-tel\" aria-invalid=\"false\" value=\"\" type=\"tel\" name=\"puhelinnumero\" \/><\/span> <\/label>\n<\/p>\n<p><label> Adress*<br \/>\n<span class=\"wpcf7-form-control-wrap\" data-name=\"osoite\"><input size=\"40\" maxlength=\"400\" class=\"wpcf7-form-control wpcf7-text wpcf7-validates-as-required\" aria-required=\"true\" aria-invalid=\"false\" value=\"\" type=\"text\" name=\"osoite\" \/><\/span> <\/label>\n<\/p>\n<p><label> Ort*<br \/>\n<span class=\"wpcf7-form-control-wrap\" data-name=\"postitoimipaikka\"><input size=\"40\" maxlength=\"400\" class=\"wpcf7-form-control wpcf7-text wpcf7-validates-as-required\" aria-required=\"true\" aria-invalid=\"false\" value=\"\" type=\"text\" name=\"postitoimipaikka\" \/><\/span> <\/label>\n<\/p>\n<p><label> Postnummer*<br \/>\n<span class=\"wpcf7-form-control-wrap\" data-name=\"postinumero\"><input size=\"40\" maxlength=\"400\" class=\"wpcf7-form-control wpcf7-text wpcf7-validates-as-required\" aria-required=\"true\" aria-invalid=\"false\" value=\"\" type=\"text\" name=\"postinumero\" \/><\/span> <\/label>\n<\/p>\n<h4> Familjemedlemmar\n<\/h4>\n<p><label> Familjemedlemmens namn (ex. make\/maka)<br \/>\n<span class=\"wpcf7-form-control-wrap\" data-name=\"perheenjasen\"><input size=\"40\" maxlength=\"400\" class=\"wpcf7-form-control wpcf7-text\" aria-invalid=\"false\" value=\"\" type=\"text\" name=\"perheenjasen\" \/><\/span> <\/label>\n<\/p>\n<p><label> Andra familjemedlemmar<br \/>\n<span class=\"wpcf7-form-control-wrap\" data-name=\"muutperheenjasenet\"><input size=\"40\" maxlength=\"400\" class=\"wpcf7-form-control wpcf7-text\" aria-invalid=\"false\" value=\"\" type=\"text\" name=\"muutperheenjasenet\" \/><\/span> <\/label>\n<\/p>\n<p><input class=\"wpcf7-form-control wpcf7-submit has-spinner\" type=\"submit\" value=\"Bli medlem\" \/>\n<\/p><p style=\"display: none !important;\" class=\"akismet-fields-container\" data-prefix=\"_wpcf7_ak_\"><label>&#916;<textarea name=\"_wpcf7_ak_hp_textarea\" cols=\"45\" rows=\"8\" maxlength=\"100\"><\/textarea><\/label><input type=\"hidden\" id=\"ak_js_1\" name=\"_wpcf7_ak_js\" value=\"44\"\/><script>document.getElementById( \"ak_js_1\" ).setAttribute( \"value\", ( new Date() ).getTime() );<\/script><\/p><div class=\"wpcf7-response-output\" aria-hidden=\"true\"><\/div>\n<\/form>\n<\/div>\n\n","protected":false},"excerpt":{"rendered":"Bli medlem Medlemskap i V\u00e5ra Gemensamma Barn rf \u00e4r ett st\u00e4llningstagande f\u00f6r m\u00e5ngkulturella barns v\u00e4lm\u00e5ende och f\u00f6r ett flerv\u00e4rdigt Finland. Vi arbetar f\u00f6r att fr\u00e4mja en h\u00e4nsynsfull inst\u00e4llning, emot rasism. V\u00e5rt m\u00e5l \u00e4r ett samh\u00e4lle var alla barn &#8211; oberoende av hudf\u00e4rg, spr\u00e5k, kultur eller religion &#8211; har ett bra liv. Kom med och bidra&#8230;<p> <a class=\"round-button\" href=\"https:\/\/www.yhteisetlapsemme.fi\/se\/kom-med\/bli-medlem\/\">L\u00e4s mer<\/a><\/p>","protected":false},"author":1,"featured_media":0,"parent":62,"menu_order":2,"comment_status":"closed","ping_status":"closed","template":"page-sidebarleft.php","meta":{"_acf_changed":false,"footnotes":""},"class_list":["post-66","page","type-page","status-publish","hentry"],"acf":[],"yoast_head":"<!-- This site is optimized with the Yoast SEO plugin v25.8 - https:\/\/yoast.com\/wordpress\/plugins\/seo\/ -->\n<title>Bli medlem - V\u00e5ra Gemensamma Barn<\/title>\n<meta name=\"robots\" content=\"index, follow, max-snippet:-1, max-image-preview:large, max-video-preview:-1\" \/>\n<link rel=\"canonical\" href=\"https:\/\/www.yhteisetlapsemme.fi\/se\/kom-med\/bli-medlem\/\" \/>\n<meta property=\"og:locale\" content=\"sv_SE\" \/>\n<meta property=\"og:type\" content=\"article\" \/>\n<meta property=\"og:title\" content=\"Bli medlem - V\u00e5ra Gemensamma Barn\" \/>\n<meta property=\"og:description\" content=\"Bli medlem Medlemskap i V\u00e5ra Gemensamma Barn rf \u00e4r ett st\u00e4llningstagande f\u00f6r m\u00e5ngkulturella barns v\u00e4lm\u00e5ende och f\u00f6r ett flerv\u00e4rdigt Finland. Vi arbetar f\u00f6r att fr\u00e4mja en h\u00e4nsynsfull inst\u00e4llning, emot rasism. V\u00e5rt m\u00e5l \u00e4r ett samh\u00e4lle var alla barn &#8211; oberoende av hudf\u00e4rg, spr\u00e5k, kultur eller religion &#8211; har ett bra liv. Kom med och bidra... L\u00e4s mer\" \/>\n<meta property=\"og:url\" content=\"https:\/\/www.yhteisetlapsemme.fi\/se\/kom-med\/bli-medlem\/\" \/>\n<meta property=\"og:site_name\" content=\"V\u00e5ra Gemensamma Barn\" \/>\n<meta property=\"article:modified_time\" content=\"2025-11-11T11:18:23+00:00\" \/>\n<meta name=\"twitter:card\" content=\"summary_large_image\" \/>\n<meta name=\"twitter:label1\" content=\"Ber\u00e4knad l\u00e4stid\" \/>\n\t<meta name=\"twitter:data1\" content=\"1 minut\" \/>\n<script type=\"application\/ld+json\" class=\"yoast-schema-graph\">{\"@context\":\"https:\/\/schema.org\",\"@graph\":[{\"@type\":\"WebPage\",\"@id\":\"https:\/\/www.yhteisetlapsemme.fi\/se\/kom-med\/bli-medlem\/\",\"url\":\"https:\/\/www.yhteisetlapsemme.fi\/se\/kom-med\/bli-medlem\/\",\"name\":\"Bli medlem - V\u00e5ra Gemensamma Barn\",\"isPartOf\":{\"@id\":\"https:\/\/www.yhteisetlapsemme.fi\/se\/#website\"},\"datePublished\":\"2017-03-29T09:18:04+00:00\",\"dateModified\":\"2025-11-11T11:18:23+00:00\",\"breadcrumb\":{\"@id\":\"https:\/\/www.yhteisetlapsemme.fi\/se\/kom-med\/bli-medlem\/#breadcrumb\"},\"inLanguage\":\"sv-SE\",\"potentialAction\":[{\"@type\":\"ReadAction\",\"target\":[\"https:\/\/www.yhteisetlapsemme.fi\/se\/kom-med\/bli-medlem\/\"]}]},{\"@type\":\"BreadcrumbList\",\"@id\":\"https:\/\/www.yhteisetlapsemme.fi\/se\/kom-med\/bli-medlem\/#breadcrumb\",\"itemListElement\":[{\"@type\":\"ListItem\",\"position\":1,\"name\":\"Etusivu\",\"item\":\"https:\/\/www.yhteisetlapsemme.fi\/se\/\"},{\"@type\":\"ListItem\",\"position\":2,\"name\":\"Kom med\",\"item\":\"https:\/\/www.yhteisetlapsemme.fi\/se\/kom-med\/\"},{\"@type\":\"ListItem\",\"position\":3,\"name\":\"Bli medlem\"}]},{\"@type\":\"WebSite\",\"@id\":\"https:\/\/www.yhteisetlapsemme.fi\/se\/#website\",\"url\":\"https:\/\/www.yhteisetlapsemme.fi\/se\/\",\"name\":\"V\u00e5ra Gemensamma Barn\",\"description\":\"Just another WordPress site\",\"potentialAction\":[{\"@type\":\"SearchAction\",\"target\":{\"@type\":\"EntryPoint\",\"urlTemplate\":\"https:\/\/www.yhteisetlapsemme.fi\/se\/?s={search_term_string}\"},\"query-input\":{\"@type\":\"PropertyValueSpecification\",\"valueRequired\":true,\"valueName\":\"search_term_string\"}}],\"inLanguage\":\"sv-SE\"}]}<\/script>\n<!-- \/ Yoast SEO plugin. -->","yoast_head_json":{"title":"Bli medlem - V\u00e5ra Gemensamma Barn","robots":{"index":"index","follow":"follow","max-snippet":"max-snippet:-1","max-image-preview":"max-image-preview:large","max-video-preview":"max-video-preview:-1"},"canonical":"https:\/\/www.yhteisetlapsemme.fi\/se\/kom-med\/bli-medlem\/","og_locale":"sv_SE","og_type":"article","og_title":"Bli medlem - V\u00e5ra Gemensamma Barn","og_description":"Bli medlem Medlemskap i V\u00e5ra Gemensamma Barn rf \u00e4r ett st\u00e4llningstagande f\u00f6r m\u00e5ngkulturella barns v\u00e4lm\u00e5ende och f\u00f6r ett flerv\u00e4rdigt Finland. Vi arbetar f\u00f6r att fr\u00e4mja en h\u00e4nsynsfull inst\u00e4llning, emot rasism. V\u00e5rt m\u00e5l \u00e4r ett samh\u00e4lle var alla barn &#8211; oberoende av hudf\u00e4rg, spr\u00e5k, kultur eller religion &#8211; har ett bra liv. Kom med och bidra... L\u00e4s mer","og_url":"https:\/\/www.yhteisetlapsemme.fi\/se\/kom-med\/bli-medlem\/","og_site_name":"V\u00e5ra Gemensamma Barn","article_modified_time":"2025-11-11T11:18:23+00:00","twitter_card":"summary_large_image","twitter_misc":{"Ber\u00e4knad l\u00e4stid":"1 minut"},"schema":{"@context":"https:\/\/schema.org","@graph":[{"@type":"WebPage","@id":"https:\/\/www.yhteisetlapsemme.fi\/se\/kom-med\/bli-medlem\/","url":"https:\/\/www.yhteisetlapsemme.fi\/se\/kom-med\/bli-medlem\/","name":"Bli medlem - V\u00e5ra Gemensamma Barn","isPartOf":{"@id":"https:\/\/www.yhteisetlapsemme.fi\/se\/#website"},"datePublished":"2017-03-29T09:18:04+00:00","dateModified":"2025-11-11T11:18:23+00:00","breadcrumb":{"@id":"https:\/\/www.yhteisetlapsemme.fi\/se\/kom-med\/bli-medlem\/#breadcrumb"},"inLanguage":"sv-SE","potentialAction":[{"@type":"ReadAction","target":["https:\/\/www.yhteisetlapsemme.fi\/se\/kom-med\/bli-medlem\/"]}]},{"@type":"BreadcrumbList","@id":"https:\/\/www.yhteisetlapsemme.fi\/se\/kom-med\/bli-medlem\/#breadcrumb","itemListElement":[{"@type":"ListItem","position":1,"name":"Etusivu","item":"https:\/\/www.yhteisetlapsemme.fi\/se\/"},{"@type":"ListItem","position":2,"name":"Kom med","item":"https:\/\/www.yhteisetlapsemme.fi\/se\/kom-med\/"},{"@type":"ListItem","position":3,"name":"Bli medlem"}]},{"@type":"WebSite","@id":"https:\/\/www.yhteisetlapsemme.fi\/se\/#website","url":"https:\/\/www.yhteisetlapsemme.fi\/se\/","name":"V\u00e5ra Gemensamma Barn","description":"Just another WordPress site","potentialAction":[{"@type":"SearchAction","target":{"@type":"EntryPoint","urlTemplate":"https:\/\/www.yhteisetlapsemme.fi\/se\/?s={search_term_string}"},"query-input":{"@type":"PropertyValueSpecification","valueRequired":true,"valueName":"search_term_string"}}],"inLanguage":"sv-SE"}]}},"_links":{"self":[{"href":"https:\/\/www.yhteisetlapsemme.fi\/se\/wp-json\/wp\/v2\/pages\/66","targetHints":{"allow":["GET"]}}],"collection":[{"href":"https:\/\/www.yhteisetlapsemme.fi\/se\/wp-json\/wp\/v2\/pages"}],"about":[{"href":"https:\/\/www.yhteisetlapsemme.fi\/se\/wp-json\/wp\/v2\/types\/page"}],"author":[{"embeddable":true,"href":"https:\/\/www.yhteisetlapsemme.fi\/se\/wp-json\/wp\/v2\/users\/1"}],"replies":[{"embeddable":true,"href":"https:\/\/www.yhteisetlapsemme.fi\/se\/wp-json\/wp\/v2\/comments?post=66"}],"version-history":[{"count":10,"href":"https:\/\/www.yhteisetlapsemme.fi\/se\/wp-json\/wp\/v2\/pages\/66\/revisions"}],"predecessor-version":[{"id":949,"href":"https:\/\/www.yhteisetlapsemme.fi\/se\/wp-json\/wp\/v2\/pages\/66\/revisions\/949"}],"up":[{"embeddable":true,"href":"https:\/\/www.yhteisetlapsemme.fi\/se\/wp-json\/wp\/v2\/pages\/62"}],"wp:attachment":[{"href":"https:\/\/www.yhteisetlapsemme.fi\/se\/wp-json\/wp\/v2\/media?parent=66"}],"curies":[{"name":"wp","href":"https:\/\/api.w.org\/{rel}","templated":true}]}}