{"id":64,"date":"2017-03-29T09:17:41","date_gmt":"2017-03-29T09:17:41","guid":{"rendered":"http:\/\/localhost:8888\/yhteisetlapsemme\/?page_id=64"},"modified":"2026-04-13T11:11:00","modified_gmt":"2026-04-13T11:11:00","slug":"organisation","status":"publish","type":"page","link":"https:\/\/www.yhteisetlapsemme.fi\/se\/kom-med\/organisation\/","title":{"rendered":"Organisation"},"content":{"rendered":"<h1>V\u00e5ra Gemensamma Barn rf<\/h1>\n<p>V\u00e5ra Gemensamma Barn rf \u00e4r grundad \u00e5r 1988 i Helsingfors och \u00e4r en politiskt, religi\u00f6st och ideologiskt obunden riksomfattande organisation. Vi arbetar f\u00f6r invandrarbarns, internationellt adopterade barns, barn som tillh\u00f6r etniska minoriteter och m\u00e5ngkulturella barns v\u00e4lm\u00e5ende och r\u00e4ttigheters v\u00e4l.<\/p>\n<p>Som utg\u00e5ngspunkter f\u00f6r v\u00e5r verksamhet ligger FN:s definierade principer f\u00f6r barns r\u00e4ttigheter. Grundtanken \u00e4r att den vardagliga interaktionen med personer fr\u00e5n andra kulturer \u00f6kar f\u00f6rst\u00e5elsen f\u00f6r andra m\u00e4nniskor. V\u00e5rt m\u00e5l \u00e4r att influera beslutsfattare, myndigheter och professionella p\u00e5 fostrings- och sociala omr\u00e5det att fr\u00e4mja m\u00e5ngkulturella barns v\u00e4lm\u00e5ende i det finl\u00e4ndska samh\u00e4llet.<\/p>\n<h2>V\u00e5r verksamhet<\/h2>\n<ul>\n<li>p\u00e5verkningsarbete och medborgarverksamhet<\/li>\n<li>m\u00e5ngkulturella barn och familjetj\u00e4nster<\/li>\n<li>utbildning och st\u00f6d ang\u00e5ende internationell adoption<\/li>\n<li>internationell verksamhet<\/li>\n<\/ul>\n<p>F\u00f6reningens kommunikations-, utbildning- och utvecklingsverksamhet samt forskningsrelaterad verksamhet st\u00f6der den grundl\u00e4ggande verksamheten.<\/p>\n<p>V\u00e5ra Gemensamma Barn rf \u00e4r Centralf\u00f6rbundet f\u00f6r Barnskyddets medlemsorganisation.<\/p>\n<h2>Medlemmar<\/h2>\n<p>Till V\u00e5ra Gemensamma Barn \u2013 f\u00f6reningen h\u00f6r ca 500 medlemmar, som bor runtom i Finland. Medlemskap \u00e4r \u00f6ppet f\u00f6r alla som k\u00e4nner att f\u00f6reningens m\u00e5l och verksamhet tilltalar en.<\/p>\n<p><a href=\"https:\/\/www.yhteisetlapsemme.fi\/se\/index.php\/tule-mukaan\/jaseneksi\/\">Bli medlem<\/a><\/p>\n","protected":false},"excerpt":{"rendered":"V\u00e5ra Gemensamma Barn rf V\u00e5ra Gemensamma Barn rf \u00e4r grundad \u00e5r 1988 i Helsingfors och \u00e4r en politiskt, religi\u00f6st och ideologiskt obunden riksomfattande organisation. Vi arbetar f\u00f6r invandrarbarns, internationellt adopterade barns, barn som tillh\u00f6r etniska minoriteter och m\u00e5ngkulturella barns v\u00e4lm\u00e5ende och r\u00e4ttigheters v\u00e4l. Som utg\u00e5ngspunkter f\u00f6r v\u00e5r verksamhet ligger FN:s definierade principer f\u00f6r barns r\u00e4ttigheter&#8230;.<p> <a class=\"round-button\" href=\"https:\/\/www.yhteisetlapsemme.fi\/se\/kom-med\/organisation\/\">L\u00e4s mer<\/a><\/p>","protected":false},"author":1,"featured_media":0,"parent":62,"menu_order":1,"comment_status":"closed","ping_status":"closed","template":"page-sidebarleft.php","meta":{"_acf_changed":false,"footnotes":""},"class_list":["post-64","page","type-page","status-publish","hentry"],"acf":[],"yoast_head":"<!-- This site is optimized with the Yoast SEO plugin v25.8 - https:\/\/yoast.com\/wordpress\/plugins\/seo\/ -->\n<title>Organisation - V\u00e5ra Gemensamma Barn<\/title>\n<meta name=\"robots\" content=\"index, follow, max-snippet:-1, max-image-preview:large, max-video-preview:-1\" \/>\n<link rel=\"canonical\" href=\"https:\/\/www.yhteisetlapsemme.fi\/se\/kom-med\/organisation\/\" \/>\n<meta property=\"og:locale\" content=\"sv_SE\" \/>\n<meta property=\"og:type\" content=\"article\" \/>\n<meta property=\"og:title\" content=\"Organisation - V\u00e5ra Gemensamma Barn\" \/>\n<meta property=\"og:description\" content=\"V\u00e5ra Gemensamma Barn rf V\u00e5ra Gemensamma Barn rf \u00e4r grundad \u00e5r 1988 i Helsingfors och \u00e4r en politiskt, religi\u00f6st och ideologiskt obunden riksomfattande organisation. Vi arbetar f\u00f6r invandrarbarns, internationellt adopterade barns, barn som tillh\u00f6r etniska minoriteter och m\u00e5ngkulturella barns v\u00e4lm\u00e5ende och r\u00e4ttigheters v\u00e4l. Som utg\u00e5ngspunkter f\u00f6r v\u00e5r verksamhet ligger FN:s definierade principer f\u00f6r barns r\u00e4ttigheter.... L\u00e4s mer\" \/>\n<meta property=\"og:url\" content=\"https:\/\/www.yhteisetlapsemme.fi\/se\/kom-med\/organisation\/\" \/>\n<meta property=\"og:site_name\" content=\"V\u00e5ra Gemensamma Barn\" \/>\n<meta property=\"article:modified_time\" content=\"2026-04-13T11:11:00+00:00\" \/>\n<meta name=\"twitter:card\" content=\"summary_large_image\" \/>\n<meta name=\"twitter:label1\" content=\"Ber\u00e4knad l\u00e4stid\" \/>\n\t<meta name=\"twitter:data1\" content=\"1 minut\" \/>\n<script type=\"application\/ld+json\" class=\"yoast-schema-graph\">{\"@context\":\"https:\/\/schema.org\",\"@graph\":[{\"@type\":\"WebPage\",\"@id\":\"https:\/\/www.yhteisetlapsemme.fi\/se\/kom-med\/organisation\/\",\"url\":\"https:\/\/www.yhteisetlapsemme.fi\/se\/kom-med\/organisation\/\",\"name\":\"Organisation - V\u00e5ra Gemensamma Barn\",\"isPartOf\":{\"@id\":\"https:\/\/www.yhteisetlapsemme.fi\/se\/#website\"},\"datePublished\":\"2017-03-29T09:17:41+00:00\",\"dateModified\":\"2026-04-13T11:11:00+00:00\",\"breadcrumb\":{\"@id\":\"https:\/\/www.yhteisetlapsemme.fi\/se\/kom-med\/organisation\/#breadcrumb\"},\"inLanguage\":\"sv-SE\",\"potentialAction\":[{\"@type\":\"ReadAction\",\"target\":[\"https:\/\/www.yhteisetlapsemme.fi\/se\/kom-med\/organisation\/\"]}]},{\"@type\":\"BreadcrumbList\",\"@id\":\"https:\/\/www.yhteisetlapsemme.fi\/se\/kom-med\/organisation\/#breadcrumb\",\"itemListElement\":[{\"@type\":\"ListItem\",\"position\":1,\"name\":\"Etusivu\",\"item\":\"https:\/\/www.yhteisetlapsemme.fi\/se\/\"},{\"@type\":\"ListItem\",\"position\":2,\"name\":\"Kom med\",\"item\":\"https:\/\/www.yhteisetlapsemme.fi\/se\/kom-med\/\"},{\"@type\":\"ListItem\",\"position\":3,\"name\":\"Organisation\"}]},{\"@type\":\"WebSite\",\"@id\":\"https:\/\/www.yhteisetlapsemme.fi\/se\/#website\",\"url\":\"https:\/\/www.yhteisetlapsemme.fi\/se\/\",\"name\":\"V\u00e5ra Gemensamma Barn\",\"description\":\"Just another WordPress site\",\"potentialAction\":[{\"@type\":\"SearchAction\",\"target\":{\"@type\":\"EntryPoint\",\"urlTemplate\":\"https:\/\/www.yhteisetlapsemme.fi\/se\/?s={search_term_string}\"},\"query-input\":{\"@type\":\"PropertyValueSpecification\",\"valueRequired\":true,\"valueName\":\"search_term_string\"}}],\"inLanguage\":\"sv-SE\"}]}<\/script>\n<!-- \/ Yoast SEO plugin. -->","yoast_head_json":{"title":"Organisation - V\u00e5ra Gemensamma Barn","robots":{"index":"index","follow":"follow","max-snippet":"max-snippet:-1","max-image-preview":"max-image-preview:large","max-video-preview":"max-video-preview:-1"},"canonical":"https:\/\/www.yhteisetlapsemme.fi\/se\/kom-med\/organisation\/","og_locale":"sv_SE","og_type":"article","og_title":"Organisation - V\u00e5ra Gemensamma Barn","og_description":"V\u00e5ra Gemensamma Barn rf V\u00e5ra Gemensamma Barn rf \u00e4r grundad \u00e5r 1988 i Helsingfors och \u00e4r en politiskt, religi\u00f6st och ideologiskt obunden riksomfattande organisation. Vi arbetar f\u00f6r invandrarbarns, internationellt adopterade barns, barn som tillh\u00f6r etniska minoriteter och m\u00e5ngkulturella barns v\u00e4lm\u00e5ende och r\u00e4ttigheters v\u00e4l. Som utg\u00e5ngspunkter f\u00f6r v\u00e5r verksamhet ligger FN:s definierade principer f\u00f6r barns r\u00e4ttigheter.... L\u00e4s mer","og_url":"https:\/\/www.yhteisetlapsemme.fi\/se\/kom-med\/organisation\/","og_site_name":"V\u00e5ra Gemensamma Barn","article_modified_time":"2026-04-13T11:11:00+00:00","twitter_card":"summary_large_image","twitter_misc":{"Ber\u00e4knad l\u00e4stid":"1 minut"},"schema":{"@context":"https:\/\/schema.org","@graph":[{"@type":"WebPage","@id":"https:\/\/www.yhteisetlapsemme.fi\/se\/kom-med\/organisation\/","url":"https:\/\/www.yhteisetlapsemme.fi\/se\/kom-med\/organisation\/","name":"Organisation - V\u00e5ra Gemensamma Barn","isPartOf":{"@id":"https:\/\/www.yhteisetlapsemme.fi\/se\/#website"},"datePublished":"2017-03-29T09:17:41+00:00","dateModified":"2026-04-13T11:11:00+00:00","breadcrumb":{"@id":"https:\/\/www.yhteisetlapsemme.fi\/se\/kom-med\/organisation\/#breadcrumb"},"inLanguage":"sv-SE","potentialAction":[{"@type":"ReadAction","target":["https:\/\/www.yhteisetlapsemme.fi\/se\/kom-med\/organisation\/"]}]},{"@type":"BreadcrumbList","@id":"https:\/\/www.yhteisetlapsemme.fi\/se\/kom-med\/organisation\/#breadcrumb","itemListElement":[{"@type":"ListItem","position":1,"name":"Etusivu","item":"https:\/\/www.yhteisetlapsemme.fi\/se\/"},{"@type":"ListItem","position":2,"name":"Kom med","item":"https:\/\/www.yhteisetlapsemme.fi\/se\/kom-med\/"},{"@type":"ListItem","position":3,"name":"Organisation"}]},{"@type":"WebSite","@id":"https:\/\/www.yhteisetlapsemme.fi\/se\/#website","url":"https:\/\/www.yhteisetlapsemme.fi\/se\/","name":"V\u00e5ra Gemensamma Barn","description":"Just another WordPress site","potentialAction":[{"@type":"SearchAction","target":{"@type":"EntryPoint","urlTemplate":"https:\/\/www.yhteisetlapsemme.fi\/se\/?s={search_term_string}"},"query-input":{"@type":"PropertyValueSpecification","valueRequired":true,"valueName":"search_term_string"}}],"inLanguage":"sv-SE"}]}},"_links":{"self":[{"href":"https:\/\/www.yhteisetlapsemme.fi\/se\/wp-json\/wp\/v2\/pages\/64","targetHints":{"allow":["GET"]}}],"collection":[{"href":"https:\/\/www.yhteisetlapsemme.fi\/se\/wp-json\/wp\/v2\/pages"}],"about":[{"href":"https:\/\/www.yhteisetlapsemme.fi\/se\/wp-json\/wp\/v2\/types\/page"}],"author":[{"embeddable":true,"href":"https:\/\/www.yhteisetlapsemme.fi\/se\/wp-json\/wp\/v2\/users\/1"}],"replies":[{"embeddable":true,"href":"https:\/\/www.yhteisetlapsemme.fi\/se\/wp-json\/wp\/v2\/comments?post=64"}],"version-history":[{"count":8,"href":"https:\/\/www.yhteisetlapsemme.fi\/se\/wp-json\/wp\/v2\/pages\/64\/revisions"}],"predecessor-version":[{"id":955,"href":"https:\/\/www.yhteisetlapsemme.fi\/se\/wp-json\/wp\/v2\/pages\/64\/revisions\/955"}],"up":[{"embeddable":true,"href":"https:\/\/www.yhteisetlapsemme.fi\/se\/wp-json\/wp\/v2\/pages\/62"}],"wp:attachment":[{"href":"https:\/\/www.yhteisetlapsemme.fi\/se\/wp-json\/wp\/v2\/media?parent=64"}],"curies":[{"name":"wp","href":"https:\/\/api.w.org\/{rel}","templated":true}]}}