{"id":62,"date":"2017-03-29T09:17:20","date_gmt":"2017-03-29T09:17:20","guid":{"rendered":"http:\/\/localhost:8888\/yhteisetlapsemme\/?page_id=62"},"modified":"2024-10-25T13:04:04","modified_gmt":"2024-10-25T13:04:04","slug":"kom-med","status":"publish","type":"page","link":"https:\/\/www.yhteisetlapsemme.fi\/se\/kom-med\/","title":{"rendered":"Kom med"},"content":{"rendered":"<h1>Kom med!<\/h1>\n<p>V\u00e5ra Gemensamma Barn fr\u00e4mjar m\u00e5ngkulturella barns v\u00e4lm\u00e5ende och f\u00f6rverkligande av barns r\u00e4ttigheter i Finland. Genom att komma med i v\u00e5r verksamhet kan du med din egen insats st\u00f6da v\u00e5rt arbete, p\u00e5 ett s\u00e4tt som passar dig b\u00e4st. Som volont\u00e4rarbetare sk\u00e4nker du oss din v\u00e4rdefulla kunskap och tid. Genom att bli m\u00e5nadsgivare st\u00f6der du oss finansiellt att n\u00e5 v\u00e5ra m\u00e5l.<\/p>\n<p>Genom att bli medlem i f\u00f6reningen st\u00e4ller du dig f\u00f6r m\u00e5ngkulturella barns v\u00e4lm\u00e5ende och ett flerv\u00e4rdigt Finland. Vi arbetar f\u00f6r att fr\u00e4mja en h\u00e4nsynsfull inst\u00e4llning, emot rasism.<\/p>\n<p>Bekanta dig med de olika alternativen och hitta ditt eget s\u00e4tt att komma med!<\/p>\n","protected":false},"excerpt":{"rendered":"Kom med! V\u00e5ra Gemensamma Barn fr\u00e4mjar m\u00e5ngkulturella barns v\u00e4lm\u00e5ende och f\u00f6rverkligande av barns r\u00e4ttigheter i Finland. Genom att komma med i v\u00e5r verksamhet kan du med din egen insats st\u00f6da v\u00e5rt arbete, p\u00e5 ett s\u00e4tt som passar dig b\u00e4st. Som volont\u00e4rarbetare sk\u00e4nker du oss din v\u00e4rdefulla kunskap och tid. Genom att bli m\u00e5nadsgivare st\u00f6der du&#8230;<p> <a class=\"round-button\" href=\"https:\/\/www.yhteisetlapsemme.fi\/se\/kom-med\/\">L\u00e4s mer<\/a><\/p>","protected":false},"author":1,"featured_media":530,"parent":0,"menu_order":0,"comment_status":"closed","ping_status":"closed","template":"page-sidebarleft.php","meta":{"_acf_changed":false,"footnotes":""},"class_list":["post-62","page","type-page","status-publish","has-post-thumbnail","hentry"],"acf":[],"yoast_head":"<!-- This site is optimized with the Yoast SEO plugin v25.8 - https:\/\/yoast.com\/wordpress\/plugins\/seo\/ -->\n<title>Kom med - V\u00e5ra Gemensamma Barn<\/title>\n<meta name=\"robots\" content=\"index, follow, max-snippet:-1, max-image-preview:large, max-video-preview:-1\" \/>\n<link rel=\"canonical\" href=\"https:\/\/www.yhteisetlapsemme.fi\/se\/kom-med\/\" \/>\n<meta property=\"og:locale\" content=\"sv_SE\" \/>\n<meta property=\"og:type\" content=\"article\" \/>\n<meta property=\"og:title\" content=\"Kom med - V\u00e5ra Gemensamma Barn\" \/>\n<meta property=\"og:description\" content=\"Kom med! V\u00e5ra Gemensamma Barn fr\u00e4mjar m\u00e5ngkulturella barns v\u00e4lm\u00e5ende och f\u00f6rverkligande av barns r\u00e4ttigheter i Finland. Genom att komma med i v\u00e5r verksamhet kan du med din egen insats st\u00f6da v\u00e5rt arbete, p\u00e5 ett s\u00e4tt som passar dig b\u00e4st. Som volont\u00e4rarbetare sk\u00e4nker du oss din v\u00e4rdefulla kunskap och tid. Genom att bli m\u00e5nadsgivare st\u00f6der du... L\u00e4s mer\" \/>\n<meta property=\"og:url\" content=\"https:\/\/www.yhteisetlapsemme.fi\/se\/kom-med\/\" \/>\n<meta property=\"og:site_name\" content=\"V\u00e5ra Gemensamma Barn\" \/>\n<meta property=\"article:modified_time\" content=\"2024-10-25T13:04:04+00:00\" \/>\n<meta property=\"og:image\" content=\"https:\/\/www.yhteisetlapsemme.fi\/se\/wp-content\/uploads\/sites\/2\/2017\/03\/Monikulttuuriset-kerhot.jpg\" \/>\n\t<meta property=\"og:image:width\" content=\"1200\" \/>\n\t<meta property=\"og:image:height\" content=\"450\" \/>\n\t<meta property=\"og:image:type\" content=\"image\/jpeg\" \/>\n<meta name=\"twitter:card\" content=\"summary_large_image\" \/>\n<meta name=\"twitter:label1\" content=\"Ber\u00e4knad l\u00e4stid\" \/>\n\t<meta name=\"twitter:data1\" content=\"1 minut\" \/>\n<script type=\"application\/ld+json\" class=\"yoast-schema-graph\">{\"@context\":\"https:\/\/schema.org\",\"@graph\":[{\"@type\":\"WebPage\",\"@id\":\"https:\/\/www.yhteisetlapsemme.fi\/se\/kom-med\/\",\"url\":\"https:\/\/www.yhteisetlapsemme.fi\/se\/kom-med\/\",\"name\":\"Kom med - V\u00e5ra Gemensamma Barn\",\"isPartOf\":{\"@id\":\"https:\/\/www.yhteisetlapsemme.fi\/se\/#website\"},\"primaryImageOfPage\":{\"@id\":\"https:\/\/www.yhteisetlapsemme.fi\/se\/kom-med\/#primaryimage\"},\"image\":{\"@id\":\"https:\/\/www.yhteisetlapsemme.fi\/se\/kom-med\/#primaryimage\"},\"thumbnailUrl\":\"https:\/\/www.yhteisetlapsemme.fi\/se\/wp-content\/uploads\/sites\/2\/2017\/03\/Monikulttuuriset-kerhot.jpg\",\"datePublished\":\"2017-03-29T09:17:20+00:00\",\"dateModified\":\"2024-10-25T13:04:04+00:00\",\"breadcrumb\":{\"@id\":\"https:\/\/www.yhteisetlapsemme.fi\/se\/kom-med\/#breadcrumb\"},\"inLanguage\":\"sv-SE\",\"potentialAction\":[{\"@type\":\"ReadAction\",\"target\":[\"https:\/\/www.yhteisetlapsemme.fi\/se\/kom-med\/\"]}]},{\"@type\":\"ImageObject\",\"inLanguage\":\"sv-SE\",\"@id\":\"https:\/\/www.yhteisetlapsemme.fi\/se\/kom-med\/#primaryimage\",\"url\":\"https:\/\/www.yhteisetlapsemme.fi\/se\/wp-content\/uploads\/sites\/2\/2017\/03\/Monikulttuuriset-kerhot.jpg\",\"contentUrl\":\"https:\/\/www.yhteisetlapsemme.fi\/se\/wp-content\/uploads\/sites\/2\/2017\/03\/Monikulttuuriset-kerhot.jpg\",\"width\":1200,\"height\":450,\"caption\":\"Monikulttuuriset kerhot\"},{\"@type\":\"BreadcrumbList\",\"@id\":\"https:\/\/www.yhteisetlapsemme.fi\/se\/kom-med\/#breadcrumb\",\"itemListElement\":[{\"@type\":\"ListItem\",\"position\":1,\"name\":\"Etusivu\",\"item\":\"https:\/\/www.yhteisetlapsemme.fi\/se\/\"},{\"@type\":\"ListItem\",\"position\":2,\"name\":\"Kom med\"}]},{\"@type\":\"WebSite\",\"@id\":\"https:\/\/www.yhteisetlapsemme.fi\/se\/#website\",\"url\":\"https:\/\/www.yhteisetlapsemme.fi\/se\/\",\"name\":\"V\u00e5ra Gemensamma Barn\",\"description\":\"Just another WordPress site\",\"potentialAction\":[{\"@type\":\"SearchAction\",\"target\":{\"@type\":\"EntryPoint\",\"urlTemplate\":\"https:\/\/www.yhteisetlapsemme.fi\/se\/?s={search_term_string}\"},\"query-input\":{\"@type\":\"PropertyValueSpecification\",\"valueRequired\":true,\"valueName\":\"search_term_string\"}}],\"inLanguage\":\"sv-SE\"}]}<\/script>\n<!-- \/ Yoast SEO plugin. -->","yoast_head_json":{"title":"Kom med - V\u00e5ra Gemensamma Barn","robots":{"index":"index","follow":"follow","max-snippet":"max-snippet:-1","max-image-preview":"max-image-preview:large","max-video-preview":"max-video-preview:-1"},"canonical":"https:\/\/www.yhteisetlapsemme.fi\/se\/kom-med\/","og_locale":"sv_SE","og_type":"article","og_title":"Kom med - V\u00e5ra Gemensamma Barn","og_description":"Kom med! V\u00e5ra Gemensamma Barn fr\u00e4mjar m\u00e5ngkulturella barns v\u00e4lm\u00e5ende och f\u00f6rverkligande av barns r\u00e4ttigheter i Finland. Genom att komma med i v\u00e5r verksamhet kan du med din egen insats st\u00f6da v\u00e5rt arbete, p\u00e5 ett s\u00e4tt som passar dig b\u00e4st. Som volont\u00e4rarbetare sk\u00e4nker du oss din v\u00e4rdefulla kunskap och tid. Genom att bli m\u00e5nadsgivare st\u00f6der du... L\u00e4s mer","og_url":"https:\/\/www.yhteisetlapsemme.fi\/se\/kom-med\/","og_site_name":"V\u00e5ra Gemensamma Barn","article_modified_time":"2024-10-25T13:04:04+00:00","og_image":[{"width":1200,"height":450,"url":"https:\/\/www.yhteisetlapsemme.fi\/se\/wp-content\/uploads\/sites\/2\/2017\/03\/Monikulttuuriset-kerhot.jpg","type":"image\/jpeg"}],"twitter_card":"summary_large_image","twitter_misc":{"Ber\u00e4knad l\u00e4stid":"1 minut"},"schema":{"@context":"https:\/\/schema.org","@graph":[{"@type":"WebPage","@id":"https:\/\/www.yhteisetlapsemme.fi\/se\/kom-med\/","url":"https:\/\/www.yhteisetlapsemme.fi\/se\/kom-med\/","name":"Kom med - V\u00e5ra Gemensamma Barn","isPartOf":{"@id":"https:\/\/www.yhteisetlapsemme.fi\/se\/#website"},"primaryImageOfPage":{"@id":"https:\/\/www.yhteisetlapsemme.fi\/se\/kom-med\/#primaryimage"},"image":{"@id":"https:\/\/www.yhteisetlapsemme.fi\/se\/kom-med\/#primaryimage"},"thumbnailUrl":"https:\/\/www.yhteisetlapsemme.fi\/se\/wp-content\/uploads\/sites\/2\/2017\/03\/Monikulttuuriset-kerhot.jpg","datePublished":"2017-03-29T09:17:20+00:00","dateModified":"2024-10-25T13:04:04+00:00","breadcrumb":{"@id":"https:\/\/www.yhteisetlapsemme.fi\/se\/kom-med\/#breadcrumb"},"inLanguage":"sv-SE","potentialAction":[{"@type":"ReadAction","target":["https:\/\/www.yhteisetlapsemme.fi\/se\/kom-med\/"]}]},{"@type":"ImageObject","inLanguage":"sv-SE","@id":"https:\/\/www.yhteisetlapsemme.fi\/se\/kom-med\/#primaryimage","url":"https:\/\/www.yhteisetlapsemme.fi\/se\/wp-content\/uploads\/sites\/2\/2017\/03\/Monikulttuuriset-kerhot.jpg","contentUrl":"https:\/\/www.yhteisetlapsemme.fi\/se\/wp-content\/uploads\/sites\/2\/2017\/03\/Monikulttuuriset-kerhot.jpg","width":1200,"height":450,"caption":"Monikulttuuriset kerhot"},{"@type":"BreadcrumbList","@id":"https:\/\/www.yhteisetlapsemme.fi\/se\/kom-med\/#breadcrumb","itemListElement":[{"@type":"ListItem","position":1,"name":"Etusivu","item":"https:\/\/www.yhteisetlapsemme.fi\/se\/"},{"@type":"ListItem","position":2,"name":"Kom med"}]},{"@type":"WebSite","@id":"https:\/\/www.yhteisetlapsemme.fi\/se\/#website","url":"https:\/\/www.yhteisetlapsemme.fi\/se\/","name":"V\u00e5ra Gemensamma Barn","description":"Just another WordPress site","potentialAction":[{"@type":"SearchAction","target":{"@type":"EntryPoint","urlTemplate":"https:\/\/www.yhteisetlapsemme.fi\/se\/?s={search_term_string}"},"query-input":{"@type":"PropertyValueSpecification","valueRequired":true,"valueName":"search_term_string"}}],"inLanguage":"sv-SE"}]}},"_links":{"self":[{"href":"https:\/\/www.yhteisetlapsemme.fi\/se\/wp-json\/wp\/v2\/pages\/62","targetHints":{"allow":["GET"]}}],"collection":[{"href":"https:\/\/www.yhteisetlapsemme.fi\/se\/wp-json\/wp\/v2\/pages"}],"about":[{"href":"https:\/\/www.yhteisetlapsemme.fi\/se\/wp-json\/wp\/v2\/types\/page"}],"author":[{"embeddable":true,"href":"https:\/\/www.yhteisetlapsemme.fi\/se\/wp-json\/wp\/v2\/users\/1"}],"replies":[{"embeddable":true,"href":"https:\/\/www.yhteisetlapsemme.fi\/se\/wp-json\/wp\/v2\/comments?post=62"}],"version-history":[{"count":10,"href":"https:\/\/www.yhteisetlapsemme.fi\/se\/wp-json\/wp\/v2\/pages\/62\/revisions"}],"predecessor-version":[{"id":923,"href":"https:\/\/www.yhteisetlapsemme.fi\/se\/wp-json\/wp\/v2\/pages\/62\/revisions\/923"}],"wp:featuredmedia":[{"embeddable":true,"href":"https:\/\/www.yhteisetlapsemme.fi\/se\/wp-json\/wp\/v2\/media\/530"}],"wp:attachment":[{"href":"https:\/\/www.yhteisetlapsemme.fi\/se\/wp-json\/wp\/v2\/media?parent=62"}],"curies":[{"name":"wp","href":"https:\/\/api.w.org\/{rel}","templated":true}]}}