{"id":54,"date":"2017-03-29T09:15:35","date_gmt":"2017-03-29T09:15:35","guid":{"rendered":"http:\/\/localhost:8888\/yhteisetlapsemme\/?page_id=54"},"modified":"2024-10-31T11:48:10","modified_gmt":"2024-10-31T11:48:10","slug":"arbetsverkstader","status":"publish","type":"page","link":"https:\/\/www.yhteisetlapsemme.fi\/se\/var-modig-och-hygglig\/arbetsverkstader\/","title":{"rendered":"Workshops f\u00f6r barn"},"content":{"rendered":"<h1>Var modig och hygglig -workshops f\u00f6r barn<\/h1>\n<p>I <em>Var modig och hygglig -workshops <\/em>behandlas m\u00e5ngfald, rasism och ingripande i det, v\u00e4nskap och gemenskap. Vi tar oss an dessa teman genom konstbaserade och funktionella metoder samt ledd diskussion. Metoderna ger barn och unga en m\u00f6jlighet att leva sig in i olika situationer och roller samt behandla teman distanserat och i en trygg omgivning.<\/p>\n<p>Daghem, skolor och fritidsgrupper kan best\u00e4lla workshops f\u00f6r sina grupper. Alla workshops \u00e4r avgiftsfria, men f\u00f6r l\u00e5nga resor kan resekostnader debiteras.<\/p>\n<h3>Workshops f\u00f6r sm\u00e5 barn<\/h3>\n<p>Workshop f\u00f6r lek och r\u00f6relse fr\u00e4mjar med hj\u00e4lp av lek och r\u00f6relse samt sagor v\u00e4rdes\u00e4ttningen av m\u00e5ngfald och st\u00e4rker sj\u00e4lvk\u00e4nslan, gruppgemenskap och v\u00e4nskap. Vid sidan av fysiska lekar f\u00e5r barnen h\u00f6ra en saga om en svartvit papegoja och en f\u00e4rggrann sebra som b\u00e4gge hamnar is\u00e4r fr\u00e5n sin flock. Sagan uppmuntrar barnen till att fundera \u00f6ver att ta h\u00e4nsyn till andra samt identifiera och uttrycka sina k\u00e4nslor. Arbetsverkstaden riktar sig till barn i \u00e5ldern 4\u20136 \u00e5r. Rekommenderat deltagarantal 10 barn\/workshop. L\u00e4ngd ca 45\u201360 min. Det l\u00f6nar sig att ordna workshop i en gymnastiksal eller en motsvarande lokal, d\u00e4r barnen har ordentligt med plats att r\u00f6ra sig.<\/p>\n<p>I bildkonstverkstaden modellerar, pysslar och tecknar vi med sagan som inspiration. Barnen f\u00e5r l\u00e4ra k\u00e4nna sk\u00f6ldpaddan R\u00f6d\u00f6ra, som m\u00e5ste l\u00e4mna sitt hem och fly till Finland med sin familj. I workshop behandlas med hj\u00e4lp av bildkonst och sagor flyktingskap, v\u00e4nskap, m\u00e5ngkulturalism och att ta h\u00e4nsyn till andra. Workshop riktar sig till barn i \u00e5ldern 4\u20136 \u00e5r. Rekommenderat deltagarantal ca 10 barn\/workshop. L\u00e4ngd ca 60 min. Vi \u00f6nskar att daghemmen har material som kan anv\u00e4ndas i workshop, bland annat modellera och f\u00e4rgpennor.<\/p>\n<p>Barn-f\u00f6r\u00e4lder-workshop \u00e4r avsedd f\u00f6r sm\u00e5 barn (rekommenderad \u00e5lder 2\u20134 \u00e5r) och deras f\u00f6r\u00e4ldrar. I workshop deltar ocks\u00e5 bj\u00f6rnen Kalle, som s\u00f6ker en v\u00e4n. Bj\u00f6rnen Kalle reser v\u00e4rlden runt och l\u00e4r k\u00e4nna olika kulturer och djurfigurer. I workshop behandlas v\u00e4nskap, m\u00e5ngkulturalism och m\u00e5ngfald genom lek och sagor. Samtidigt st\u00e4rks barnets och f\u00f6r\u00e4lderns v\u00e4xelverkan. Workshops\u00b4 l\u00e4ngd \u00e4r ca 30 minuter. Rekommenderat deltagarantal ca 5 f\u00f6r\u00e4ldrar med barn\/workshop.<\/p>\n<h3>Drama workshop f\u00f6r skolelever<\/h3>\n<p>Dramaverkstaden riktar sig till barn i \u00e5ldern 6\u20139 \u00e5r. I verkstaden l\u00e4r barnen k\u00e4nna tv\u00e5 superhj\u00e4ltar, Spl\u00e4sh och L\u00e5gan och skapar egna superhj\u00e4ltar. Superhj\u00e4ltarna f\u00e4rdas tillsammans till Kraftberget, d\u00e4r det g\u00e5r vilda rykten om en ny inv\u00e5nare. Under \u00e4ventyret f\u00f6renar superhj\u00e4ltarna sina krafter och uppt\u00e4cker att ryktena om den nya inv\u00e5naren inte st\u00e4mmer. I workshop behandlas med hj\u00e4lp av en dramaber\u00e4ttelse f\u00f6rdomar, att ta h\u00e4nsyn till andra och v\u00e4nskap, och dessutom st\u00e4rks barnens sj\u00e4lvk\u00e4nsla och klassens gruppgemenskap. Workshops&#8217; l\u00e4ngd \u00e4r ca 60 minuter.<\/p>\n<p>Rekommenderat deltagarantal ca 15\u201320 barn\/verkstad. Det l\u00f6nar sig att ordna arbetsverkstaden i en gymnastiksal eller i klassrummet, d\u00e4r barnen har ordentligt med plats att r\u00f6ra sig.<\/p>\n<h3>Meg\u00e9rt\u0151 \u2013 funktionell och flerspr\u00e5kig workshop<\/h3>\n<p>I den funktionella workshopen Meg\u00e9rt\u0151 st\u00e4rker vi gruppens sammanh\u00e5llning och samarbetsf\u00f6rm\u00e5ga samt unders\u00f6ker m\u00e5ngfald och motst\u00e5nd mot rasism med hj\u00e4lp av drama och andra erfarenhetsbaserade och konstn\u00e4rliga element. I workshop ruskar vi om maktf\u00f6rh\u00e5llanden som \u00e4r f\u00f6rknippade med vardagligt spr\u00e5kbruk med hj\u00e4lp av ordl\u00f6s verksamhet och flerspr\u00e5kighet.<\/p>\n<p>Workshops&#8217; b\u00e4rande tanke \u00e4r att den leds p\u00e5 ett spr\u00e5k som \u00e4r fr\u00e4mmande f\u00f6r deltagarna. Gruppens sammanh\u00e5llning och samarbetsf\u00f6rm\u00e5ga st\u00e4rks d\u00e5 deltagarna m\u00e5ste hj\u00e4lpa varandra att f\u00f6rst\u00e5 ledarens anvisningar. Med hj\u00e4lp av workshop kan deltagarna ocks\u00e5 identifiera sig med icke-finskspr\u00e5kiga personers st\u00e4llning i v\u00e5rt samh\u00e4lle.<\/p>\n<p>Vid behov kan workshops&#8217; diskussioner ocks\u00e5 f\u00f6ras p\u00e5 finska eller engelska. Vem som helst kan delta i workshop, oberoende av spr\u00e5klig bakgrund. Workshop r\u00e4cker ca 2 timmar och dess m\u00e5lgrupp \u00e4r unga i \u00e5ldern 12\u201317 \u00e5r.<\/p>\n<p><strong>Mer information och kontakt<\/strong>: pajatoiminta@yhteisetlapsemme.fi<\/p>\n<p>Verskst\u00e4der f\u00f6r barn leds huvudsakligen p\u00e5 finska. H\u00f6r dig f\u00f6r ocks\u00e5 om andra m\u00f6jligheter.<\/p>\n","protected":false},"excerpt":{"rendered":"Var modig och hygglig -workshops f\u00f6r barn I Var modig och hygglig -workshops behandlas m\u00e5ngfald, rasism och ingripande i det, v\u00e4nskap och gemenskap. Vi tar oss an dessa teman genom konstbaserade och funktionella metoder samt ledd diskussion. Metoderna ger barn och unga en m\u00f6jlighet att leva sig in i olika situationer och roller samt behandla&#8230;<p> <a class=\"round-button\" href=\"https:\/\/www.yhteisetlapsemme.fi\/se\/var-modig-och-hygglig\/arbetsverkstader\/\">L\u00e4s mer<\/a><\/p>","protected":false},"author":1,"featured_media":279,"parent":52,"menu_order":1,"comment_status":"closed","ping_status":"closed","template":"page-sidebarleft.php","meta":{"_acf_changed":false,"footnotes":""},"class_list":["post-54","page","type-page","status-publish","has-post-thumbnail","hentry"],"acf":[],"yoast_head":"<!-- This site is optimized with the Yoast SEO plugin v25.8 - https:\/\/yoast.com\/wordpress\/plugins\/seo\/ -->\n<title>Workshops f\u00f6r barn - V\u00e5ra Gemensamma Barn<\/title>\n<meta name=\"robots\" content=\"index, follow, max-snippet:-1, max-image-preview:large, max-video-preview:-1\" \/>\n<link rel=\"canonical\" href=\"https:\/\/www.yhteisetlapsemme.fi\/se\/var-modig-och-hygglig\/arbetsverkstader\/\" \/>\n<meta property=\"og:locale\" content=\"sv_SE\" \/>\n<meta property=\"og:type\" content=\"article\" \/>\n<meta property=\"og:title\" content=\"Workshops f\u00f6r barn - V\u00e5ra Gemensamma Barn\" \/>\n<meta property=\"og:description\" content=\"Var modig och hygglig -workshops f\u00f6r barn I Var modig och hygglig -workshops behandlas m\u00e5ngfald, rasism och ingripande i det, v\u00e4nskap och gemenskap. Vi tar oss an dessa teman genom konstbaserade och funktionella metoder samt ledd diskussion. Metoderna ger barn och unga en m\u00f6jlighet att leva sig in i olika situationer och roller samt behandla... L\u00e4s mer\" \/>\n<meta property=\"og:url\" content=\"https:\/\/www.yhteisetlapsemme.fi\/se\/var-modig-och-hygglig\/arbetsverkstader\/\" \/>\n<meta property=\"og:site_name\" content=\"V\u00e5ra Gemensamma Barn\" \/>\n<meta property=\"article:modified_time\" content=\"2024-10-31T11:48:10+00:00\" \/>\n<meta property=\"og:image\" content=\"https:\/\/www.yhteisetlapsemme.fi\/se\/wp-content\/uploads\/sites\/2\/2017\/04\/tyopajat.jpg\" \/>\n\t<meta property=\"og:image:width\" content=\"1200\" \/>\n\t<meta property=\"og:image:height\" content=\"450\" \/>\n\t<meta property=\"og:image:type\" content=\"image\/jpeg\" \/>\n<meta name=\"twitter:card\" content=\"summary_large_image\" \/>\n<meta name=\"twitter:label1\" content=\"Ber\u00e4knad l\u00e4stid\" \/>\n\t<meta name=\"twitter:data1\" content=\"4 minuter\" \/>\n<script type=\"application\/ld+json\" class=\"yoast-schema-graph\">{\"@context\":\"https:\/\/schema.org\",\"@graph\":[{\"@type\":\"WebPage\",\"@id\":\"https:\/\/www.yhteisetlapsemme.fi\/se\/var-modig-och-hygglig\/arbetsverkstader\/\",\"url\":\"https:\/\/www.yhteisetlapsemme.fi\/se\/var-modig-och-hygglig\/arbetsverkstader\/\",\"name\":\"Workshops f\u00f6r barn - V\u00e5ra Gemensamma Barn\",\"isPartOf\":{\"@id\":\"https:\/\/www.yhteisetlapsemme.fi\/se\/#website\"},\"primaryImageOfPage\":{\"@id\":\"https:\/\/www.yhteisetlapsemme.fi\/se\/var-modig-och-hygglig\/arbetsverkstader\/#primaryimage\"},\"image\":{\"@id\":\"https:\/\/www.yhteisetlapsemme.fi\/se\/var-modig-och-hygglig\/arbetsverkstader\/#primaryimage\"},\"thumbnailUrl\":\"https:\/\/www.yhteisetlapsemme.fi\/se\/wp-content\/uploads\/sites\/2\/2017\/04\/tyopajat.jpg\",\"datePublished\":\"2017-03-29T09:15:35+00:00\",\"dateModified\":\"2024-10-31T11:48:10+00:00\",\"breadcrumb\":{\"@id\":\"https:\/\/www.yhteisetlapsemme.fi\/se\/var-modig-och-hygglig\/arbetsverkstader\/#breadcrumb\"},\"inLanguage\":\"sv-SE\",\"potentialAction\":[{\"@type\":\"ReadAction\",\"target\":[\"https:\/\/www.yhteisetlapsemme.fi\/se\/var-modig-och-hygglig\/arbetsverkstader\/\"]}]},{\"@type\":\"ImageObject\",\"inLanguage\":\"sv-SE\",\"@id\":\"https:\/\/www.yhteisetlapsemme.fi\/se\/var-modig-och-hygglig\/arbetsverkstader\/#primaryimage\",\"url\":\"https:\/\/www.yhteisetlapsemme.fi\/se\/wp-content\/uploads\/sites\/2\/2017\/04\/tyopajat.jpg\",\"contentUrl\":\"https:\/\/www.yhteisetlapsemme.fi\/se\/wp-content\/uploads\/sites\/2\/2017\/04\/tyopajat.jpg\",\"width\":1200,\"height\":450,\"caption\":\"Ty\u00f6pajat\"},{\"@type\":\"BreadcrumbList\",\"@id\":\"https:\/\/www.yhteisetlapsemme.fi\/se\/var-modig-och-hygglig\/arbetsverkstader\/#breadcrumb\",\"itemListElement\":[{\"@type\":\"ListItem\",\"position\":1,\"name\":\"Etusivu\",\"item\":\"https:\/\/www.yhteisetlapsemme.fi\/se\/\"},{\"@type\":\"ListItem\",\"position\":2,\"name\":\"Var modig och hygglig\",\"item\":\"https:\/\/www.yhteisetlapsemme.fi\/se\/var-modig-och-hygglig\/\"},{\"@type\":\"ListItem\",\"position\":3,\"name\":\"Workshops f\u00f6r barn\"}]},{\"@type\":\"WebSite\",\"@id\":\"https:\/\/www.yhteisetlapsemme.fi\/se\/#website\",\"url\":\"https:\/\/www.yhteisetlapsemme.fi\/se\/\",\"name\":\"V\u00e5ra Gemensamma Barn\",\"description\":\"Just another WordPress site\",\"potentialAction\":[{\"@type\":\"SearchAction\",\"target\":{\"@type\":\"EntryPoint\",\"urlTemplate\":\"https:\/\/www.yhteisetlapsemme.fi\/se\/?s={search_term_string}\"},\"query-input\":{\"@type\":\"PropertyValueSpecification\",\"valueRequired\":true,\"valueName\":\"search_term_string\"}}],\"inLanguage\":\"sv-SE\"}]}<\/script>\n<!-- \/ Yoast SEO plugin. -->","yoast_head_json":{"title":"Workshops f\u00f6r barn - V\u00e5ra Gemensamma Barn","robots":{"index":"index","follow":"follow","max-snippet":"max-snippet:-1","max-image-preview":"max-image-preview:large","max-video-preview":"max-video-preview:-1"},"canonical":"https:\/\/www.yhteisetlapsemme.fi\/se\/var-modig-och-hygglig\/arbetsverkstader\/","og_locale":"sv_SE","og_type":"article","og_title":"Workshops f\u00f6r barn - V\u00e5ra Gemensamma Barn","og_description":"Var modig och hygglig -workshops f\u00f6r barn I Var modig och hygglig -workshops behandlas m\u00e5ngfald, rasism och ingripande i det, v\u00e4nskap och gemenskap. Vi tar oss an dessa teman genom konstbaserade och funktionella metoder samt ledd diskussion. Metoderna ger barn och unga en m\u00f6jlighet att leva sig in i olika situationer och roller samt behandla... L\u00e4s mer","og_url":"https:\/\/www.yhteisetlapsemme.fi\/se\/var-modig-och-hygglig\/arbetsverkstader\/","og_site_name":"V\u00e5ra Gemensamma Barn","article_modified_time":"2024-10-31T11:48:10+00:00","og_image":[{"width":1200,"height":450,"url":"https:\/\/www.yhteisetlapsemme.fi\/se\/wp-content\/uploads\/sites\/2\/2017\/04\/tyopajat.jpg","type":"image\/jpeg"}],"twitter_card":"summary_large_image","twitter_misc":{"Ber\u00e4knad l\u00e4stid":"4 minuter"},"schema":{"@context":"https:\/\/schema.org","@graph":[{"@type":"WebPage","@id":"https:\/\/www.yhteisetlapsemme.fi\/se\/var-modig-och-hygglig\/arbetsverkstader\/","url":"https:\/\/www.yhteisetlapsemme.fi\/se\/var-modig-och-hygglig\/arbetsverkstader\/","name":"Workshops f\u00f6r barn - V\u00e5ra Gemensamma Barn","isPartOf":{"@id":"https:\/\/www.yhteisetlapsemme.fi\/se\/#website"},"primaryImageOfPage":{"@id":"https:\/\/www.yhteisetlapsemme.fi\/se\/var-modig-och-hygglig\/arbetsverkstader\/#primaryimage"},"image":{"@id":"https:\/\/www.yhteisetlapsemme.fi\/se\/var-modig-och-hygglig\/arbetsverkstader\/#primaryimage"},"thumbnailUrl":"https:\/\/www.yhteisetlapsemme.fi\/se\/wp-content\/uploads\/sites\/2\/2017\/04\/tyopajat.jpg","datePublished":"2017-03-29T09:15:35+00:00","dateModified":"2024-10-31T11:48:10+00:00","breadcrumb":{"@id":"https:\/\/www.yhteisetlapsemme.fi\/se\/var-modig-och-hygglig\/arbetsverkstader\/#breadcrumb"},"inLanguage":"sv-SE","potentialAction":[{"@type":"ReadAction","target":["https:\/\/www.yhteisetlapsemme.fi\/se\/var-modig-och-hygglig\/arbetsverkstader\/"]}]},{"@type":"ImageObject","inLanguage":"sv-SE","@id":"https:\/\/www.yhteisetlapsemme.fi\/se\/var-modig-och-hygglig\/arbetsverkstader\/#primaryimage","url":"https:\/\/www.yhteisetlapsemme.fi\/se\/wp-content\/uploads\/sites\/2\/2017\/04\/tyopajat.jpg","contentUrl":"https:\/\/www.yhteisetlapsemme.fi\/se\/wp-content\/uploads\/sites\/2\/2017\/04\/tyopajat.jpg","width":1200,"height":450,"caption":"Ty\u00f6pajat"},{"@type":"BreadcrumbList","@id":"https:\/\/www.yhteisetlapsemme.fi\/se\/var-modig-och-hygglig\/arbetsverkstader\/#breadcrumb","itemListElement":[{"@type":"ListItem","position":1,"name":"Etusivu","item":"https:\/\/www.yhteisetlapsemme.fi\/se\/"},{"@type":"ListItem","position":2,"name":"Var modig och hygglig","item":"https:\/\/www.yhteisetlapsemme.fi\/se\/var-modig-och-hygglig\/"},{"@type":"ListItem","position":3,"name":"Workshops f\u00f6r barn"}]},{"@type":"WebSite","@id":"https:\/\/www.yhteisetlapsemme.fi\/se\/#website","url":"https:\/\/www.yhteisetlapsemme.fi\/se\/","name":"V\u00e5ra Gemensamma Barn","description":"Just another WordPress site","potentialAction":[{"@type":"SearchAction","target":{"@type":"EntryPoint","urlTemplate":"https:\/\/www.yhteisetlapsemme.fi\/se\/?s={search_term_string}"},"query-input":{"@type":"PropertyValueSpecification","valueRequired":true,"valueName":"search_term_string"}}],"inLanguage":"sv-SE"}]}},"_links":{"self":[{"href":"https:\/\/www.yhteisetlapsemme.fi\/se\/wp-json\/wp\/v2\/pages\/54","targetHints":{"allow":["GET"]}}],"collection":[{"href":"https:\/\/www.yhteisetlapsemme.fi\/se\/wp-json\/wp\/v2\/pages"}],"about":[{"href":"https:\/\/www.yhteisetlapsemme.fi\/se\/wp-json\/wp\/v2\/types\/page"}],"author":[{"embeddable":true,"href":"https:\/\/www.yhteisetlapsemme.fi\/se\/wp-json\/wp\/v2\/users\/1"}],"replies":[{"embeddable":true,"href":"https:\/\/www.yhteisetlapsemme.fi\/se\/wp-json\/wp\/v2\/comments?post=54"}],"version-history":[{"count":13,"href":"https:\/\/www.yhteisetlapsemme.fi\/se\/wp-json\/wp\/v2\/pages\/54\/revisions"}],"predecessor-version":[{"id":941,"href":"https:\/\/www.yhteisetlapsemme.fi\/se\/wp-json\/wp\/v2\/pages\/54\/revisions\/941"}],"up":[{"embeddable":true,"href":"https:\/\/www.yhteisetlapsemme.fi\/se\/wp-json\/wp\/v2\/pages\/52"}],"wp:featuredmedia":[{"embeddable":true,"href":"https:\/\/www.yhteisetlapsemme.fi\/se\/wp-json\/wp\/v2\/media\/279"}],"wp:attachment":[{"href":"https:\/\/www.yhteisetlapsemme.fi\/se\/wp-json\/wp\/v2\/media?parent=54"}],"curies":[{"name":"wp","href":"https:\/\/api.w.org\/{rel}","templated":true}]}}