{"id":52,"date":"2017-03-29T09:15:09","date_gmt":"2017-03-29T09:15:09","guid":{"rendered":"http:\/\/localhost:8888\/yhteisetlapsemme\/?page_id=52"},"modified":"2024-10-31T13:17:10","modified_gmt":"2024-10-31T13:17:10","slug":"var-modig-och-hygglig","status":"publish","type":"page","link":"https:\/\/www.yhteisetlapsemme.fi\/se\/var-modig-och-hygglig\/","title":{"rendered":"Var modig och hygglig"},"content":{"rendered":"<h1>Var modig och hygglig<\/h1>\n<p>V\u00e5ra Gemensamma Barn rf jobbar mot rasism, diskriminering och hatretorik i det finska samh\u00e4llet. V\u00e5rt m\u00e5l \u00e4r s\u00e4rskilt att skydda barn och unga mot rasism och st\u00f6da barn och unga som blivit utsatta f\u00f6r rasism.<\/p>\n<p>Vi anser att man m\u00e5ste ingripa i rasistiskt beteende i sm\u00e5barnspedagogiken, i skolan och p\u00e5 fritiden. De vuxna har en skyldighet att ingripa. Strukturell rasism m\u00e5ste identifieras och motverkas p\u00e5 alla niv\u00e5er i samh\u00e4llet. Rasistiskt tal m\u00e5ste upph\u00f6ra i den offentliga diskussionen.<\/p>\n<p>V\u00e5ra Gemensamma Barn rf uppmuntrar barn och unga till en modig, hygglig och omt\u00e4nksam kultur. Som en del av v\u00e5rt p\u00e5verkningsarbete erbjuder vi barn och unga <em>Var modig och hygglig<\/em> -workshops. Syftet med dem \u00e4r att fr\u00e4mja f\u00f6rst\u00e5elsen f\u00f6r m\u00e5ngfald samt att f\u00f6rst\u00e4rka f\u00f6rm\u00e5gan att ta h\u00e4nsyn och ingripa. Workshops leds av workshopledare som V\u00e5ra Gemensamma Barn rf utbildat och de \u00e4r kostnadsfria f\u00f6r best\u00e4llaren.<\/p>\n","protected":false},"excerpt":{"rendered":"Var modig och hygglig V\u00e5ra Gemensamma Barn rf jobbar mot rasism, diskriminering och hatretorik i det finska samh\u00e4llet. V\u00e5rt m\u00e5l \u00e4r s\u00e4rskilt att skydda barn och unga mot rasism och st\u00f6da barn och unga som blivit utsatta f\u00f6r rasism. Vi anser att man m\u00e5ste ingripa i rasistiskt beteende i sm\u00e5barnspedagogiken, i skolan och p\u00e5 fritiden&#8230;.<p> <a class=\"round-button\" href=\"https:\/\/www.yhteisetlapsemme.fi\/se\/var-modig-och-hygglig\/\">L\u00e4s mer<\/a><\/p>","protected":false},"author":1,"featured_media":943,"parent":0,"menu_order":0,"comment_status":"closed","ping_status":"closed","template":"page-sidebarleft.php","meta":{"_acf_changed":false,"footnotes":""},"class_list":["post-52","page","type-page","status-publish","has-post-thumbnail","hentry"],"acf":[],"yoast_head":"<!-- This site is optimized with the Yoast SEO plugin v25.8 - https:\/\/yoast.com\/wordpress\/plugins\/seo\/ -->\n<title>Var modig och hygglig - V\u00e5ra Gemensamma Barn<\/title>\n<meta name=\"robots\" content=\"index, follow, max-snippet:-1, max-image-preview:large, max-video-preview:-1\" \/>\n<link rel=\"canonical\" href=\"https:\/\/www.yhteisetlapsemme.fi\/se\/var-modig-och-hygglig\/\" \/>\n<meta property=\"og:locale\" content=\"sv_SE\" \/>\n<meta property=\"og:type\" content=\"article\" \/>\n<meta property=\"og:title\" content=\"Var modig och hygglig - V\u00e5ra Gemensamma Barn\" \/>\n<meta property=\"og:description\" content=\"Var modig och hygglig V\u00e5ra Gemensamma Barn rf jobbar mot rasism, diskriminering och hatretorik i det finska samh\u00e4llet. V\u00e5rt m\u00e5l \u00e4r s\u00e4rskilt att skydda barn och unga mot rasism och st\u00f6da barn och unga som blivit utsatta f\u00f6r rasism. Vi anser att man m\u00e5ste ingripa i rasistiskt beteende i sm\u00e5barnspedagogiken, i skolan och p\u00e5 fritiden.... L\u00e4s mer\" \/>\n<meta property=\"og:url\" content=\"https:\/\/www.yhteisetlapsemme.fi\/se\/var-modig-och-hygglig\/\" \/>\n<meta property=\"og:site_name\" content=\"V\u00e5ra Gemensamma Barn\" \/>\n<meta property=\"article:modified_time\" content=\"2024-10-31T13:17:10+00:00\" \/>\n<meta property=\"og:image\" content=\"https:\/\/www.yhteisetlapsemme.fi\/se\/wp-content\/uploads\/sites\/2\/2024\/10\/Artikkelikuva-koulutus-Helsinki-kevat-nettiin-2020.jpg\" \/>\n\t<meta property=\"og:image:width\" content=\"1200\" \/>\n\t<meta property=\"og:image:height\" content=\"450\" \/>\n\t<meta property=\"og:image:type\" content=\"image\/jpeg\" \/>\n<meta name=\"twitter:card\" content=\"summary_large_image\" \/>\n<meta name=\"twitter:label1\" content=\"Ber\u00e4knad l\u00e4stid\" \/>\n\t<meta name=\"twitter:data1\" content=\"1 minut\" \/>\n<script type=\"application\/ld+json\" class=\"yoast-schema-graph\">{\"@context\":\"https:\/\/schema.org\",\"@graph\":[{\"@type\":\"WebPage\",\"@id\":\"https:\/\/www.yhteisetlapsemme.fi\/se\/var-modig-och-hygglig\/\",\"url\":\"https:\/\/www.yhteisetlapsemme.fi\/se\/var-modig-och-hygglig\/\",\"name\":\"Var modig och hygglig - V\u00e5ra Gemensamma Barn\",\"isPartOf\":{\"@id\":\"https:\/\/www.yhteisetlapsemme.fi\/se\/#website\"},\"primaryImageOfPage\":{\"@id\":\"https:\/\/www.yhteisetlapsemme.fi\/se\/var-modig-och-hygglig\/#primaryimage\"},\"image\":{\"@id\":\"https:\/\/www.yhteisetlapsemme.fi\/se\/var-modig-och-hygglig\/#primaryimage\"},\"thumbnailUrl\":\"https:\/\/www.yhteisetlapsemme.fi\/se\/wp-content\/uploads\/sites\/2\/2024\/10\/Artikkelikuva-koulutus-Helsinki-kevat-nettiin-2020.jpg\",\"datePublished\":\"2017-03-29T09:15:09+00:00\",\"dateModified\":\"2024-10-31T13:17:10+00:00\",\"breadcrumb\":{\"@id\":\"https:\/\/www.yhteisetlapsemme.fi\/se\/var-modig-och-hygglig\/#breadcrumb\"},\"inLanguage\":\"sv-SE\",\"potentialAction\":[{\"@type\":\"ReadAction\",\"target\":[\"https:\/\/www.yhteisetlapsemme.fi\/se\/var-modig-och-hygglig\/\"]}]},{\"@type\":\"ImageObject\",\"inLanguage\":\"sv-SE\",\"@id\":\"https:\/\/www.yhteisetlapsemme.fi\/se\/var-modig-och-hygglig\/#primaryimage\",\"url\":\"https:\/\/www.yhteisetlapsemme.fi\/se\/wp-content\/uploads\/sites\/2\/2024\/10\/Artikkelikuva-koulutus-Helsinki-kevat-nettiin-2020.jpg\",\"contentUrl\":\"https:\/\/www.yhteisetlapsemme.fi\/se\/wp-content\/uploads\/sites\/2\/2024\/10\/Artikkelikuva-koulutus-Helsinki-kevat-nettiin-2020.jpg\",\"width\":1200,\"height\":450},{\"@type\":\"BreadcrumbList\",\"@id\":\"https:\/\/www.yhteisetlapsemme.fi\/se\/var-modig-och-hygglig\/#breadcrumb\",\"itemListElement\":[{\"@type\":\"ListItem\",\"position\":1,\"name\":\"Etusivu\",\"item\":\"https:\/\/www.yhteisetlapsemme.fi\/se\/\"},{\"@type\":\"ListItem\",\"position\":2,\"name\":\"Var modig och hygglig\"}]},{\"@type\":\"WebSite\",\"@id\":\"https:\/\/www.yhteisetlapsemme.fi\/se\/#website\",\"url\":\"https:\/\/www.yhteisetlapsemme.fi\/se\/\",\"name\":\"V\u00e5ra Gemensamma Barn\",\"description\":\"Just another WordPress site\",\"potentialAction\":[{\"@type\":\"SearchAction\",\"target\":{\"@type\":\"EntryPoint\",\"urlTemplate\":\"https:\/\/www.yhteisetlapsemme.fi\/se\/?s={search_term_string}\"},\"query-input\":{\"@type\":\"PropertyValueSpecification\",\"valueRequired\":true,\"valueName\":\"search_term_string\"}}],\"inLanguage\":\"sv-SE\"}]}<\/script>\n<!-- \/ Yoast SEO plugin. -->","yoast_head_json":{"title":"Var modig och hygglig - V\u00e5ra Gemensamma Barn","robots":{"index":"index","follow":"follow","max-snippet":"max-snippet:-1","max-image-preview":"max-image-preview:large","max-video-preview":"max-video-preview:-1"},"canonical":"https:\/\/www.yhteisetlapsemme.fi\/se\/var-modig-och-hygglig\/","og_locale":"sv_SE","og_type":"article","og_title":"Var modig och hygglig - V\u00e5ra Gemensamma Barn","og_description":"Var modig och hygglig V\u00e5ra Gemensamma Barn rf jobbar mot rasism, diskriminering och hatretorik i det finska samh\u00e4llet. V\u00e5rt m\u00e5l \u00e4r s\u00e4rskilt att skydda barn och unga mot rasism och st\u00f6da barn och unga som blivit utsatta f\u00f6r rasism. Vi anser att man m\u00e5ste ingripa i rasistiskt beteende i sm\u00e5barnspedagogiken, i skolan och p\u00e5 fritiden.... L\u00e4s mer","og_url":"https:\/\/www.yhteisetlapsemme.fi\/se\/var-modig-och-hygglig\/","og_site_name":"V\u00e5ra Gemensamma Barn","article_modified_time":"2024-10-31T13:17:10+00:00","og_image":[{"width":1200,"height":450,"url":"https:\/\/www.yhteisetlapsemme.fi\/se\/wp-content\/uploads\/sites\/2\/2024\/10\/Artikkelikuva-koulutus-Helsinki-kevat-nettiin-2020.jpg","type":"image\/jpeg"}],"twitter_card":"summary_large_image","twitter_misc":{"Ber\u00e4knad l\u00e4stid":"1 minut"},"schema":{"@context":"https:\/\/schema.org","@graph":[{"@type":"WebPage","@id":"https:\/\/www.yhteisetlapsemme.fi\/se\/var-modig-och-hygglig\/","url":"https:\/\/www.yhteisetlapsemme.fi\/se\/var-modig-och-hygglig\/","name":"Var modig och hygglig - V\u00e5ra Gemensamma Barn","isPartOf":{"@id":"https:\/\/www.yhteisetlapsemme.fi\/se\/#website"},"primaryImageOfPage":{"@id":"https:\/\/www.yhteisetlapsemme.fi\/se\/var-modig-och-hygglig\/#primaryimage"},"image":{"@id":"https:\/\/www.yhteisetlapsemme.fi\/se\/var-modig-och-hygglig\/#primaryimage"},"thumbnailUrl":"https:\/\/www.yhteisetlapsemme.fi\/se\/wp-content\/uploads\/sites\/2\/2024\/10\/Artikkelikuva-koulutus-Helsinki-kevat-nettiin-2020.jpg","datePublished":"2017-03-29T09:15:09+00:00","dateModified":"2024-10-31T13:17:10+00:00","breadcrumb":{"@id":"https:\/\/www.yhteisetlapsemme.fi\/se\/var-modig-och-hygglig\/#breadcrumb"},"inLanguage":"sv-SE","potentialAction":[{"@type":"ReadAction","target":["https:\/\/www.yhteisetlapsemme.fi\/se\/var-modig-och-hygglig\/"]}]},{"@type":"ImageObject","inLanguage":"sv-SE","@id":"https:\/\/www.yhteisetlapsemme.fi\/se\/var-modig-och-hygglig\/#primaryimage","url":"https:\/\/www.yhteisetlapsemme.fi\/se\/wp-content\/uploads\/sites\/2\/2024\/10\/Artikkelikuva-koulutus-Helsinki-kevat-nettiin-2020.jpg","contentUrl":"https:\/\/www.yhteisetlapsemme.fi\/se\/wp-content\/uploads\/sites\/2\/2024\/10\/Artikkelikuva-koulutus-Helsinki-kevat-nettiin-2020.jpg","width":1200,"height":450},{"@type":"BreadcrumbList","@id":"https:\/\/www.yhteisetlapsemme.fi\/se\/var-modig-och-hygglig\/#breadcrumb","itemListElement":[{"@type":"ListItem","position":1,"name":"Etusivu","item":"https:\/\/www.yhteisetlapsemme.fi\/se\/"},{"@type":"ListItem","position":2,"name":"Var modig och hygglig"}]},{"@type":"WebSite","@id":"https:\/\/www.yhteisetlapsemme.fi\/se\/#website","url":"https:\/\/www.yhteisetlapsemme.fi\/se\/","name":"V\u00e5ra Gemensamma Barn","description":"Just another WordPress site","potentialAction":[{"@type":"SearchAction","target":{"@type":"EntryPoint","urlTemplate":"https:\/\/www.yhteisetlapsemme.fi\/se\/?s={search_term_string}"},"query-input":{"@type":"PropertyValueSpecification","valueRequired":true,"valueName":"search_term_string"}}],"inLanguage":"sv-SE"}]}},"_links":{"self":[{"href":"https:\/\/www.yhteisetlapsemme.fi\/se\/wp-json\/wp\/v2\/pages\/52","targetHints":{"allow":["GET"]}}],"collection":[{"href":"https:\/\/www.yhteisetlapsemme.fi\/se\/wp-json\/wp\/v2\/pages"}],"about":[{"href":"https:\/\/www.yhteisetlapsemme.fi\/se\/wp-json\/wp\/v2\/types\/page"}],"author":[{"embeddable":true,"href":"https:\/\/www.yhteisetlapsemme.fi\/se\/wp-json\/wp\/v2\/users\/1"}],"replies":[{"embeddable":true,"href":"https:\/\/www.yhteisetlapsemme.fi\/se\/wp-json\/wp\/v2\/comments?post=52"}],"version-history":[{"count":9,"href":"https:\/\/www.yhteisetlapsemme.fi\/se\/wp-json\/wp\/v2\/pages\/52\/revisions"}],"predecessor-version":[{"id":945,"href":"https:\/\/www.yhteisetlapsemme.fi\/se\/wp-json\/wp\/v2\/pages\/52\/revisions\/945"}],"wp:featuredmedia":[{"embeddable":true,"href":"https:\/\/www.yhteisetlapsemme.fi\/se\/wp-json\/wp\/v2\/media\/943"}],"wp:attachment":[{"href":"https:\/\/www.yhteisetlapsemme.fi\/se\/wp-json\/wp\/v2\/media?parent=52"}],"curies":[{"name":"wp","href":"https:\/\/api.w.org\/{rel}","templated":true}]}}