{"id":42,"date":"2017-03-29T09:13:00","date_gmt":"2017-03-29T09:13:00","guid":{"rendered":"http:\/\/localhost:8888\/yhteisetlapsemme\/?page_id=42"},"modified":"2024-10-28T11:52:48","modified_gmt":"2024-10-28T11:52:48","slug":"fadder-och-utvecklingssamarbete","status":"publish","type":"page","link":"https:\/\/www.yhteisetlapsemme.fi\/se\/fadder-och-utvecklingssamarbete\/","title":{"rendered":"St\u00f6d f\u00f6r integration"},"content":{"rendered":"<h2>Kom med \u2013 m\u00e5nga s\u00e4tt att delta<\/h2>\n<h3>Bli st\u00f6dfamilj<\/h3>\n<p>En st\u00f6dfamilj st\u00f6der integrationen av ett flyktingbarn eller en ungdom som kommit till Finland som minder\u00e5rig utan familj. St\u00f6dfamiljen ger en inblick i det finska familjelivet och \u00e4r en tillf\u00f6rlitlig v\u00e4nfamilj. Den unga tr\u00e4ffar st\u00f6dfamiljen 1\u20134 g\u00e5nger per m\u00e5nad, oftast i familjens hem och kan ocks\u00e5 \u00f6vernatta hos familjen.<\/p>\n<p>Hela familjen fungerar som st\u00f6dfamilj, s\u00e5 barnfamiljer, par och ensamlevande vuxna kan allts\u00e5 bli st\u00f6dfamiljer. Vi s\u00f6ker vanliga trygga familjer som har plats f\u00f6r ytterligare ett barn i sitt liv. Den unga kan delta i familjens normala vardag och gemensamma syssels\u00e4ttningar.<\/p>\n<p>St\u00f6dfamiljsf\u00f6r\u00e4ldrarna avl\u00e4gger en utbildning eller distansutbildning p\u00e5 12 timmar, d\u00e4r de f\u00e5r f\u00e4rdigheter att bem\u00f6ta och st\u00f6da barn och unga med bakgrund som asyls\u00f6kande. Vi g\u00f6r ocks\u00e5 hembes\u00f6k hos st\u00f6dfamiljerna och intervjuar dem. Med st\u00f6dfamiljernas samtycke kontrollerar vi deras brottsliga bakgrund och klientregisteruppgifter hos socialf\u00f6rvaltningen.<\/p>\n<h3>Bli st\u00f6dperson<\/h3>\n<p>En st\u00f6dperson \u00e4r en vuxen v\u00e4n till ett flyktingbarn eller en ungdom som anl\u00e4nt som minder\u00e5rig utan familj. St\u00f6dfamiljen ger st\u00f6d f\u00f6r integrationen och i vardagen. St\u00f6dpersonen tr\u00e4ffar den unga i boendeenheten eller utanf\u00f6r hemmet 1\u20134 g\u00e5nger per m\u00e5nad. Den unga och st\u00f6dpersonen kan till exempel syssla med olika aktiviteter, vistas utomhus, g\u00e5 p\u00e5 kaffe eller st\u00f6dpersonen kan hj\u00e4lpa till med l\u00e4xorna. Vi s\u00f6ker trygga vuxna som kan f\u00f6rbinda sig till att verka som st\u00f6dpersoner vid behov l\u00e5ngvarigt.<\/p>\n<p>St\u00f6dpersonerna avl\u00e4gger en utbildning eller distansutbildning p\u00e5 12 timmar, i vilken det ing\u00e5r en intervju och hemuppgifter. Med st\u00f6dpersonernas samtycke kontrollerar vi deras brottsliga bakgrund och klientregisteruppgifter hos socialf\u00f6rvaltningen.<\/p>\n<p><strong>Mer information om st\u00f6dfamiljs- och st\u00f6dpersonverksamheten:<\/strong><\/p>\n<p><strong>Heini Aaltonen<\/strong>, tel. 044 7211 245 eller <a href=\"mailto:heini.aaltonen@yhteisetlapsemme.fi\">heini.aaltonen@yhteisetlapsemme.fi<\/a><\/p>\n<h3>Kom med i integrationsfr\u00e4mjande fritidsverksamhet<\/h3>\n<p>Om du vill l\u00e4ra k\u00e4nna nya m\u00e4nniskor och pr\u00f6va p\u00e5 volont\u00e4rverksamhet, kom med och ordna gemensamma stunder i vardagen f\u00f6r familjer som bor i mottagningscentraler. Du \u00e4r v\u00e4lkommen med p\u00e5 v\u00e5ra utflykter, som v\u00e5ra volont\u00e4rer ordnar f\u00f6r asyls\u00f6kande barn och unga samt deras f\u00f6r\u00e4ldrar. Du kan ocks\u00e5 komma med egna id\u00e9er om utflykter till exempel till teatrar, museer, ut i naturen eller kanske till en n\u00e4rbel\u00e4gen park eller ett kaf\u00e9.<\/p>\n<p>Dessutom kan du under \u00e5rets lopp delta i v\u00e5ra evenemang, fester, pop up-verkst\u00e4der och jippon. Vi v\u00e4lkomnar alltid ett par extra h\u00e4nder f\u00f6r pyssel, skapande, spel och lekar. Det viktigaste \u00e4r att du sk\u00e4nker lite av din tid och vill m\u00f6ta nya m\u00e4nniskor.<\/p>\n<h3>S\u00e4kerheten i volont\u00e4rverksamheten<\/h3>\n<p>V\u00e5ra Gemensamma Barn ser till att all v\u00e5r volont\u00e4rverksamhet \u00e4r trygg f\u00f6r barnen och de unga. Vi kommer att be alla v\u00e5ra volont\u00e4rer som regelbundet verkar med minder\u00e5riga om samtycke till kontroll av brottslig bakgrund (Lagen om kontroll av brottslig bakgrund hos frivilliga som deltar i verksamhet bland barn 148\/2014). Dessutom f\u00f6ruts\u00e4tter vi att alla v\u00e5ra volont\u00e4rer f\u00f6rbinder sig till v\u00e5ra s\u00e4kerhetsanvisningar. Av st\u00f6dfamiljerna och st\u00f6dpersonerna ber vi ocks\u00e5 samtycke till kontroll av klientregisteruppgifter hos socialf\u00f6rvaltningen (16 \u00a7 i lagen om klientens st\u00e4llning och r\u00e4ttigheter inom socialv\u00e5rden 2000\/812).<\/p>\n","protected":false},"excerpt":{"rendered":"Kom med \u2013 m\u00e5nga s\u00e4tt att delta Bli st\u00f6dfamilj En st\u00f6dfamilj st\u00f6der integrationen av ett flyktingbarn eller en ungdom som kommit till Finland som minder\u00e5rig utan familj. St\u00f6dfamiljen ger en inblick i det finska familjelivet och \u00e4r en tillf\u00f6rlitlig v\u00e4nfamilj. Den unga tr\u00e4ffar st\u00f6dfamiljen 1\u20134 g\u00e5nger per m\u00e5nad, oftast i familjens hem och kan ocks\u00e5&#8230;<p> <a class=\"round-button\" href=\"https:\/\/www.yhteisetlapsemme.fi\/se\/fadder-och-utvecklingssamarbete\/\">L\u00e4s mer<\/a><\/p>","protected":false},"author":1,"featured_media":910,"parent":0,"menu_order":0,"comment_status":"closed","ping_status":"closed","template":"page-sidebarleft.php","meta":{"_acf_changed":false,"footnotes":""},"class_list":["post-42","page","type-page","status-publish","has-post-thumbnail","hentry"],"acf":[],"yoast_head":"<!-- This site is optimized with the Yoast SEO plugin v25.8 - https:\/\/yoast.com\/wordpress\/plugins\/seo\/ -->\n<title>St\u00f6d f\u00f6r integration - V\u00e5ra Gemensamma Barn<\/title>\n<meta name=\"robots\" content=\"index, follow, max-snippet:-1, max-image-preview:large, max-video-preview:-1\" \/>\n<link rel=\"canonical\" href=\"https:\/\/www.yhteisetlapsemme.fi\/se\/fadder-och-utvecklingssamarbete\/\" \/>\n<meta property=\"og:locale\" content=\"sv_SE\" \/>\n<meta property=\"og:type\" content=\"article\" \/>\n<meta property=\"og:title\" content=\"St\u00f6d f\u00f6r integration - V\u00e5ra Gemensamma Barn\" \/>\n<meta property=\"og:description\" content=\"Kom med \u2013 m\u00e5nga s\u00e4tt att delta Bli st\u00f6dfamilj En st\u00f6dfamilj st\u00f6der integrationen av ett flyktingbarn eller en ungdom som kommit till Finland som minder\u00e5rig utan familj. St\u00f6dfamiljen ger en inblick i det finska familjelivet och \u00e4r en tillf\u00f6rlitlig v\u00e4nfamilj. Den unga tr\u00e4ffar st\u00f6dfamiljen 1\u20134 g\u00e5nger per m\u00e5nad, oftast i familjens hem och kan ocks\u00e5... L\u00e4s mer\" \/>\n<meta property=\"og:url\" content=\"https:\/\/www.yhteisetlapsemme.fi\/se\/fadder-och-utvecklingssamarbete\/\" \/>\n<meta property=\"og:site_name\" content=\"V\u00e5ra Gemensamma Barn\" \/>\n<meta property=\"article:modified_time\" content=\"2024-10-28T11:52:48+00:00\" \/>\n<meta property=\"og:image\" content=\"https:\/\/www.yhteisetlapsemme.fi\/se\/wp-content\/uploads\/sites\/2\/2024\/10\/artikkeikuva-hajar-ja-salla-3-kuva-pauline.jpg\" \/>\n\t<meta property=\"og:image:width\" content=\"1200\" \/>\n\t<meta property=\"og:image:height\" content=\"450\" \/>\n\t<meta property=\"og:image:type\" content=\"image\/jpeg\" \/>\n<meta name=\"twitter:card\" content=\"summary_large_image\" \/>\n<meta name=\"twitter:label1\" content=\"Ber\u00e4knad l\u00e4stid\" \/>\n\t<meta name=\"twitter:data1\" content=\"3 minuter\" \/>\n<script type=\"application\/ld+json\" class=\"yoast-schema-graph\">{\"@context\":\"https:\/\/schema.org\",\"@graph\":[{\"@type\":\"WebPage\",\"@id\":\"https:\/\/www.yhteisetlapsemme.fi\/se\/fadder-och-utvecklingssamarbete\/\",\"url\":\"https:\/\/www.yhteisetlapsemme.fi\/se\/fadder-och-utvecklingssamarbete\/\",\"name\":\"St\u00f6d f\u00f6r integration - V\u00e5ra Gemensamma Barn\",\"isPartOf\":{\"@id\":\"https:\/\/www.yhteisetlapsemme.fi\/se\/#website\"},\"primaryImageOfPage\":{\"@id\":\"https:\/\/www.yhteisetlapsemme.fi\/se\/fadder-och-utvecklingssamarbete\/#primaryimage\"},\"image\":{\"@id\":\"https:\/\/www.yhteisetlapsemme.fi\/se\/fadder-och-utvecklingssamarbete\/#primaryimage\"},\"thumbnailUrl\":\"https:\/\/www.yhteisetlapsemme.fi\/se\/wp-content\/uploads\/sites\/2\/2024\/10\/artikkeikuva-hajar-ja-salla-3-kuva-pauline.jpg\",\"datePublished\":\"2017-03-29T09:13:00+00:00\",\"dateModified\":\"2024-10-28T11:52:48+00:00\",\"breadcrumb\":{\"@id\":\"https:\/\/www.yhteisetlapsemme.fi\/se\/fadder-och-utvecklingssamarbete\/#breadcrumb\"},\"inLanguage\":\"sv-SE\",\"potentialAction\":[{\"@type\":\"ReadAction\",\"target\":[\"https:\/\/www.yhteisetlapsemme.fi\/se\/fadder-och-utvecklingssamarbete\/\"]}]},{\"@type\":\"ImageObject\",\"inLanguage\":\"sv-SE\",\"@id\":\"https:\/\/www.yhteisetlapsemme.fi\/se\/fadder-och-utvecklingssamarbete\/#primaryimage\",\"url\":\"https:\/\/www.yhteisetlapsemme.fi\/se\/wp-content\/uploads\/sites\/2\/2024\/10\/artikkeikuva-hajar-ja-salla-3-kuva-pauline.jpg\",\"contentUrl\":\"https:\/\/www.yhteisetlapsemme.fi\/se\/wp-content\/uploads\/sites\/2\/2024\/10\/artikkeikuva-hajar-ja-salla-3-kuva-pauline.jpg\",\"width\":1200,\"height\":450},{\"@type\":\"BreadcrumbList\",\"@id\":\"https:\/\/www.yhteisetlapsemme.fi\/se\/fadder-och-utvecklingssamarbete\/#breadcrumb\",\"itemListElement\":[{\"@type\":\"ListItem\",\"position\":1,\"name\":\"Etusivu\",\"item\":\"https:\/\/www.yhteisetlapsemme.fi\/se\/\"},{\"@type\":\"ListItem\",\"position\":2,\"name\":\"St\u00f6d f\u00f6r integration\"}]},{\"@type\":\"WebSite\",\"@id\":\"https:\/\/www.yhteisetlapsemme.fi\/se\/#website\",\"url\":\"https:\/\/www.yhteisetlapsemme.fi\/se\/\",\"name\":\"V\u00e5ra Gemensamma Barn\",\"description\":\"Just another WordPress site\",\"potentialAction\":[{\"@type\":\"SearchAction\",\"target\":{\"@type\":\"EntryPoint\",\"urlTemplate\":\"https:\/\/www.yhteisetlapsemme.fi\/se\/?s={search_term_string}\"},\"query-input\":{\"@type\":\"PropertyValueSpecification\",\"valueRequired\":true,\"valueName\":\"search_term_string\"}}],\"inLanguage\":\"sv-SE\"}]}<\/script>\n<!-- \/ Yoast SEO plugin. -->","yoast_head_json":{"title":"St\u00f6d f\u00f6r integration - V\u00e5ra Gemensamma Barn","robots":{"index":"index","follow":"follow","max-snippet":"max-snippet:-1","max-image-preview":"max-image-preview:large","max-video-preview":"max-video-preview:-1"},"canonical":"https:\/\/www.yhteisetlapsemme.fi\/se\/fadder-och-utvecklingssamarbete\/","og_locale":"sv_SE","og_type":"article","og_title":"St\u00f6d f\u00f6r integration - V\u00e5ra Gemensamma Barn","og_description":"Kom med \u2013 m\u00e5nga s\u00e4tt att delta Bli st\u00f6dfamilj En st\u00f6dfamilj st\u00f6der integrationen av ett flyktingbarn eller en ungdom som kommit till Finland som minder\u00e5rig utan familj. St\u00f6dfamiljen ger en inblick i det finska familjelivet och \u00e4r en tillf\u00f6rlitlig v\u00e4nfamilj. Den unga tr\u00e4ffar st\u00f6dfamiljen 1\u20134 g\u00e5nger per m\u00e5nad, oftast i familjens hem och kan ocks\u00e5... L\u00e4s mer","og_url":"https:\/\/www.yhteisetlapsemme.fi\/se\/fadder-och-utvecklingssamarbete\/","og_site_name":"V\u00e5ra Gemensamma Barn","article_modified_time":"2024-10-28T11:52:48+00:00","og_image":[{"width":1200,"height":450,"url":"https:\/\/www.yhteisetlapsemme.fi\/se\/wp-content\/uploads\/sites\/2\/2024\/10\/artikkeikuva-hajar-ja-salla-3-kuva-pauline.jpg","type":"image\/jpeg"}],"twitter_card":"summary_large_image","twitter_misc":{"Ber\u00e4knad l\u00e4stid":"3 minuter"},"schema":{"@context":"https:\/\/schema.org","@graph":[{"@type":"WebPage","@id":"https:\/\/www.yhteisetlapsemme.fi\/se\/fadder-och-utvecklingssamarbete\/","url":"https:\/\/www.yhteisetlapsemme.fi\/se\/fadder-och-utvecklingssamarbete\/","name":"St\u00f6d f\u00f6r integration - V\u00e5ra Gemensamma Barn","isPartOf":{"@id":"https:\/\/www.yhteisetlapsemme.fi\/se\/#website"},"primaryImageOfPage":{"@id":"https:\/\/www.yhteisetlapsemme.fi\/se\/fadder-och-utvecklingssamarbete\/#primaryimage"},"image":{"@id":"https:\/\/www.yhteisetlapsemme.fi\/se\/fadder-och-utvecklingssamarbete\/#primaryimage"},"thumbnailUrl":"https:\/\/www.yhteisetlapsemme.fi\/se\/wp-content\/uploads\/sites\/2\/2024\/10\/artikkeikuva-hajar-ja-salla-3-kuva-pauline.jpg","datePublished":"2017-03-29T09:13:00+00:00","dateModified":"2024-10-28T11:52:48+00:00","breadcrumb":{"@id":"https:\/\/www.yhteisetlapsemme.fi\/se\/fadder-och-utvecklingssamarbete\/#breadcrumb"},"inLanguage":"sv-SE","potentialAction":[{"@type":"ReadAction","target":["https:\/\/www.yhteisetlapsemme.fi\/se\/fadder-och-utvecklingssamarbete\/"]}]},{"@type":"ImageObject","inLanguage":"sv-SE","@id":"https:\/\/www.yhteisetlapsemme.fi\/se\/fadder-och-utvecklingssamarbete\/#primaryimage","url":"https:\/\/www.yhteisetlapsemme.fi\/se\/wp-content\/uploads\/sites\/2\/2024\/10\/artikkeikuva-hajar-ja-salla-3-kuva-pauline.jpg","contentUrl":"https:\/\/www.yhteisetlapsemme.fi\/se\/wp-content\/uploads\/sites\/2\/2024\/10\/artikkeikuva-hajar-ja-salla-3-kuva-pauline.jpg","width":1200,"height":450},{"@type":"BreadcrumbList","@id":"https:\/\/www.yhteisetlapsemme.fi\/se\/fadder-och-utvecklingssamarbete\/#breadcrumb","itemListElement":[{"@type":"ListItem","position":1,"name":"Etusivu","item":"https:\/\/www.yhteisetlapsemme.fi\/se\/"},{"@type":"ListItem","position":2,"name":"St\u00f6d f\u00f6r integration"}]},{"@type":"WebSite","@id":"https:\/\/www.yhteisetlapsemme.fi\/se\/#website","url":"https:\/\/www.yhteisetlapsemme.fi\/se\/","name":"V\u00e5ra Gemensamma Barn","description":"Just another WordPress site","potentialAction":[{"@type":"SearchAction","target":{"@type":"EntryPoint","urlTemplate":"https:\/\/www.yhteisetlapsemme.fi\/se\/?s={search_term_string}"},"query-input":{"@type":"PropertyValueSpecification","valueRequired":true,"valueName":"search_term_string"}}],"inLanguage":"sv-SE"}]}},"_links":{"self":[{"href":"https:\/\/www.yhteisetlapsemme.fi\/se\/wp-json\/wp\/v2\/pages\/42","targetHints":{"allow":["GET"]}}],"collection":[{"href":"https:\/\/www.yhteisetlapsemme.fi\/se\/wp-json\/wp\/v2\/pages"}],"about":[{"href":"https:\/\/www.yhteisetlapsemme.fi\/se\/wp-json\/wp\/v2\/types\/page"}],"author":[{"embeddable":true,"href":"https:\/\/www.yhteisetlapsemme.fi\/se\/wp-json\/wp\/v2\/users\/1"}],"replies":[{"embeddable":true,"href":"https:\/\/www.yhteisetlapsemme.fi\/se\/wp-json\/wp\/v2\/comments?post=42"}],"version-history":[{"count":10,"href":"https:\/\/www.yhteisetlapsemme.fi\/se\/wp-json\/wp\/v2\/pages\/42\/revisions"}],"predecessor-version":[{"id":937,"href":"https:\/\/www.yhteisetlapsemme.fi\/se\/wp-json\/wp\/v2\/pages\/42\/revisions\/937"}],"wp:featuredmedia":[{"embeddable":true,"href":"https:\/\/www.yhteisetlapsemme.fi\/se\/wp-json\/wp\/v2\/media\/910"}],"wp:attachment":[{"href":"https:\/\/www.yhteisetlapsemme.fi\/se\/wp-json\/wp\/v2\/media?parent=42"}],"curies":[{"name":"wp","href":"https:\/\/api.w.org\/{rel}","templated":true}]}}