{"id":36,"date":"2017-03-29T09:11:40","date_gmt":"2017-03-29T09:11:40","guid":{"rendered":"http:\/\/localhost:8888\/yhteisetlapsemme\/?page_id=36"},"modified":"2024-06-13T09:59:29","modified_gmt":"2024-06-13T09:59:29","slug":"mangkulturella-barnhemmet-ilola","status":"publish","type":"page","link":"https:\/\/www.yhteisetlapsemme.fi\/se\/barn-och-familjetjanster\/mangkulturella-barnhemmet-ilola\/","title":{"rendered":"M\u00e5ngkulturella Ilola-hemmet"},"content":{"rendered":"<h1>Det m\u00e5ngkulturella Ilola-hemmet<\/h1>\n<p>Det m\u00e5ngkulturella Ilola-hemmet \u00e4r en barnskyddsenhet, som erbjuder dygnet-runt v\u00e5rd i Nickby i Sibbo ca 35 km fr\u00e5n Helsingfors. Ilola-hemmet har varit verksam sedan \u00e5r 1999 och har sju platser.<\/p>\n<p>Ilola-hemmet erbjuder en trygg uppv\u00e4xtmilj\u00f6 d\u00e4r man tar h\u00e4nsyn till barnets kulturbakgrund. P\u00e5 Ilola \u00e4r man \u00e4ven bekanta med vardagliga utmaningar och fr\u00e5gor som kan uppst\u00e5 i det m\u00e5ngkulturella familjelivet.<\/p>\n<p><strong>Det m\u00e5ngkulturella Ilola-hemmet, Sibbo <\/strong><\/p>\n<p>F\u00f6rman Jari Kortsalo, tel. 044 493 7285, tel. 050 498 9740 (personal)<\/p>\n<h2><\/h2>\n","protected":false},"excerpt":{"rendered":"Det m\u00e5ngkulturella Ilola-hemmet Det m\u00e5ngkulturella Ilola-hemmet \u00e4r en barnskyddsenhet, som erbjuder dygnet-runt v\u00e5rd i Nickby i Sibbo ca 35 km fr\u00e5n Helsingfors. Ilola-hemmet har varit verksam sedan \u00e5r 1999 och har sju platser. Ilola-hemmet erbjuder en trygg uppv\u00e4xtmilj\u00f6 d\u00e4r man tar h\u00e4nsyn till barnets kulturbakgrund. P\u00e5 Ilola \u00e4r man \u00e4ven bekanta med vardagliga utmaningar och&#8230;<p> <a class=\"round-button\" href=\"https:\/\/www.yhteisetlapsemme.fi\/se\/barn-och-familjetjanster\/mangkulturella-barnhemmet-ilola\/\">L\u00e4s mer<\/a><\/p>","protected":false},"author":1,"featured_media":261,"parent":33,"menu_order":0,"comment_status":"closed","ping_status":"closed","template":"page-sidebarleft_language.php","meta":{"_acf_changed":false,"footnotes":""},"class_list":["post-36","page","type-page","status-publish","has-post-thumbnail","hentry"],"acf":[],"yoast_head":"<!-- This site is optimized with the Yoast SEO plugin v25.8 - https:\/\/yoast.com\/wordpress\/plugins\/seo\/ -->\n<title>M\u00e5ngkulturella Ilola-hemmet - V\u00e5ra Gemensamma Barn<\/title>\n<meta name=\"robots\" content=\"index, follow, max-snippet:-1, max-image-preview:large, max-video-preview:-1\" \/>\n<link rel=\"canonical\" href=\"https:\/\/www.yhteisetlapsemme.fi\/se\/barn-och-familjetjanster\/mangkulturella-barnhemmet-ilola\/\" \/>\n<meta property=\"og:locale\" content=\"sv_SE\" \/>\n<meta property=\"og:type\" content=\"article\" \/>\n<meta property=\"og:title\" content=\"M\u00e5ngkulturella Ilola-hemmet - V\u00e5ra Gemensamma Barn\" \/>\n<meta property=\"og:description\" content=\"Det m\u00e5ngkulturella Ilola-hemmet Det m\u00e5ngkulturella Ilola-hemmet \u00e4r en barnskyddsenhet, som erbjuder dygnet-runt v\u00e5rd i Nickby i Sibbo ca 35 km fr\u00e5n Helsingfors. Ilola-hemmet har varit verksam sedan \u00e5r 1999 och har sju platser. Ilola-hemmet erbjuder en trygg uppv\u00e4xtmilj\u00f6 d\u00e4r man tar h\u00e4nsyn till barnets kulturbakgrund. P\u00e5 Ilola \u00e4r man \u00e4ven bekanta med vardagliga utmaningar och... L\u00e4s mer\" \/>\n<meta property=\"og:url\" content=\"https:\/\/www.yhteisetlapsemme.fi\/se\/barn-och-familjetjanster\/mangkulturella-barnhemmet-ilola\/\" \/>\n<meta property=\"og:site_name\" content=\"V\u00e5ra Gemensamma Barn\" \/>\n<meta property=\"article:modified_time\" content=\"2024-06-13T09:59:29+00:00\" \/>\n<meta property=\"og:image\" content=\"https:\/\/www.yhteisetlapsemme.fi\/se\/wp-content\/uploads\/sites\/2\/2017\/03\/ilola.jpg\" \/>\n\t<meta property=\"og:image:width\" content=\"1200\" \/>\n\t<meta property=\"og:image:height\" content=\"450\" \/>\n\t<meta property=\"og:image:type\" content=\"image\/jpeg\" \/>\n<meta name=\"twitter:card\" content=\"summary_large_image\" \/>\n<meta name=\"twitter:label1\" content=\"Ber\u00e4knad l\u00e4stid\" \/>\n\t<meta name=\"twitter:data1\" content=\"1 minut\" \/>\n<script type=\"application\/ld+json\" class=\"yoast-schema-graph\">{\"@context\":\"https:\/\/schema.org\",\"@graph\":[{\"@type\":\"WebPage\",\"@id\":\"https:\/\/www.yhteisetlapsemme.fi\/se\/barn-och-familjetjanster\/mangkulturella-barnhemmet-ilola\/\",\"url\":\"https:\/\/www.yhteisetlapsemme.fi\/se\/barn-och-familjetjanster\/mangkulturella-barnhemmet-ilola\/\",\"name\":\"M\u00e5ngkulturella Ilola-hemmet - V\u00e5ra Gemensamma Barn\",\"isPartOf\":{\"@id\":\"https:\/\/www.yhteisetlapsemme.fi\/se\/#website\"},\"primaryImageOfPage\":{\"@id\":\"https:\/\/www.yhteisetlapsemme.fi\/se\/barn-och-familjetjanster\/mangkulturella-barnhemmet-ilola\/#primaryimage\"},\"image\":{\"@id\":\"https:\/\/www.yhteisetlapsemme.fi\/se\/barn-och-familjetjanster\/mangkulturella-barnhemmet-ilola\/#primaryimage\"},\"thumbnailUrl\":\"https:\/\/www.yhteisetlapsemme.fi\/se\/wp-content\/uploads\/sites\/2\/2017\/03\/ilola.jpg\",\"datePublished\":\"2017-03-29T09:11:40+00:00\",\"dateModified\":\"2024-06-13T09:59:29+00:00\",\"breadcrumb\":{\"@id\":\"https:\/\/www.yhteisetlapsemme.fi\/se\/barn-och-familjetjanster\/mangkulturella-barnhemmet-ilola\/#breadcrumb\"},\"inLanguage\":\"sv-SE\",\"potentialAction\":[{\"@type\":\"ReadAction\",\"target\":[\"https:\/\/www.yhteisetlapsemme.fi\/se\/barn-och-familjetjanster\/mangkulturella-barnhemmet-ilola\/\"]}]},{\"@type\":\"ImageObject\",\"inLanguage\":\"sv-SE\",\"@id\":\"https:\/\/www.yhteisetlapsemme.fi\/se\/barn-och-familjetjanster\/mangkulturella-barnhemmet-ilola\/#primaryimage\",\"url\":\"https:\/\/www.yhteisetlapsemme.fi\/se\/wp-content\/uploads\/sites\/2\/2017\/03\/ilola.jpg\",\"contentUrl\":\"https:\/\/www.yhteisetlapsemme.fi\/se\/wp-content\/uploads\/sites\/2\/2017\/03\/ilola.jpg\",\"width\":1200,\"height\":450,\"caption\":\"Ilola\"},{\"@type\":\"BreadcrumbList\",\"@id\":\"https:\/\/www.yhteisetlapsemme.fi\/se\/barn-och-familjetjanster\/mangkulturella-barnhemmet-ilola\/#breadcrumb\",\"itemListElement\":[{\"@type\":\"ListItem\",\"position\":1,\"name\":\"Etusivu\",\"item\":\"https:\/\/www.yhteisetlapsemme.fi\/se\/\"},{\"@type\":\"ListItem\",\"position\":2,\"name\":\"Barn- och familjetj\u00e4nster\",\"item\":\"https:\/\/www.yhteisetlapsemme.fi\/se\/barn-och-familjetjanster\/\"},{\"@type\":\"ListItem\",\"position\":3,\"name\":\"M\u00e5ngkulturella Ilola-hemmet\"}]},{\"@type\":\"WebSite\",\"@id\":\"https:\/\/www.yhteisetlapsemme.fi\/se\/#website\",\"url\":\"https:\/\/www.yhteisetlapsemme.fi\/se\/\",\"name\":\"V\u00e5ra Gemensamma Barn\",\"description\":\"Just another WordPress site\",\"potentialAction\":[{\"@type\":\"SearchAction\",\"target\":{\"@type\":\"EntryPoint\",\"urlTemplate\":\"https:\/\/www.yhteisetlapsemme.fi\/se\/?s={search_term_string}\"},\"query-input\":{\"@type\":\"PropertyValueSpecification\",\"valueRequired\":true,\"valueName\":\"search_term_string\"}}],\"inLanguage\":\"sv-SE\"}]}<\/script>\n<!-- \/ Yoast SEO plugin. -->","yoast_head_json":{"title":"M\u00e5ngkulturella Ilola-hemmet - V\u00e5ra Gemensamma Barn","robots":{"index":"index","follow":"follow","max-snippet":"max-snippet:-1","max-image-preview":"max-image-preview:large","max-video-preview":"max-video-preview:-1"},"canonical":"https:\/\/www.yhteisetlapsemme.fi\/se\/barn-och-familjetjanster\/mangkulturella-barnhemmet-ilola\/","og_locale":"sv_SE","og_type":"article","og_title":"M\u00e5ngkulturella Ilola-hemmet - V\u00e5ra Gemensamma Barn","og_description":"Det m\u00e5ngkulturella Ilola-hemmet Det m\u00e5ngkulturella Ilola-hemmet \u00e4r en barnskyddsenhet, som erbjuder dygnet-runt v\u00e5rd i Nickby i Sibbo ca 35 km fr\u00e5n Helsingfors. Ilola-hemmet har varit verksam sedan \u00e5r 1999 och har sju platser. Ilola-hemmet erbjuder en trygg uppv\u00e4xtmilj\u00f6 d\u00e4r man tar h\u00e4nsyn till barnets kulturbakgrund. P\u00e5 Ilola \u00e4r man \u00e4ven bekanta med vardagliga utmaningar och... L\u00e4s mer","og_url":"https:\/\/www.yhteisetlapsemme.fi\/se\/barn-och-familjetjanster\/mangkulturella-barnhemmet-ilola\/","og_site_name":"V\u00e5ra Gemensamma Barn","article_modified_time":"2024-06-13T09:59:29+00:00","og_image":[{"width":1200,"height":450,"url":"https:\/\/www.yhteisetlapsemme.fi\/se\/wp-content\/uploads\/sites\/2\/2017\/03\/ilola.jpg","type":"image\/jpeg"}],"twitter_card":"summary_large_image","twitter_misc":{"Ber\u00e4knad l\u00e4stid":"1 minut"},"schema":{"@context":"https:\/\/schema.org","@graph":[{"@type":"WebPage","@id":"https:\/\/www.yhteisetlapsemme.fi\/se\/barn-och-familjetjanster\/mangkulturella-barnhemmet-ilola\/","url":"https:\/\/www.yhteisetlapsemme.fi\/se\/barn-och-familjetjanster\/mangkulturella-barnhemmet-ilola\/","name":"M\u00e5ngkulturella Ilola-hemmet - V\u00e5ra Gemensamma Barn","isPartOf":{"@id":"https:\/\/www.yhteisetlapsemme.fi\/se\/#website"},"primaryImageOfPage":{"@id":"https:\/\/www.yhteisetlapsemme.fi\/se\/barn-och-familjetjanster\/mangkulturella-barnhemmet-ilola\/#primaryimage"},"image":{"@id":"https:\/\/www.yhteisetlapsemme.fi\/se\/barn-och-familjetjanster\/mangkulturella-barnhemmet-ilola\/#primaryimage"},"thumbnailUrl":"https:\/\/www.yhteisetlapsemme.fi\/se\/wp-content\/uploads\/sites\/2\/2017\/03\/ilola.jpg","datePublished":"2017-03-29T09:11:40+00:00","dateModified":"2024-06-13T09:59:29+00:00","breadcrumb":{"@id":"https:\/\/www.yhteisetlapsemme.fi\/se\/barn-och-familjetjanster\/mangkulturella-barnhemmet-ilola\/#breadcrumb"},"inLanguage":"sv-SE","potentialAction":[{"@type":"ReadAction","target":["https:\/\/www.yhteisetlapsemme.fi\/se\/barn-och-familjetjanster\/mangkulturella-barnhemmet-ilola\/"]}]},{"@type":"ImageObject","inLanguage":"sv-SE","@id":"https:\/\/www.yhteisetlapsemme.fi\/se\/barn-och-familjetjanster\/mangkulturella-barnhemmet-ilola\/#primaryimage","url":"https:\/\/www.yhteisetlapsemme.fi\/se\/wp-content\/uploads\/sites\/2\/2017\/03\/ilola.jpg","contentUrl":"https:\/\/www.yhteisetlapsemme.fi\/se\/wp-content\/uploads\/sites\/2\/2017\/03\/ilola.jpg","width":1200,"height":450,"caption":"Ilola"},{"@type":"BreadcrumbList","@id":"https:\/\/www.yhteisetlapsemme.fi\/se\/barn-och-familjetjanster\/mangkulturella-barnhemmet-ilola\/#breadcrumb","itemListElement":[{"@type":"ListItem","position":1,"name":"Etusivu","item":"https:\/\/www.yhteisetlapsemme.fi\/se\/"},{"@type":"ListItem","position":2,"name":"Barn- och familjetj\u00e4nster","item":"https:\/\/www.yhteisetlapsemme.fi\/se\/barn-och-familjetjanster\/"},{"@type":"ListItem","position":3,"name":"M\u00e5ngkulturella Ilola-hemmet"}]},{"@type":"WebSite","@id":"https:\/\/www.yhteisetlapsemme.fi\/se\/#website","url":"https:\/\/www.yhteisetlapsemme.fi\/se\/","name":"V\u00e5ra Gemensamma Barn","description":"Just another WordPress site","potentialAction":[{"@type":"SearchAction","target":{"@type":"EntryPoint","urlTemplate":"https:\/\/www.yhteisetlapsemme.fi\/se\/?s={search_term_string}"},"query-input":{"@type":"PropertyValueSpecification","valueRequired":true,"valueName":"search_term_string"}}],"inLanguage":"sv-SE"}]}},"_links":{"self":[{"href":"https:\/\/www.yhteisetlapsemme.fi\/se\/wp-json\/wp\/v2\/pages\/36","targetHints":{"allow":["GET"]}}],"collection":[{"href":"https:\/\/www.yhteisetlapsemme.fi\/se\/wp-json\/wp\/v2\/pages"}],"about":[{"href":"https:\/\/www.yhteisetlapsemme.fi\/se\/wp-json\/wp\/v2\/types\/page"}],"author":[{"embeddable":true,"href":"https:\/\/www.yhteisetlapsemme.fi\/se\/wp-json\/wp\/v2\/users\/1"}],"replies":[{"embeddable":true,"href":"https:\/\/www.yhteisetlapsemme.fi\/se\/wp-json\/wp\/v2\/comments?post=36"}],"version-history":[{"count":9,"href":"https:\/\/www.yhteisetlapsemme.fi\/se\/wp-json\/wp\/v2\/pages\/36\/revisions"}],"predecessor-version":[{"id":895,"href":"https:\/\/www.yhteisetlapsemme.fi\/se\/wp-json\/wp\/v2\/pages\/36\/revisions\/895"}],"up":[{"embeddable":true,"href":"https:\/\/www.yhteisetlapsemme.fi\/se\/wp-json\/wp\/v2\/pages\/33"}],"wp:featuredmedia":[{"embeddable":true,"href":"https:\/\/www.yhteisetlapsemme.fi\/se\/wp-json\/wp\/v2\/media\/261"}],"wp:attachment":[{"href":"https:\/\/www.yhteisetlapsemme.fi\/se\/wp-json\/wp\/v2\/media?parent=36"}],"curies":[{"name":"wp","href":"https:\/\/api.w.org\/{rel}","templated":true}]}}