{"id":33,"date":"2017-03-29T09:11:03","date_gmt":"2017-03-29T09:11:03","guid":{"rendered":"http:\/\/localhost:8888\/yhteisetlapsemme\/?page_id=33"},"modified":"2024-10-25T12:17:55","modified_gmt":"2024-10-25T12:17:55","slug":"barn-och-familjetjanster","status":"publish","type":"page","link":"https:\/\/www.yhteisetlapsemme.fi\/se\/barn-och-familjetjanster\/","title":{"rendered":"Barn- och familjetj\u00e4nster"},"content":{"rendered":"<h1>Barn- och familjetj\u00e4nster<\/h1>\n<p>V\u00e5ra Gemensamma Barn rf:s barn- och familjetj\u00e4nster st\u00f6der m\u00e5ngkulturella barns, ungdomars och familjers v\u00e4lm\u00e5ende. V\u00e5ra tj\u00e4nster baserar sig p\u00e5 en bred specialkunskap och yrkeskunskap. Vi beaktar familjens kulturella bakgrund och ger st\u00f6d vid barnets identitetsutveckling. Vi fr\u00e4mjar \u00e4ven integrationen av invandrarfamiljer samt dialogen mellan myndigheter och invandrargrupper.<\/p>\n<p>V\u00e5ra barn- och familjetj\u00e4nster best\u00e5r f\u00f6r tillf\u00e4llet av ett barnhem f\u00f6r barn och ungdomar med m\u00e5ngkulturella och invandrar bakgrund och integrerande verksamhet f\u00f6r invandrarfamiljer.<\/p>\n","protected":false},"excerpt":{"rendered":"Barn- och familjetj\u00e4nster V\u00e5ra Gemensamma Barn rf:s barn- och familjetj\u00e4nster st\u00f6der m\u00e5ngkulturella barns, ungdomars och familjers v\u00e4lm\u00e5ende. V\u00e5ra tj\u00e4nster baserar sig p\u00e5 en bred specialkunskap och yrkeskunskap. Vi beaktar familjens kulturella bakgrund och ger st\u00f6d vid barnets identitetsutveckling. Vi fr\u00e4mjar \u00e4ven integrationen av invandrarfamiljer samt dialogen mellan myndigheter och invandrargrupper. V\u00e5ra barn- och familjetj\u00e4nster best\u00e5r&#8230;<p> <a class=\"round-button\" href=\"https:\/\/www.yhteisetlapsemme.fi\/se\/barn-och-familjetjanster\/\">L\u00e4s mer<\/a><\/p>","protected":false},"author":1,"featured_media":200,"parent":0,"menu_order":0,"comment_status":"closed","ping_status":"closed","template":"page-sidebarleft_language.php","meta":{"_acf_changed":false,"footnotes":""},"class_list":["post-33","page","type-page","status-publish","has-post-thumbnail","hentry"],"acf":[],"yoast_head":"<!-- This site is optimized with the Yoast SEO plugin v25.8 - https:\/\/yoast.com\/wordpress\/plugins\/seo\/ -->\n<title>Barn- och familjetj\u00e4nster - V\u00e5ra Gemensamma Barn<\/title>\n<meta name=\"robots\" content=\"index, follow, max-snippet:-1, max-image-preview:large, max-video-preview:-1\" \/>\n<link rel=\"canonical\" href=\"https:\/\/www.yhteisetlapsemme.fi\/se\/barn-och-familjetjanster\/\" \/>\n<meta property=\"og:locale\" content=\"sv_SE\" \/>\n<meta property=\"og:type\" content=\"article\" \/>\n<meta property=\"og:title\" content=\"Barn- och familjetj\u00e4nster - V\u00e5ra Gemensamma Barn\" \/>\n<meta property=\"og:description\" content=\"Barn- och familjetj\u00e4nster V\u00e5ra Gemensamma Barn rf:s barn- och familjetj\u00e4nster st\u00f6der m\u00e5ngkulturella barns, ungdomars och familjers v\u00e4lm\u00e5ende. V\u00e5ra tj\u00e4nster baserar sig p\u00e5 en bred specialkunskap och yrkeskunskap. Vi beaktar familjens kulturella bakgrund och ger st\u00f6d vid barnets identitetsutveckling. Vi fr\u00e4mjar \u00e4ven integrationen av invandrarfamiljer samt dialogen mellan myndigheter och invandrargrupper. V\u00e5ra barn- och familjetj\u00e4nster best\u00e5r... L\u00e4s mer\" \/>\n<meta property=\"og:url\" content=\"https:\/\/www.yhteisetlapsemme.fi\/se\/barn-och-familjetjanster\/\" \/>\n<meta property=\"og:site_name\" content=\"V\u00e5ra Gemensamma Barn\" \/>\n<meta property=\"article:modified_time\" content=\"2024-10-25T12:17:55+00:00\" \/>\n<meta property=\"og:image\" content=\"https:\/\/www.yhteisetlapsemme.fi\/se\/wp-content\/uploads\/sites\/2\/2017\/04\/lapsijaperhepalvelut.jpg\" \/>\n\t<meta property=\"og:image:width\" content=\"1200\" \/>\n\t<meta property=\"og:image:height\" content=\"450\" \/>\n\t<meta property=\"og:image:type\" content=\"image\/jpeg\" \/>\n<meta name=\"twitter:card\" content=\"summary_large_image\" \/>\n<meta name=\"twitter:label1\" content=\"Ber\u00e4knad l\u00e4stid\" \/>\n\t<meta name=\"twitter:data1\" content=\"1 minut\" \/>\n<script type=\"application\/ld+json\" class=\"yoast-schema-graph\">{\"@context\":\"https:\/\/schema.org\",\"@graph\":[{\"@type\":\"WebPage\",\"@id\":\"https:\/\/www.yhteisetlapsemme.fi\/se\/barn-och-familjetjanster\/\",\"url\":\"https:\/\/www.yhteisetlapsemme.fi\/se\/barn-och-familjetjanster\/\",\"name\":\"Barn- och familjetj\u00e4nster - V\u00e5ra Gemensamma Barn\",\"isPartOf\":{\"@id\":\"https:\/\/www.yhteisetlapsemme.fi\/se\/#website\"},\"primaryImageOfPage\":{\"@id\":\"https:\/\/www.yhteisetlapsemme.fi\/se\/barn-och-familjetjanster\/#primaryimage\"},\"image\":{\"@id\":\"https:\/\/www.yhteisetlapsemme.fi\/se\/barn-och-familjetjanster\/#primaryimage\"},\"thumbnailUrl\":\"https:\/\/www.yhteisetlapsemme.fi\/se\/wp-content\/uploads\/sites\/2\/2017\/04\/lapsijaperhepalvelut.jpg\",\"datePublished\":\"2017-03-29T09:11:03+00:00\",\"dateModified\":\"2024-10-25T12:17:55+00:00\",\"breadcrumb\":{\"@id\":\"https:\/\/www.yhteisetlapsemme.fi\/se\/barn-och-familjetjanster\/#breadcrumb\"},\"inLanguage\":\"sv-SE\",\"potentialAction\":[{\"@type\":\"ReadAction\",\"target\":[\"https:\/\/www.yhteisetlapsemme.fi\/se\/barn-och-familjetjanster\/\"]}]},{\"@type\":\"ImageObject\",\"inLanguage\":\"sv-SE\",\"@id\":\"https:\/\/www.yhteisetlapsemme.fi\/se\/barn-och-familjetjanster\/#primaryimage\",\"url\":\"https:\/\/www.yhteisetlapsemme.fi\/se\/wp-content\/uploads\/sites\/2\/2017\/04\/lapsijaperhepalvelut.jpg\",\"contentUrl\":\"https:\/\/www.yhteisetlapsemme.fi\/se\/wp-content\/uploads\/sites\/2\/2017\/04\/lapsijaperhepalvelut.jpg\",\"width\":1200,\"height\":450,\"caption\":\"Lapsi- ja perhepalvelut\"},{\"@type\":\"BreadcrumbList\",\"@id\":\"https:\/\/www.yhteisetlapsemme.fi\/se\/barn-och-familjetjanster\/#breadcrumb\",\"itemListElement\":[{\"@type\":\"ListItem\",\"position\":1,\"name\":\"Etusivu\",\"item\":\"https:\/\/www.yhteisetlapsemme.fi\/se\/\"},{\"@type\":\"ListItem\",\"position\":2,\"name\":\"Barn- och familjetj\u00e4nster\"}]},{\"@type\":\"WebSite\",\"@id\":\"https:\/\/www.yhteisetlapsemme.fi\/se\/#website\",\"url\":\"https:\/\/www.yhteisetlapsemme.fi\/se\/\",\"name\":\"V\u00e5ra Gemensamma Barn\",\"description\":\"Just another WordPress site\",\"potentialAction\":[{\"@type\":\"SearchAction\",\"target\":{\"@type\":\"EntryPoint\",\"urlTemplate\":\"https:\/\/www.yhteisetlapsemme.fi\/se\/?s={search_term_string}\"},\"query-input\":{\"@type\":\"PropertyValueSpecification\",\"valueRequired\":true,\"valueName\":\"search_term_string\"}}],\"inLanguage\":\"sv-SE\"}]}<\/script>\n<!-- \/ Yoast SEO plugin. -->","yoast_head_json":{"title":"Barn- och familjetj\u00e4nster - V\u00e5ra Gemensamma Barn","robots":{"index":"index","follow":"follow","max-snippet":"max-snippet:-1","max-image-preview":"max-image-preview:large","max-video-preview":"max-video-preview:-1"},"canonical":"https:\/\/www.yhteisetlapsemme.fi\/se\/barn-och-familjetjanster\/","og_locale":"sv_SE","og_type":"article","og_title":"Barn- och familjetj\u00e4nster - V\u00e5ra Gemensamma Barn","og_description":"Barn- och familjetj\u00e4nster V\u00e5ra Gemensamma Barn rf:s barn- och familjetj\u00e4nster st\u00f6der m\u00e5ngkulturella barns, ungdomars och familjers v\u00e4lm\u00e5ende. V\u00e5ra tj\u00e4nster baserar sig p\u00e5 en bred specialkunskap och yrkeskunskap. Vi beaktar familjens kulturella bakgrund och ger st\u00f6d vid barnets identitetsutveckling. Vi fr\u00e4mjar \u00e4ven integrationen av invandrarfamiljer samt dialogen mellan myndigheter och invandrargrupper. V\u00e5ra barn- och familjetj\u00e4nster best\u00e5r... L\u00e4s mer","og_url":"https:\/\/www.yhteisetlapsemme.fi\/se\/barn-och-familjetjanster\/","og_site_name":"V\u00e5ra Gemensamma Barn","article_modified_time":"2024-10-25T12:17:55+00:00","og_image":[{"width":1200,"height":450,"url":"https:\/\/www.yhteisetlapsemme.fi\/se\/wp-content\/uploads\/sites\/2\/2017\/04\/lapsijaperhepalvelut.jpg","type":"image\/jpeg"}],"twitter_card":"summary_large_image","twitter_misc":{"Ber\u00e4knad l\u00e4stid":"1 minut"},"schema":{"@context":"https:\/\/schema.org","@graph":[{"@type":"WebPage","@id":"https:\/\/www.yhteisetlapsemme.fi\/se\/barn-och-familjetjanster\/","url":"https:\/\/www.yhteisetlapsemme.fi\/se\/barn-och-familjetjanster\/","name":"Barn- och familjetj\u00e4nster - V\u00e5ra Gemensamma Barn","isPartOf":{"@id":"https:\/\/www.yhteisetlapsemme.fi\/se\/#website"},"primaryImageOfPage":{"@id":"https:\/\/www.yhteisetlapsemme.fi\/se\/barn-och-familjetjanster\/#primaryimage"},"image":{"@id":"https:\/\/www.yhteisetlapsemme.fi\/se\/barn-och-familjetjanster\/#primaryimage"},"thumbnailUrl":"https:\/\/www.yhteisetlapsemme.fi\/se\/wp-content\/uploads\/sites\/2\/2017\/04\/lapsijaperhepalvelut.jpg","datePublished":"2017-03-29T09:11:03+00:00","dateModified":"2024-10-25T12:17:55+00:00","breadcrumb":{"@id":"https:\/\/www.yhteisetlapsemme.fi\/se\/barn-och-familjetjanster\/#breadcrumb"},"inLanguage":"sv-SE","potentialAction":[{"@type":"ReadAction","target":["https:\/\/www.yhteisetlapsemme.fi\/se\/barn-och-familjetjanster\/"]}]},{"@type":"ImageObject","inLanguage":"sv-SE","@id":"https:\/\/www.yhteisetlapsemme.fi\/se\/barn-och-familjetjanster\/#primaryimage","url":"https:\/\/www.yhteisetlapsemme.fi\/se\/wp-content\/uploads\/sites\/2\/2017\/04\/lapsijaperhepalvelut.jpg","contentUrl":"https:\/\/www.yhteisetlapsemme.fi\/se\/wp-content\/uploads\/sites\/2\/2017\/04\/lapsijaperhepalvelut.jpg","width":1200,"height":450,"caption":"Lapsi- ja perhepalvelut"},{"@type":"BreadcrumbList","@id":"https:\/\/www.yhteisetlapsemme.fi\/se\/barn-och-familjetjanster\/#breadcrumb","itemListElement":[{"@type":"ListItem","position":1,"name":"Etusivu","item":"https:\/\/www.yhteisetlapsemme.fi\/se\/"},{"@type":"ListItem","position":2,"name":"Barn- och familjetj\u00e4nster"}]},{"@type":"WebSite","@id":"https:\/\/www.yhteisetlapsemme.fi\/se\/#website","url":"https:\/\/www.yhteisetlapsemme.fi\/se\/","name":"V\u00e5ra Gemensamma Barn","description":"Just another WordPress site","potentialAction":[{"@type":"SearchAction","target":{"@type":"EntryPoint","urlTemplate":"https:\/\/www.yhteisetlapsemme.fi\/se\/?s={search_term_string}"},"query-input":{"@type":"PropertyValueSpecification","valueRequired":true,"valueName":"search_term_string"}}],"inLanguage":"sv-SE"}]}},"_links":{"self":[{"href":"https:\/\/www.yhteisetlapsemme.fi\/se\/wp-json\/wp\/v2\/pages\/33","targetHints":{"allow":["GET"]}}],"collection":[{"href":"https:\/\/www.yhteisetlapsemme.fi\/se\/wp-json\/wp\/v2\/pages"}],"about":[{"href":"https:\/\/www.yhteisetlapsemme.fi\/se\/wp-json\/wp\/v2\/types\/page"}],"author":[{"embeddable":true,"href":"https:\/\/www.yhteisetlapsemme.fi\/se\/wp-json\/wp\/v2\/users\/1"}],"replies":[{"embeddable":true,"href":"https:\/\/www.yhteisetlapsemme.fi\/se\/wp-json\/wp\/v2\/comments?post=33"}],"version-history":[{"count":8,"href":"https:\/\/www.yhteisetlapsemme.fi\/se\/wp-json\/wp\/v2\/pages\/33\/revisions"}],"predecessor-version":[{"id":905,"href":"https:\/\/www.yhteisetlapsemme.fi\/se\/wp-json\/wp\/v2\/pages\/33\/revisions\/905"}],"wp:featuredmedia":[{"embeddable":true,"href":"https:\/\/www.yhteisetlapsemme.fi\/se\/wp-json\/wp\/v2\/media\/200"}],"wp:attachment":[{"href":"https:\/\/www.yhteisetlapsemme.fi\/se\/wp-json\/wp\/v2\/media?parent=33"}],"curies":[{"name":"wp","href":"https:\/\/api.w.org\/{rel}","templated":true}]}}