{"id":29,"date":"2017-03-29T09:10:16","date_gmt":"2017-03-29T09:10:16","guid":{"rendered":"http:\/\/localhost:8888\/yhteisetlapsemme\/?page_id=29"},"modified":"2026-04-13T11:10:10","modified_gmt":"2026-04-13T11:10:10","slug":"adoptionsforberedelse","status":"publish","type":"page","link":"https:\/\/www.yhteisetlapsemme.fi\/se\/internationell-adoption\/adoptionsforberedelse\/","title":{"rendered":"Adoptionsf\u00f6rberedelse"},"content":{"rendered":"<h1>Adoptionsf\u00f6rberedelse<\/h1>\n<p>Internationell adoption inneb\u00e4r en stor f\u00f6r\u00e4ndring i barnets liv. Adoption \u00e4r en lycklig familjeh\u00e4ndelse men i bakgrunden finns f\u00f6rluster och sorg, m\u00f6jligen ocks\u00e5 vanv\u00e5rd och d\u00e5lig behandling. Barnen beh\u00f6ver f\u00e5 omv\u00e5rdnad, trygghet och k\u00e4rlek i stora m\u00e5tt av sina nya f\u00f6r\u00e4ldrar.<\/p>\n<p>V\u00e5ra adoptionsf\u00f6rberedelsekurser ger m\u00f6jlighet att m\u00e5ngsidigt begrunda fr\u00e5gor kring internationell adoption, b\u00e5de fr\u00e5n barnets och f\u00f6r\u00e4ldrarnas synvinkel. Vi diskuterar ocks\u00e5 fr\u00e5gor kring etik samt de f\u00f6rdomar och rasism som adopterade m\u00f6ter. Gl\u00e4dje och lycka, utmaningar och sv\u00e5righeter \u00e4r \u00e4mnen som ventileras.<\/p>\n<p>Under v\u00e5ra kurser ger vi inga detaljerade uppgifter om situationen i olika kontaktl\u00e4nder \u2013 det sk\u00f6ter adoptionstj\u00e4nstorganen b\u00e4st. Kurserna inneh\u00e5ller inte f\u00f6rel\u00e4sningar, i st\u00e4llet erbjuder vi m\u00f6jlighet till att i en f\u00f6rtrolig atmosf\u00e4r, fri fr\u00e5n utv\u00e4rdering, behandla fr\u00e5gor kring adoption. Metodiken \u00e4r bl.a. diskussioner, grupparbeten, uppgifter, filmer, personliga erfarenheter. Kursledarna \u00e4r erfarna adoptivf\u00f6r\u00e4ldrar.<\/p>\n<p>Alla givarl\u00e4nder inom internationell adoption uppskattar v\u00e4l f\u00f6rberedda adoptivs\u00f6kande. Allt flera l\u00e4nder f\u00f6ruts\u00e4tter att man g\u00e5tt en adoptionsf\u00f6rberedelsekurs. Vi rekommenderar f\u00f6rberedelsekurser till alla som \u00f6verv\u00e4ger att adoptera eller som \u00e4r i en adoptionsprocess.<\/p>\n<p><a href=\"https:\/\/www.yhteisetlapsemme.fi\/kansainvalinen-adoptio\/adoptiovalmennus\/\">Kommande kurser (p\u00e5 finska)<\/a><\/p>\n<p><strong>Annulleringsvillkor:<\/strong> <em>Kursdeltagande kan annulleras kostnadsfritt senast en m\u00e5nad innan kursstarten. Om annulleringen sker senasta tv\u00e5 veckor innan kursstarten \u00e5terbetalas 50 % kursavgiften. Sker annulleringen senare \u00e4n tv\u00e5 veckor f\u00f6re kursstarten \u00e5terbetalas inte kursavgiften. I akuta sjukdomsfall kan kursen annulleras kostnadsfritt genom att uppvisa l\u00e4karintyg. Ifall annulleringen sker p\u00e5 grund av en avbruten adoptionsprocess och tiden f\u00f6r kursstarten \u00e4r mindre \u00e4n en m\u00e5nad ber vi att ni tar kontakt.<\/em><\/p>\n","protected":false},"excerpt":{"rendered":"Adoptionsf\u00f6rberedelse Internationell adoption inneb\u00e4r en stor f\u00f6r\u00e4ndring i barnets liv. Adoption \u00e4r en lycklig familjeh\u00e4ndelse men i bakgrunden finns f\u00f6rluster och sorg, m\u00f6jligen ocks\u00e5 vanv\u00e5rd och d\u00e5lig behandling. Barnen beh\u00f6ver f\u00e5 omv\u00e5rdnad, trygghet och k\u00e4rlek i stora m\u00e5tt av sina nya f\u00f6r\u00e4ldrar. V\u00e5ra adoptionsf\u00f6rberedelsekurser ger m\u00f6jlighet att m\u00e5ngsidigt begrunda fr\u00e5gor kring internationell adoption, b\u00e5de fr\u00e5n&#8230;<p> <a class=\"round-button\" href=\"https:\/\/www.yhteisetlapsemme.fi\/se\/internationell-adoption\/adoptionsforberedelse\/\">L\u00e4s mer<\/a><\/p>","protected":false},"author":1,"featured_media":919,"parent":22,"menu_order":0,"comment_status":"closed","ping_status":"closed","template":"page-sidebarleft.php","meta":{"_acf_changed":false,"footnotes":""},"class_list":["post-29","page","type-page","status-publish","has-post-thumbnail","hentry"],"acf":[],"yoast_head":"<!-- This site is optimized with the Yoast SEO plugin v25.8 - https:\/\/yoast.com\/wordpress\/plugins\/seo\/ -->\n<title>Adoptionsf\u00f6rberedelse - V\u00e5ra Gemensamma Barn<\/title>\n<meta name=\"robots\" content=\"index, follow, max-snippet:-1, max-image-preview:large, max-video-preview:-1\" \/>\n<link rel=\"canonical\" href=\"https:\/\/www.yhteisetlapsemme.fi\/se\/internationell-adoption\/adoptionsforberedelse\/\" \/>\n<meta property=\"og:locale\" content=\"sv_SE\" \/>\n<meta property=\"og:type\" content=\"article\" \/>\n<meta property=\"og:title\" content=\"Adoptionsf\u00f6rberedelse - V\u00e5ra Gemensamma Barn\" \/>\n<meta property=\"og:description\" content=\"Adoptionsf\u00f6rberedelse Internationell adoption inneb\u00e4r en stor f\u00f6r\u00e4ndring i barnets liv. Adoption \u00e4r en lycklig familjeh\u00e4ndelse men i bakgrunden finns f\u00f6rluster och sorg, m\u00f6jligen ocks\u00e5 vanv\u00e5rd och d\u00e5lig behandling. Barnen beh\u00f6ver f\u00e5 omv\u00e5rdnad, trygghet och k\u00e4rlek i stora m\u00e5tt av sina nya f\u00f6r\u00e4ldrar. V\u00e5ra adoptionsf\u00f6rberedelsekurser ger m\u00f6jlighet att m\u00e5ngsidigt begrunda fr\u00e5gor kring internationell adoption, b\u00e5de fr\u00e5n... L\u00e4s mer\" \/>\n<meta property=\"og:url\" content=\"https:\/\/www.yhteisetlapsemme.fi\/se\/internationell-adoption\/adoptionsforberedelse\/\" \/>\n<meta property=\"og:site_name\" content=\"V\u00e5ra Gemensamma Barn\" \/>\n<meta property=\"article:modified_time\" content=\"2026-04-13T11:10:10+00:00\" \/>\n<meta property=\"og:image\" content=\"https:\/\/www.yhteisetlapsemme.fi\/se\/wp-content\/uploads\/sites\/2\/2024\/10\/Nettisivulle-adoptio-ajankohtaista-yhteiset_015.jpg\" \/>\n\t<meta property=\"og:image:width\" content=\"1200\" \/>\n\t<meta property=\"og:image:height\" content=\"450\" \/>\n\t<meta property=\"og:image:type\" content=\"image\/jpeg\" \/>\n<meta name=\"twitter:card\" content=\"summary_large_image\" \/>\n<meta name=\"twitter:label1\" content=\"Ber\u00e4knad l\u00e4stid\" \/>\n\t<meta name=\"twitter:data1\" content=\"2 minuter\" \/>\n<script type=\"application\/ld+json\" class=\"yoast-schema-graph\">{\"@context\":\"https:\/\/schema.org\",\"@graph\":[{\"@type\":\"WebPage\",\"@id\":\"https:\/\/www.yhteisetlapsemme.fi\/se\/internationell-adoption\/adoptionsforberedelse\/\",\"url\":\"https:\/\/www.yhteisetlapsemme.fi\/se\/internationell-adoption\/adoptionsforberedelse\/\",\"name\":\"Adoptionsf\u00f6rberedelse - V\u00e5ra Gemensamma Barn\",\"isPartOf\":{\"@id\":\"https:\/\/www.yhteisetlapsemme.fi\/se\/#website\"},\"primaryImageOfPage\":{\"@id\":\"https:\/\/www.yhteisetlapsemme.fi\/se\/internationell-adoption\/adoptionsforberedelse\/#primaryimage\"},\"image\":{\"@id\":\"https:\/\/www.yhteisetlapsemme.fi\/se\/internationell-adoption\/adoptionsforberedelse\/#primaryimage\"},\"thumbnailUrl\":\"https:\/\/www.yhteisetlapsemme.fi\/se\/wp-content\/uploads\/sites\/2\/2024\/10\/Nettisivulle-adoptio-ajankohtaista-yhteiset_015.jpg\",\"datePublished\":\"2017-03-29T09:10:16+00:00\",\"dateModified\":\"2026-04-13T11:10:10+00:00\",\"breadcrumb\":{\"@id\":\"https:\/\/www.yhteisetlapsemme.fi\/se\/internationell-adoption\/adoptionsforberedelse\/#breadcrumb\"},\"inLanguage\":\"sv-SE\",\"potentialAction\":[{\"@type\":\"ReadAction\",\"target\":[\"https:\/\/www.yhteisetlapsemme.fi\/se\/internationell-adoption\/adoptionsforberedelse\/\"]}]},{\"@type\":\"ImageObject\",\"inLanguage\":\"sv-SE\",\"@id\":\"https:\/\/www.yhteisetlapsemme.fi\/se\/internationell-adoption\/adoptionsforberedelse\/#primaryimage\",\"url\":\"https:\/\/www.yhteisetlapsemme.fi\/se\/wp-content\/uploads\/sites\/2\/2024\/10\/Nettisivulle-adoptio-ajankohtaista-yhteiset_015.jpg\",\"contentUrl\":\"https:\/\/www.yhteisetlapsemme.fi\/se\/wp-content\/uploads\/sites\/2\/2024\/10\/Nettisivulle-adoptio-ajankohtaista-yhteiset_015.jpg\",\"width\":1200,\"height\":450},{\"@type\":\"BreadcrumbList\",\"@id\":\"https:\/\/www.yhteisetlapsemme.fi\/se\/internationell-adoption\/adoptionsforberedelse\/#breadcrumb\",\"itemListElement\":[{\"@type\":\"ListItem\",\"position\":1,\"name\":\"Etusivu\",\"item\":\"https:\/\/www.yhteisetlapsemme.fi\/se\/\"},{\"@type\":\"ListItem\",\"position\":2,\"name\":\"Internationell adoption\",\"item\":\"https:\/\/www.yhteisetlapsemme.fi\/se\/internationell-adoption\/\"},{\"@type\":\"ListItem\",\"position\":3,\"name\":\"Adoptionsf\u00f6rberedelse\"}]},{\"@type\":\"WebSite\",\"@id\":\"https:\/\/www.yhteisetlapsemme.fi\/se\/#website\",\"url\":\"https:\/\/www.yhteisetlapsemme.fi\/se\/\",\"name\":\"V\u00e5ra Gemensamma Barn\",\"description\":\"Just another WordPress site\",\"potentialAction\":[{\"@type\":\"SearchAction\",\"target\":{\"@type\":\"EntryPoint\",\"urlTemplate\":\"https:\/\/www.yhteisetlapsemme.fi\/se\/?s={search_term_string}\"},\"query-input\":{\"@type\":\"PropertyValueSpecification\",\"valueRequired\":true,\"valueName\":\"search_term_string\"}}],\"inLanguage\":\"sv-SE\"}]}<\/script>\n<!-- \/ Yoast SEO plugin. -->","yoast_head_json":{"title":"Adoptionsf\u00f6rberedelse - V\u00e5ra Gemensamma Barn","robots":{"index":"index","follow":"follow","max-snippet":"max-snippet:-1","max-image-preview":"max-image-preview:large","max-video-preview":"max-video-preview:-1"},"canonical":"https:\/\/www.yhteisetlapsemme.fi\/se\/internationell-adoption\/adoptionsforberedelse\/","og_locale":"sv_SE","og_type":"article","og_title":"Adoptionsf\u00f6rberedelse - V\u00e5ra Gemensamma Barn","og_description":"Adoptionsf\u00f6rberedelse Internationell adoption inneb\u00e4r en stor f\u00f6r\u00e4ndring i barnets liv. Adoption \u00e4r en lycklig familjeh\u00e4ndelse men i bakgrunden finns f\u00f6rluster och sorg, m\u00f6jligen ocks\u00e5 vanv\u00e5rd och d\u00e5lig behandling. Barnen beh\u00f6ver f\u00e5 omv\u00e5rdnad, trygghet och k\u00e4rlek i stora m\u00e5tt av sina nya f\u00f6r\u00e4ldrar. V\u00e5ra adoptionsf\u00f6rberedelsekurser ger m\u00f6jlighet att m\u00e5ngsidigt begrunda fr\u00e5gor kring internationell adoption, b\u00e5de fr\u00e5n... L\u00e4s mer","og_url":"https:\/\/www.yhteisetlapsemme.fi\/se\/internationell-adoption\/adoptionsforberedelse\/","og_site_name":"V\u00e5ra Gemensamma Barn","article_modified_time":"2026-04-13T11:10:10+00:00","og_image":[{"width":1200,"height":450,"url":"https:\/\/www.yhteisetlapsemme.fi\/se\/wp-content\/uploads\/sites\/2\/2024\/10\/Nettisivulle-adoptio-ajankohtaista-yhteiset_015.jpg","type":"image\/jpeg"}],"twitter_card":"summary_large_image","twitter_misc":{"Ber\u00e4knad l\u00e4stid":"2 minuter"},"schema":{"@context":"https:\/\/schema.org","@graph":[{"@type":"WebPage","@id":"https:\/\/www.yhteisetlapsemme.fi\/se\/internationell-adoption\/adoptionsforberedelse\/","url":"https:\/\/www.yhteisetlapsemme.fi\/se\/internationell-adoption\/adoptionsforberedelse\/","name":"Adoptionsf\u00f6rberedelse - V\u00e5ra Gemensamma Barn","isPartOf":{"@id":"https:\/\/www.yhteisetlapsemme.fi\/se\/#website"},"primaryImageOfPage":{"@id":"https:\/\/www.yhteisetlapsemme.fi\/se\/internationell-adoption\/adoptionsforberedelse\/#primaryimage"},"image":{"@id":"https:\/\/www.yhteisetlapsemme.fi\/se\/internationell-adoption\/adoptionsforberedelse\/#primaryimage"},"thumbnailUrl":"https:\/\/www.yhteisetlapsemme.fi\/se\/wp-content\/uploads\/sites\/2\/2024\/10\/Nettisivulle-adoptio-ajankohtaista-yhteiset_015.jpg","datePublished":"2017-03-29T09:10:16+00:00","dateModified":"2026-04-13T11:10:10+00:00","breadcrumb":{"@id":"https:\/\/www.yhteisetlapsemme.fi\/se\/internationell-adoption\/adoptionsforberedelse\/#breadcrumb"},"inLanguage":"sv-SE","potentialAction":[{"@type":"ReadAction","target":["https:\/\/www.yhteisetlapsemme.fi\/se\/internationell-adoption\/adoptionsforberedelse\/"]}]},{"@type":"ImageObject","inLanguage":"sv-SE","@id":"https:\/\/www.yhteisetlapsemme.fi\/se\/internationell-adoption\/adoptionsforberedelse\/#primaryimage","url":"https:\/\/www.yhteisetlapsemme.fi\/se\/wp-content\/uploads\/sites\/2\/2024\/10\/Nettisivulle-adoptio-ajankohtaista-yhteiset_015.jpg","contentUrl":"https:\/\/www.yhteisetlapsemme.fi\/se\/wp-content\/uploads\/sites\/2\/2024\/10\/Nettisivulle-adoptio-ajankohtaista-yhteiset_015.jpg","width":1200,"height":450},{"@type":"BreadcrumbList","@id":"https:\/\/www.yhteisetlapsemme.fi\/se\/internationell-adoption\/adoptionsforberedelse\/#breadcrumb","itemListElement":[{"@type":"ListItem","position":1,"name":"Etusivu","item":"https:\/\/www.yhteisetlapsemme.fi\/se\/"},{"@type":"ListItem","position":2,"name":"Internationell adoption","item":"https:\/\/www.yhteisetlapsemme.fi\/se\/internationell-adoption\/"},{"@type":"ListItem","position":3,"name":"Adoptionsf\u00f6rberedelse"}]},{"@type":"WebSite","@id":"https:\/\/www.yhteisetlapsemme.fi\/se\/#website","url":"https:\/\/www.yhteisetlapsemme.fi\/se\/","name":"V\u00e5ra Gemensamma Barn","description":"Just another WordPress site","potentialAction":[{"@type":"SearchAction","target":{"@type":"EntryPoint","urlTemplate":"https:\/\/www.yhteisetlapsemme.fi\/se\/?s={search_term_string}"},"query-input":{"@type":"PropertyValueSpecification","valueRequired":true,"valueName":"search_term_string"}}],"inLanguage":"sv-SE"}]}},"_links":{"self":[{"href":"https:\/\/www.yhteisetlapsemme.fi\/se\/wp-json\/wp\/v2\/pages\/29","targetHints":{"allow":["GET"]}}],"collection":[{"href":"https:\/\/www.yhteisetlapsemme.fi\/se\/wp-json\/wp\/v2\/pages"}],"about":[{"href":"https:\/\/www.yhteisetlapsemme.fi\/se\/wp-json\/wp\/v2\/types\/page"}],"author":[{"embeddable":true,"href":"https:\/\/www.yhteisetlapsemme.fi\/se\/wp-json\/wp\/v2\/users\/1"}],"replies":[{"embeddable":true,"href":"https:\/\/www.yhteisetlapsemme.fi\/se\/wp-json\/wp\/v2\/comments?post=29"}],"version-history":[{"count":23,"href":"https:\/\/www.yhteisetlapsemme.fi\/se\/wp-json\/wp\/v2\/pages\/29\/revisions"}],"predecessor-version":[{"id":954,"href":"https:\/\/www.yhteisetlapsemme.fi\/se\/wp-json\/wp\/v2\/pages\/29\/revisions\/954"}],"up":[{"embeddable":true,"href":"https:\/\/www.yhteisetlapsemme.fi\/se\/wp-json\/wp\/v2\/pages\/22"}],"wp:featuredmedia":[{"embeddable":true,"href":"https:\/\/www.yhteisetlapsemme.fi\/se\/wp-json\/wp\/v2\/media\/919"}],"wp:attachment":[{"href":"https:\/\/www.yhteisetlapsemme.fi\/se\/wp-json\/wp\/v2\/media?parent=29"}],"curies":[{"name":"wp","href":"https:\/\/api.w.org\/{rel}","templated":true}]}}