{"id":27,"date":"2017-03-29T09:09:48","date_gmt":"2017-03-29T09:09:48","guid":{"rendered":"http:\/\/localhost:8888\/yhteisetlapsemme\/?page_id=27"},"modified":"2023-06-02T08:11:58","modified_gmt":"2023-06-02T08:11:58","slug":"adopterades-rost-podcast","status":"publish","type":"page","link":"https:\/\/www.yhteisetlapsemme.fi\/se\/internationell-adoption\/adopterades-rost-podcast\/","title":{"rendered":"Adopterades r\u00f6st -podcast"},"content":{"rendered":"<h1>Adopterades r\u00f6st -podcast<\/h1>\n<p>Adopterades r\u00f6st \u00e4r en podcast som produceras av V\u00e5ra Gemensamma Barn rf och f\u00f6rverkligas av ett g\u00e4ng vuxna adopterade. Podcasten tar upp fr\u00e5gor som de adopterade sj\u00e4lva finner intressanta, och bjuder till diskussion om aktuella \u00e4mnen.<\/p>\n<p>Lyssna p\u00e5 Adopterades r\u00f6st -podcasten p\u00e5 <a href=\"http:\/\/www.mixcloud.com\/Adoptoidunaani\">mixcloud<\/a>. Man kan hitta podcasten ocks\u00e5 p\u00e5 <a href=\"https:\/\/open.spotify.com\/show\/23Mki5FEBudHlYsFS9rdTn?si=LAAyvb4VR46phudb1AYhFw&amp;utm_source=copy-link\">Spotify.\u00a0<\/a><\/p>\n<p>F\u00f6lja podcasten p\u00e5 Instagram: <a href=\"https:\/\/www.instagram.com\/adoptoidunaani\/\">@adoptoidunaani<\/a><\/p>\n<p>Kom med och lyssna p\u00e5 podcasten\u00a0<a href=\"https:\/\/www.mixcloud.com\/Adoptoidunaani\/\">Adopterades r\u00f6st<\/a>!<\/p>\n<p><strong>Mer information:<br \/>\n<\/strong>Koordinator <strong>Jenni Heinonen<\/strong>, tel. 044 592 3471, jenni.heinonen@yhteisetlapsemme.fi<\/p>\n","protected":false},"excerpt":{"rendered":"Adopterades r\u00f6st -podcast Adopterades r\u00f6st \u00e4r en podcast som produceras av V\u00e5ra Gemensamma Barn rf och f\u00f6rverkligas av ett g\u00e4ng vuxna adopterade. Podcasten tar upp fr\u00e5gor som de adopterade sj\u00e4lva finner intressanta, och bjuder till diskussion om aktuella \u00e4mnen. Lyssna p\u00e5 Adopterades r\u00f6st -podcasten p\u00e5 mixcloud. Man kan hitta podcasten ocks\u00e5 p\u00e5 Spotify.\u00a0 F\u00f6lja podcasten&#8230;<p> <a class=\"round-button\" href=\"https:\/\/www.yhteisetlapsemme.fi\/se\/internationell-adoption\/adopterades-rost-podcast\/\">L\u00e4s mer<\/a><\/p>","protected":false},"author":1,"featured_media":827,"parent":22,"menu_order":0,"comment_status":"closed","ping_status":"closed","template":"page-sidebarleft.php","meta":{"_acf_changed":false,"footnotes":""},"class_list":["post-27","page","type-page","status-publish","has-post-thumbnail","hentry"],"acf":[],"yoast_head":"<!-- This site is optimized with the Yoast SEO plugin v25.8 - https:\/\/yoast.com\/wordpress\/plugins\/seo\/ -->\n<title>Adopterades r\u00f6st -podcast - V\u00e5ra Gemensamma Barn<\/title>\n<meta name=\"robots\" content=\"index, follow, max-snippet:-1, max-image-preview:large, max-video-preview:-1\" \/>\n<link rel=\"canonical\" href=\"https:\/\/www.yhteisetlapsemme.fi\/se\/internationell-adoption\/adopterades-rost-podcast\/\" \/>\n<meta property=\"og:locale\" content=\"sv_SE\" \/>\n<meta property=\"og:type\" content=\"article\" \/>\n<meta property=\"og:title\" content=\"Adopterades r\u00f6st -podcast - V\u00e5ra Gemensamma Barn\" \/>\n<meta property=\"og:description\" content=\"Adopterades r\u00f6st -podcast Adopterades r\u00f6st \u00e4r en podcast som produceras av V\u00e5ra Gemensamma Barn rf och f\u00f6rverkligas av ett g\u00e4ng vuxna adopterade. Podcasten tar upp fr\u00e5gor som de adopterade sj\u00e4lva finner intressanta, och bjuder till diskussion om aktuella \u00e4mnen. Lyssna p\u00e5 Adopterades r\u00f6st -podcasten p\u00e5 mixcloud. Man kan hitta podcasten ocks\u00e5 p\u00e5 Spotify.\u00a0 F\u00f6lja podcasten... L\u00e4s mer\" \/>\n<meta property=\"og:url\" content=\"https:\/\/www.yhteisetlapsemme.fi\/se\/internationell-adoption\/adopterades-rost-podcast\/\" \/>\n<meta property=\"og:site_name\" content=\"V\u00e5ra Gemensamma Barn\" \/>\n<meta property=\"article:modified_time\" content=\"2023-06-02T08:11:58+00:00\" \/>\n<meta property=\"og:image\" content=\"https:\/\/www.yhteisetlapsemme.fi\/se\/wp-content\/uploads\/sites\/2\/2021\/05\/Artikkelikuva-Maribel-ja-Oscar.jpg\" \/>\n\t<meta property=\"og:image:width\" content=\"1200\" \/>\n\t<meta property=\"og:image:height\" content=\"450\" \/>\n\t<meta property=\"og:image:type\" content=\"image\/jpeg\" \/>\n<meta name=\"twitter:card\" content=\"summary_large_image\" \/>\n<script type=\"application\/ld+json\" class=\"yoast-schema-graph\">{\"@context\":\"https:\/\/schema.org\",\"@graph\":[{\"@type\":\"WebPage\",\"@id\":\"https:\/\/www.yhteisetlapsemme.fi\/se\/internationell-adoption\/adopterades-rost-podcast\/\",\"url\":\"https:\/\/www.yhteisetlapsemme.fi\/se\/internationell-adoption\/adopterades-rost-podcast\/\",\"name\":\"Adopterades r\u00f6st -podcast - V\u00e5ra Gemensamma Barn\",\"isPartOf\":{\"@id\":\"https:\/\/www.yhteisetlapsemme.fi\/se\/#website\"},\"primaryImageOfPage\":{\"@id\":\"https:\/\/www.yhteisetlapsemme.fi\/se\/internationell-adoption\/adopterades-rost-podcast\/#primaryimage\"},\"image\":{\"@id\":\"https:\/\/www.yhteisetlapsemme.fi\/se\/internationell-adoption\/adopterades-rost-podcast\/#primaryimage\"},\"thumbnailUrl\":\"https:\/\/www.yhteisetlapsemme.fi\/se\/wp-content\/uploads\/sites\/2\/2021\/05\/Artikkelikuva-Maribel-ja-Oscar.jpg\",\"datePublished\":\"2017-03-29T09:09:48+00:00\",\"dateModified\":\"2023-06-02T08:11:58+00:00\",\"breadcrumb\":{\"@id\":\"https:\/\/www.yhteisetlapsemme.fi\/se\/internationell-adoption\/adopterades-rost-podcast\/#breadcrumb\"},\"inLanguage\":\"sv-SE\",\"potentialAction\":[{\"@type\":\"ReadAction\",\"target\":[\"https:\/\/www.yhteisetlapsemme.fi\/se\/internationell-adoption\/adopterades-rost-podcast\/\"]}]},{\"@type\":\"ImageObject\",\"inLanguage\":\"sv-SE\",\"@id\":\"https:\/\/www.yhteisetlapsemme.fi\/se\/internationell-adoption\/adopterades-rost-podcast\/#primaryimage\",\"url\":\"https:\/\/www.yhteisetlapsemme.fi\/se\/wp-content\/uploads\/sites\/2\/2021\/05\/Artikkelikuva-Maribel-ja-Oscar.jpg\",\"contentUrl\":\"https:\/\/www.yhteisetlapsemme.fi\/se\/wp-content\/uploads\/sites\/2\/2021\/05\/Artikkelikuva-Maribel-ja-Oscar.jpg\",\"width\":1200,\"height\":450},{\"@type\":\"BreadcrumbList\",\"@id\":\"https:\/\/www.yhteisetlapsemme.fi\/se\/internationell-adoption\/adopterades-rost-podcast\/#breadcrumb\",\"itemListElement\":[{\"@type\":\"ListItem\",\"position\":1,\"name\":\"Etusivu\",\"item\":\"https:\/\/www.yhteisetlapsemme.fi\/se\/\"},{\"@type\":\"ListItem\",\"position\":2,\"name\":\"Internationell adoption\",\"item\":\"https:\/\/www.yhteisetlapsemme.fi\/se\/internationell-adoption\/\"},{\"@type\":\"ListItem\",\"position\":3,\"name\":\"Adopterades r\u00f6st -podcast\"}]},{\"@type\":\"WebSite\",\"@id\":\"https:\/\/www.yhteisetlapsemme.fi\/se\/#website\",\"url\":\"https:\/\/www.yhteisetlapsemme.fi\/se\/\",\"name\":\"V\u00e5ra Gemensamma Barn\",\"description\":\"Just another WordPress site\",\"potentialAction\":[{\"@type\":\"SearchAction\",\"target\":{\"@type\":\"EntryPoint\",\"urlTemplate\":\"https:\/\/www.yhteisetlapsemme.fi\/se\/?s={search_term_string}\"},\"query-input\":{\"@type\":\"PropertyValueSpecification\",\"valueRequired\":true,\"valueName\":\"search_term_string\"}}],\"inLanguage\":\"sv-SE\"}]}<\/script>\n<!-- \/ Yoast SEO plugin. -->","yoast_head_json":{"title":"Adopterades r\u00f6st -podcast - V\u00e5ra Gemensamma Barn","robots":{"index":"index","follow":"follow","max-snippet":"max-snippet:-1","max-image-preview":"max-image-preview:large","max-video-preview":"max-video-preview:-1"},"canonical":"https:\/\/www.yhteisetlapsemme.fi\/se\/internationell-adoption\/adopterades-rost-podcast\/","og_locale":"sv_SE","og_type":"article","og_title":"Adopterades r\u00f6st -podcast - V\u00e5ra Gemensamma Barn","og_description":"Adopterades r\u00f6st -podcast Adopterades r\u00f6st \u00e4r en podcast som produceras av V\u00e5ra Gemensamma Barn rf och f\u00f6rverkligas av ett g\u00e4ng vuxna adopterade. Podcasten tar upp fr\u00e5gor som de adopterade sj\u00e4lva finner intressanta, och bjuder till diskussion om aktuella \u00e4mnen. Lyssna p\u00e5 Adopterades r\u00f6st -podcasten p\u00e5 mixcloud. Man kan hitta podcasten ocks\u00e5 p\u00e5 Spotify.\u00a0 F\u00f6lja podcasten... L\u00e4s mer","og_url":"https:\/\/www.yhteisetlapsemme.fi\/se\/internationell-adoption\/adopterades-rost-podcast\/","og_site_name":"V\u00e5ra Gemensamma Barn","article_modified_time":"2023-06-02T08:11:58+00:00","og_image":[{"width":1200,"height":450,"url":"https:\/\/www.yhteisetlapsemme.fi\/se\/wp-content\/uploads\/sites\/2\/2021\/05\/Artikkelikuva-Maribel-ja-Oscar.jpg","type":"image\/jpeg"}],"twitter_card":"summary_large_image","schema":{"@context":"https:\/\/schema.org","@graph":[{"@type":"WebPage","@id":"https:\/\/www.yhteisetlapsemme.fi\/se\/internationell-adoption\/adopterades-rost-podcast\/","url":"https:\/\/www.yhteisetlapsemme.fi\/se\/internationell-adoption\/adopterades-rost-podcast\/","name":"Adopterades r\u00f6st -podcast - V\u00e5ra Gemensamma Barn","isPartOf":{"@id":"https:\/\/www.yhteisetlapsemme.fi\/se\/#website"},"primaryImageOfPage":{"@id":"https:\/\/www.yhteisetlapsemme.fi\/se\/internationell-adoption\/adopterades-rost-podcast\/#primaryimage"},"image":{"@id":"https:\/\/www.yhteisetlapsemme.fi\/se\/internationell-adoption\/adopterades-rost-podcast\/#primaryimage"},"thumbnailUrl":"https:\/\/www.yhteisetlapsemme.fi\/se\/wp-content\/uploads\/sites\/2\/2021\/05\/Artikkelikuva-Maribel-ja-Oscar.jpg","datePublished":"2017-03-29T09:09:48+00:00","dateModified":"2023-06-02T08:11:58+00:00","breadcrumb":{"@id":"https:\/\/www.yhteisetlapsemme.fi\/se\/internationell-adoption\/adopterades-rost-podcast\/#breadcrumb"},"inLanguage":"sv-SE","potentialAction":[{"@type":"ReadAction","target":["https:\/\/www.yhteisetlapsemme.fi\/se\/internationell-adoption\/adopterades-rost-podcast\/"]}]},{"@type":"ImageObject","inLanguage":"sv-SE","@id":"https:\/\/www.yhteisetlapsemme.fi\/se\/internationell-adoption\/adopterades-rost-podcast\/#primaryimage","url":"https:\/\/www.yhteisetlapsemme.fi\/se\/wp-content\/uploads\/sites\/2\/2021\/05\/Artikkelikuva-Maribel-ja-Oscar.jpg","contentUrl":"https:\/\/www.yhteisetlapsemme.fi\/se\/wp-content\/uploads\/sites\/2\/2021\/05\/Artikkelikuva-Maribel-ja-Oscar.jpg","width":1200,"height":450},{"@type":"BreadcrumbList","@id":"https:\/\/www.yhteisetlapsemme.fi\/se\/internationell-adoption\/adopterades-rost-podcast\/#breadcrumb","itemListElement":[{"@type":"ListItem","position":1,"name":"Etusivu","item":"https:\/\/www.yhteisetlapsemme.fi\/se\/"},{"@type":"ListItem","position":2,"name":"Internationell adoption","item":"https:\/\/www.yhteisetlapsemme.fi\/se\/internationell-adoption\/"},{"@type":"ListItem","position":3,"name":"Adopterades r\u00f6st -podcast"}]},{"@type":"WebSite","@id":"https:\/\/www.yhteisetlapsemme.fi\/se\/#website","url":"https:\/\/www.yhteisetlapsemme.fi\/se\/","name":"V\u00e5ra Gemensamma Barn","description":"Just another WordPress site","potentialAction":[{"@type":"SearchAction","target":{"@type":"EntryPoint","urlTemplate":"https:\/\/www.yhteisetlapsemme.fi\/se\/?s={search_term_string}"},"query-input":{"@type":"PropertyValueSpecification","valueRequired":true,"valueName":"search_term_string"}}],"inLanguage":"sv-SE"}]}},"_links":{"self":[{"href":"https:\/\/www.yhteisetlapsemme.fi\/se\/wp-json\/wp\/v2\/pages\/27","targetHints":{"allow":["GET"]}}],"collection":[{"href":"https:\/\/www.yhteisetlapsemme.fi\/se\/wp-json\/wp\/v2\/pages"}],"about":[{"href":"https:\/\/www.yhteisetlapsemme.fi\/se\/wp-json\/wp\/v2\/types\/page"}],"author":[{"embeddable":true,"href":"https:\/\/www.yhteisetlapsemme.fi\/se\/wp-json\/wp\/v2\/users\/1"}],"replies":[{"embeddable":true,"href":"https:\/\/www.yhteisetlapsemme.fi\/se\/wp-json\/wp\/v2\/comments?post=27"}],"version-history":[{"count":18,"href":"https:\/\/www.yhteisetlapsemme.fi\/se\/wp-json\/wp\/v2\/pages\/27\/revisions"}],"predecessor-version":[{"id":878,"href":"https:\/\/www.yhteisetlapsemme.fi\/se\/wp-json\/wp\/v2\/pages\/27\/revisions\/878"}],"up":[{"embeddable":true,"href":"https:\/\/www.yhteisetlapsemme.fi\/se\/wp-json\/wp\/v2\/pages\/22"}],"wp:featuredmedia":[{"embeddable":true,"href":"https:\/\/www.yhteisetlapsemme.fi\/se\/wp-json\/wp\/v2\/media\/827"}],"wp:attachment":[{"href":"https:\/\/www.yhteisetlapsemme.fi\/se\/wp-json\/wp\/v2\/media?parent=27"}],"curies":[{"name":"wp","href":"https:\/\/api.w.org\/{rel}","templated":true}]}}