{"id":22,"date":"2017-03-29T09:07:32","date_gmt":"2017-03-29T09:07:32","guid":{"rendered":"http:\/\/localhost:8888\/yhteisetlapsemme\/?page_id=22"},"modified":"2024-10-25T12:51:30","modified_gmt":"2024-10-25T12:51:30","slug":"internationell-adoption","status":"publish","type":"page","link":"https:\/\/www.yhteisetlapsemme.fi\/se\/internationell-adoption\/","title":{"rendered":"Internationell adoption"},"content":{"rendered":"<h1>Internationell adoption<\/h1>\n<p>V\u00e5ra Gemensamma Barn rf erbjuder f\u00f6rberedande kurser f\u00f6r de som funderar p\u00e5 eller befinner sig i olika skeden av adoptionsprocessen. Kurser ordnas \u00e4ven f\u00f6r adoptivf\u00f6r\u00e4ldrar som \u00f6verv\u00e4ger att b\u00f6rja en ny adoptionsprocess och adoptivf\u00f6r\u00e4ldrar som v\u00e4ntar p\u00e5 ett adoptivsyskon till familjen. Vi ordnar i samarbete med andra adoptionsakt\u00f6rer f\u00f6rel\u00e4sningar och diskussionstillf\u00e4llen med teman som ber\u00f6r adoption.<\/p>\n<p>Till adoptionskuratorn kan alla ringa som beh\u00f6ver st\u00f6d, r\u00e5d eller samtalshj\u00e4lp g\u00e4llande adoptionsfr\u00e5gor. Diskussionerna \u00e4r konfidentiella och man kan \u00e4ven ringa anonymt. I den egna chatten f\u00f6r adopterade kan ungdomar och vuxna prata f\u00f6rtroendefullt med adopterade vuxna som genomg\u00e5tt utbildning f\u00f6r uppgiften. B\u00e5de kuratorsverksamheten och chatten \u00e4r tv\u00e5spr\u00e5kiga tj\u00e4nster, finska- svenska.<\/p>\n<p>V\u00e5ra Gemensamma Barn rf \u00e4r med i n\u00e4tverket f\u00f6r alla adoptionsakt\u00f6rer samt medlem i adoptionsn\u00e4mndens sektion f\u00f6r internationella \u00e4renden.<\/p>\n","protected":false},"excerpt":{"rendered":"Internationell adoption V\u00e5ra Gemensamma Barn rf erbjuder f\u00f6rberedande kurser f\u00f6r de som funderar p\u00e5 eller befinner sig i olika skeden av adoptionsprocessen. Kurser ordnas \u00e4ven f\u00f6r adoptivf\u00f6r\u00e4ldrar som \u00f6verv\u00e4ger att b\u00f6rja en ny adoptionsprocess och adoptivf\u00f6r\u00e4ldrar som v\u00e4ntar p\u00e5 ett adoptivsyskon till familjen. Vi ordnar i samarbete med andra adoptionsakt\u00f6rer f\u00f6rel\u00e4sningar och diskussionstillf\u00e4llen med teman&#8230;<p> <a class=\"round-button\" href=\"https:\/\/www.yhteisetlapsemme.fi\/se\/internationell-adoption\/\">L\u00e4s mer<\/a><\/p>","protected":false},"author":1,"featured_media":918,"parent":0,"menu_order":0,"comment_status":"closed","ping_status":"closed","template":"page-sidebarleft.php","meta":{"_acf_changed":false,"footnotes":""},"class_list":["post-22","page","type-page","status-publish","has-post-thumbnail","hentry"],"acf":[],"yoast_head":"<!-- This site is optimized with the Yoast SEO plugin v25.8 - https:\/\/yoast.com\/wordpress\/plugins\/seo\/ -->\n<title>Internationell adoption - V\u00e5ra Gemensamma Barn<\/title>\n<meta name=\"robots\" content=\"index, follow, max-snippet:-1, max-image-preview:large, max-video-preview:-1\" \/>\n<link rel=\"canonical\" href=\"https:\/\/www.yhteisetlapsemme.fi\/se\/internationell-adoption\/\" \/>\n<meta property=\"og:locale\" content=\"sv_SE\" \/>\n<meta property=\"og:type\" content=\"article\" \/>\n<meta property=\"og:title\" content=\"Internationell adoption - V\u00e5ra Gemensamma Barn\" \/>\n<meta property=\"og:description\" content=\"Internationell adoption V\u00e5ra Gemensamma Barn rf erbjuder f\u00f6rberedande kurser f\u00f6r de som funderar p\u00e5 eller befinner sig i olika skeden av adoptionsprocessen. Kurser ordnas \u00e4ven f\u00f6r adoptivf\u00f6r\u00e4ldrar som \u00f6verv\u00e4ger att b\u00f6rja en ny adoptionsprocess och adoptivf\u00f6r\u00e4ldrar som v\u00e4ntar p\u00e5 ett adoptivsyskon till familjen. Vi ordnar i samarbete med andra adoptionsakt\u00f6rer f\u00f6rel\u00e4sningar och diskussionstillf\u00e4llen med teman... L\u00e4s mer\" \/>\n<meta property=\"og:url\" content=\"https:\/\/www.yhteisetlapsemme.fi\/se\/internationell-adoption\/\" \/>\n<meta property=\"og:site_name\" content=\"V\u00e5ra Gemensamma Barn\" \/>\n<meta property=\"article:modified_time\" content=\"2024-10-25T12:51:30+00:00\" \/>\n<meta property=\"og:image\" content=\"https:\/\/www.yhteisetlapsemme.fi\/se\/wp-content\/uploads\/sites\/2\/2024\/10\/Artikkelikuva_yhteiset_022.jpg\" \/>\n\t<meta property=\"og:image:width\" content=\"1200\" \/>\n\t<meta property=\"og:image:height\" content=\"450\" \/>\n\t<meta property=\"og:image:type\" content=\"image\/jpeg\" \/>\n<meta name=\"twitter:card\" content=\"summary_large_image\" \/>\n<meta name=\"twitter:label1\" content=\"Ber\u00e4knad l\u00e4stid\" \/>\n\t<meta name=\"twitter:data1\" content=\"1 minut\" \/>\n<script type=\"application\/ld+json\" class=\"yoast-schema-graph\">{\"@context\":\"https:\/\/schema.org\",\"@graph\":[{\"@type\":\"WebPage\",\"@id\":\"https:\/\/www.yhteisetlapsemme.fi\/se\/internationell-adoption\/\",\"url\":\"https:\/\/www.yhteisetlapsemme.fi\/se\/internationell-adoption\/\",\"name\":\"Internationell adoption - V\u00e5ra Gemensamma Barn\",\"isPartOf\":{\"@id\":\"https:\/\/www.yhteisetlapsemme.fi\/se\/#website\"},\"primaryImageOfPage\":{\"@id\":\"https:\/\/www.yhteisetlapsemme.fi\/se\/internationell-adoption\/#primaryimage\"},\"image\":{\"@id\":\"https:\/\/www.yhteisetlapsemme.fi\/se\/internationell-adoption\/#primaryimage\"},\"thumbnailUrl\":\"https:\/\/www.yhteisetlapsemme.fi\/se\/wp-content\/uploads\/sites\/2\/2024\/10\/Artikkelikuva_yhteiset_022.jpg\",\"datePublished\":\"2017-03-29T09:07:32+00:00\",\"dateModified\":\"2024-10-25T12:51:30+00:00\",\"breadcrumb\":{\"@id\":\"https:\/\/www.yhteisetlapsemme.fi\/se\/internationell-adoption\/#breadcrumb\"},\"inLanguage\":\"sv-SE\",\"potentialAction\":[{\"@type\":\"ReadAction\",\"target\":[\"https:\/\/www.yhteisetlapsemme.fi\/se\/internationell-adoption\/\"]}]},{\"@type\":\"ImageObject\",\"inLanguage\":\"sv-SE\",\"@id\":\"https:\/\/www.yhteisetlapsemme.fi\/se\/internationell-adoption\/#primaryimage\",\"url\":\"https:\/\/www.yhteisetlapsemme.fi\/se\/wp-content\/uploads\/sites\/2\/2024\/10\/Artikkelikuva_yhteiset_022.jpg\",\"contentUrl\":\"https:\/\/www.yhteisetlapsemme.fi\/se\/wp-content\/uploads\/sites\/2\/2024\/10\/Artikkelikuva_yhteiset_022.jpg\",\"width\":1200,\"height\":450},{\"@type\":\"BreadcrumbList\",\"@id\":\"https:\/\/www.yhteisetlapsemme.fi\/se\/internationell-adoption\/#breadcrumb\",\"itemListElement\":[{\"@type\":\"ListItem\",\"position\":1,\"name\":\"Etusivu\",\"item\":\"https:\/\/www.yhteisetlapsemme.fi\/se\/\"},{\"@type\":\"ListItem\",\"position\":2,\"name\":\"Internationell adoption\"}]},{\"@type\":\"WebSite\",\"@id\":\"https:\/\/www.yhteisetlapsemme.fi\/se\/#website\",\"url\":\"https:\/\/www.yhteisetlapsemme.fi\/se\/\",\"name\":\"V\u00e5ra Gemensamma Barn\",\"description\":\"Just another WordPress site\",\"potentialAction\":[{\"@type\":\"SearchAction\",\"target\":{\"@type\":\"EntryPoint\",\"urlTemplate\":\"https:\/\/www.yhteisetlapsemme.fi\/se\/?s={search_term_string}\"},\"query-input\":{\"@type\":\"PropertyValueSpecification\",\"valueRequired\":true,\"valueName\":\"search_term_string\"}}],\"inLanguage\":\"sv-SE\"}]}<\/script>\n<!-- \/ Yoast SEO plugin. -->","yoast_head_json":{"title":"Internationell adoption - V\u00e5ra Gemensamma Barn","robots":{"index":"index","follow":"follow","max-snippet":"max-snippet:-1","max-image-preview":"max-image-preview:large","max-video-preview":"max-video-preview:-1"},"canonical":"https:\/\/www.yhteisetlapsemme.fi\/se\/internationell-adoption\/","og_locale":"sv_SE","og_type":"article","og_title":"Internationell adoption - V\u00e5ra Gemensamma Barn","og_description":"Internationell adoption V\u00e5ra Gemensamma Barn rf erbjuder f\u00f6rberedande kurser f\u00f6r de som funderar p\u00e5 eller befinner sig i olika skeden av adoptionsprocessen. Kurser ordnas \u00e4ven f\u00f6r adoptivf\u00f6r\u00e4ldrar som \u00f6verv\u00e4ger att b\u00f6rja en ny adoptionsprocess och adoptivf\u00f6r\u00e4ldrar som v\u00e4ntar p\u00e5 ett adoptivsyskon till familjen. Vi ordnar i samarbete med andra adoptionsakt\u00f6rer f\u00f6rel\u00e4sningar och diskussionstillf\u00e4llen med teman... L\u00e4s mer","og_url":"https:\/\/www.yhteisetlapsemme.fi\/se\/internationell-adoption\/","og_site_name":"V\u00e5ra Gemensamma Barn","article_modified_time":"2024-10-25T12:51:30+00:00","og_image":[{"width":1200,"height":450,"url":"https:\/\/www.yhteisetlapsemme.fi\/se\/wp-content\/uploads\/sites\/2\/2024\/10\/Artikkelikuva_yhteiset_022.jpg","type":"image\/jpeg"}],"twitter_card":"summary_large_image","twitter_misc":{"Ber\u00e4knad l\u00e4stid":"1 minut"},"schema":{"@context":"https:\/\/schema.org","@graph":[{"@type":"WebPage","@id":"https:\/\/www.yhteisetlapsemme.fi\/se\/internationell-adoption\/","url":"https:\/\/www.yhteisetlapsemme.fi\/se\/internationell-adoption\/","name":"Internationell adoption - V\u00e5ra Gemensamma Barn","isPartOf":{"@id":"https:\/\/www.yhteisetlapsemme.fi\/se\/#website"},"primaryImageOfPage":{"@id":"https:\/\/www.yhteisetlapsemme.fi\/se\/internationell-adoption\/#primaryimage"},"image":{"@id":"https:\/\/www.yhteisetlapsemme.fi\/se\/internationell-adoption\/#primaryimage"},"thumbnailUrl":"https:\/\/www.yhteisetlapsemme.fi\/se\/wp-content\/uploads\/sites\/2\/2024\/10\/Artikkelikuva_yhteiset_022.jpg","datePublished":"2017-03-29T09:07:32+00:00","dateModified":"2024-10-25T12:51:30+00:00","breadcrumb":{"@id":"https:\/\/www.yhteisetlapsemme.fi\/se\/internationell-adoption\/#breadcrumb"},"inLanguage":"sv-SE","potentialAction":[{"@type":"ReadAction","target":["https:\/\/www.yhteisetlapsemme.fi\/se\/internationell-adoption\/"]}]},{"@type":"ImageObject","inLanguage":"sv-SE","@id":"https:\/\/www.yhteisetlapsemme.fi\/se\/internationell-adoption\/#primaryimage","url":"https:\/\/www.yhteisetlapsemme.fi\/se\/wp-content\/uploads\/sites\/2\/2024\/10\/Artikkelikuva_yhteiset_022.jpg","contentUrl":"https:\/\/www.yhteisetlapsemme.fi\/se\/wp-content\/uploads\/sites\/2\/2024\/10\/Artikkelikuva_yhteiset_022.jpg","width":1200,"height":450},{"@type":"BreadcrumbList","@id":"https:\/\/www.yhteisetlapsemme.fi\/se\/internationell-adoption\/#breadcrumb","itemListElement":[{"@type":"ListItem","position":1,"name":"Etusivu","item":"https:\/\/www.yhteisetlapsemme.fi\/se\/"},{"@type":"ListItem","position":2,"name":"Internationell adoption"}]},{"@type":"WebSite","@id":"https:\/\/www.yhteisetlapsemme.fi\/se\/#website","url":"https:\/\/www.yhteisetlapsemme.fi\/se\/","name":"V\u00e5ra Gemensamma Barn","description":"Just another WordPress site","potentialAction":[{"@type":"SearchAction","target":{"@type":"EntryPoint","urlTemplate":"https:\/\/www.yhteisetlapsemme.fi\/se\/?s={search_term_string}"},"query-input":{"@type":"PropertyValueSpecification","valueRequired":true,"valueName":"search_term_string"}}],"inLanguage":"sv-SE"}]}},"_links":{"self":[{"href":"https:\/\/www.yhteisetlapsemme.fi\/se\/wp-json\/wp\/v2\/pages\/22","targetHints":{"allow":["GET"]}}],"collection":[{"href":"https:\/\/www.yhteisetlapsemme.fi\/se\/wp-json\/wp\/v2\/pages"}],"about":[{"href":"https:\/\/www.yhteisetlapsemme.fi\/se\/wp-json\/wp\/v2\/types\/page"}],"author":[{"embeddable":true,"href":"https:\/\/www.yhteisetlapsemme.fi\/se\/wp-json\/wp\/v2\/users\/1"}],"replies":[{"embeddable":true,"href":"https:\/\/www.yhteisetlapsemme.fi\/se\/wp-json\/wp\/v2\/comments?post=22"}],"version-history":[{"count":13,"href":"https:\/\/www.yhteisetlapsemme.fi\/se\/wp-json\/wp\/v2\/pages\/22\/revisions"}],"predecessor-version":[{"id":675,"href":"https:\/\/www.yhteisetlapsemme.fi\/se\/wp-json\/wp\/v2\/pages\/22\/revisions\/675"}],"wp:featuredmedia":[{"embeddable":true,"href":"https:\/\/www.yhteisetlapsemme.fi\/se\/wp-json\/wp\/v2\/media\/918"}],"wp:attachment":[{"href":"https:\/\/www.yhteisetlapsemme.fi\/se\/wp-json\/wp\/v2\/media?parent=22"}],"curies":[{"name":"wp","href":"https:\/\/api.w.org\/{rel}","templated":true}]}}