{"id":60,"date":"2017-03-29T09:16:58","date_gmt":"2017-03-29T09:16:58","guid":{"rendered":"http:\/\/localhost:8888\/yhteisetlapsemme\/?page_id=60"},"modified":"2017-11-16T10:45:20","modified_gmt":"2017-11-16T10:45:20","slug":"come-and-sum-up","status":"publish","type":"page","link":"https:\/\/www.yhteisetlapsemme.fi\/ru\/be-brave-and-fair\/come-and-sum-up\/","title":{"rendered":"Come and sum up!"},"content":{"rendered":"<h1>Come and sum up!<\/h1>\n<p>All Our Children promotes the well-being of multicultural children and the realization of child rights in Finland and acts in development cooperation and sponsorship to help children around the world.<\/p>\n<p>By joining our activities, you can contribute to our work in a way that is the most convenient for you.\u00a0By doing volunteer work you can contribute with your skills and valuable time. Starting as a sponsor or monthly donor you can give your financial support for achieving our goals.<\/p>\n<p>Joining as a member of the association you can make a statement for the well-being of multicultural children and for Finland with a diversity of values. We work to promote an environment of caring values \u200b\u200band against racism.\u00a0Get familiar with the various alternatives and find your own way to contribute and sum up!<\/p>\n\n<div class=\"wpcf7 no-js\" id=\"wpcf7-f426-o1\" lang=\"fi\" dir=\"ltr\" data-wpcf7-id=\"426\">\n<div class=\"screen-reader-response\"><p role=\"status\" aria-live=\"polite\" aria-atomic=\"true\"><\/p> <ul><\/ul><\/div>\n<form action=\"\/ru\/wp-json\/wp\/v2\/pages\/60#wpcf7-f426-o1\" method=\"post\" class=\"wpcf7-form init\" aria-label=\"Yhteydenottolomake\" novalidate=\"novalidate\" data-status=\"init\">\n<fieldset class=\"hidden-fields-container\"><input type=\"hidden\" name=\"_wpcf7\" value=\"426\" \/><input type=\"hidden\" name=\"_wpcf7_version\" value=\"6.1.5\" \/><input type=\"hidden\" name=\"_wpcf7_locale\" value=\"fi\" \/><input type=\"hidden\" name=\"_wpcf7_unit_tag\" value=\"wpcf7-f426-o1\" \/><input type=\"hidden\" name=\"_wpcf7_container_post\" value=\"0\" \/><input type=\"hidden\" name=\"_wpcf7_posted_data_hash\" value=\"\" \/>\n<\/fieldset>\n<h3> Vapaaehtoiseksi ilmoittautuminen\n<\/h3>\n<p> Oletko kiinnostunut vapaaehtoistoiminnasta? T\u00e4yt\u00e4 lomake ja olemme sinuun yhteydess\u00e4\n<\/p>\n<p><label> Nimi*<br \/>\n<span class=\"wpcf7-form-control-wrap\" data-name=\"nimi\"><input size=\"40\" maxlength=\"400\" class=\"wpcf7-form-control wpcf7-text wpcf7-validates-as-required\" aria-required=\"true\" aria-invalid=\"false\" value=\"\" type=\"text\" name=\"nimi\" \/><\/span> <\/label>\n<\/p>\n<p><label> S\u00e4hk\u00f6posti*<br \/>\n<span class=\"wpcf7-form-control-wrap\" data-name=\"sposti\"><input size=\"40\" maxlength=\"400\" class=\"wpcf7-form-control wpcf7-email wpcf7-validates-as-required wpcf7-text wpcf7-validates-as-email\" aria-required=\"true\" aria-invalid=\"false\" value=\"\" type=\"email\" name=\"sposti\" \/><\/span> <\/label>\n<\/p>\n<p><label> L\u00e4hiosoite*<br \/>\n<span class=\"wpcf7-form-control-wrap\" data-name=\"osoite\"><input size=\"40\" maxlength=\"400\" class=\"wpcf7-form-control wpcf7-text wpcf7-validates-as-required\" aria-required=\"true\" aria-invalid=\"false\" value=\"\" type=\"text\" name=\"osoite\" \/><\/span> <\/label>\n<\/p>\n<p><label> Postitoimipaikka*<br \/>\n<span class=\"wpcf7-form-control-wrap\" data-name=\"postitoimipaikka\"><input size=\"40\" maxlength=\"400\" class=\"wpcf7-form-control wpcf7-text wpcf7-validates-as-required\" aria-required=\"true\" aria-invalid=\"false\" value=\"\" type=\"text\" name=\"postitoimipaikka\" \/><\/span> <\/label>\n<\/p>\n<p><label> Postinumero*<br \/>\n<span class=\"wpcf7-form-control-wrap\" data-name=\"postinumero\"><input size=\"40\" maxlength=\"400\" class=\"wpcf7-form-control wpcf7-text wpcf7-validates-as-required\" aria-required=\"true\" aria-invalid=\"false\" value=\"\" type=\"text\" name=\"postinumero\" \/><\/span> <\/label>\n<\/p>\n<p><label> Puhelinnumero*<br \/>\n<span class=\"wpcf7-form-control-wrap\" data-name=\"puhelinnumero\"><input size=\"40\" maxlength=\"400\" class=\"wpcf7-form-control wpcf7-tel wpcf7-validates-as-required wpcf7-text wpcf7-validates-as-tel\" aria-required=\"true\" aria-invalid=\"false\" value=\"\" type=\"tel\" name=\"puhelinnumero\" \/><\/span> <\/label>\n<\/p>\n<h4> Mist\u00e4 teht\u00e4vist\u00e4 olet kiinnostunut?\n<\/h4>\n<p><span class=\"wpcf7-form-control-wrap\" data-name=\"kiinnostuksenkohteet\"><span class=\"wpcf7-form-control wpcf7-checkbox\"><span class=\"wpcf7-list-item first\"><input type=\"checkbox\" name=\"kiinnostuksenkohteet[]\" value=\"Ole rohkea ja reilu -ty\u00f6pajat\" \/><span class=\"wpcf7-list-item-label\">Ole rohkea ja reilu -ty\u00f6pajat<\/span><\/span><span class=\"wpcf7-list-item\"><input type=\"checkbox\" name=\"kiinnostuksenkohteet[]\" value=\"Kotouttava kerhotoiminta\" \/><span class=\"wpcf7-list-item-label\">Kotouttava kerhotoiminta<\/span><\/span><span class=\"wpcf7-list-item\"><input type=\"checkbox\" name=\"kiinnostuksenkohteet[]\" value=\"Retket turvapaikanhakijaperheille ja -nuorille\" \/><span class=\"wpcf7-list-item-label\">Retket turvapaikanhakijaperheille ja -nuorille<\/span><\/span><span class=\"wpcf7-list-item\"><input type=\"checkbox\" name=\"kiinnostuksenkohteet[]\" value=\"Tapahtumat\" \/><span class=\"wpcf7-list-item-label\">Tapahtumat<\/span><\/span><span class=\"wpcf7-list-item last\"><input type=\"checkbox\" name=\"kiinnostuksenkohteet[]\" value=\"Muu vapaaehtoistoiminta\" \/><span class=\"wpcf7-list-item-label\">Muu vapaaehtoistoiminta<\/span><\/span><\/span><\/span>\n<\/p>\n<p><input class=\"wpcf7-form-control wpcf7-submit has-spinner\" type=\"submit\" value=\"Tule vapaaehtoiseksi\" \/>\n<\/p><p style=\"display: none !important;\" class=\"akismet-fields-container\" data-prefix=\"_wpcf7_ak_\"><label>&#916;<textarea name=\"_wpcf7_ak_hp_textarea\" cols=\"45\" rows=\"8\" maxlength=\"100\"><\/textarea><\/label><input type=\"hidden\" id=\"ak_js_1\" name=\"_wpcf7_ak_js\" value=\"43\"\/><script>document.getElementById( \"ak_js_1\" ).setAttribute( \"value\", ( new Date() ).getTime() );<\/script><\/p><div class=\"wpcf7-response-output\" aria-hidden=\"true\"><\/div>\n<\/form>\n<\/div>\n\n","protected":false},"excerpt":{"rendered":"Come and sum up! All Our Children promotes the well-being of multicultural children and the realization of child rights in Finland and acts in development cooperation and sponsorship to help children around the world. By joining our activities, you can contribute to our work in a way that is the most convenient for you.\u00a0By doing&#8230;<p> <a class=\"round-button\" href=\"https:\/\/www.yhteisetlapsemme.fi\/ru\/be-brave-and-fair\/come-and-sum-up\/\">View Article<\/a><\/p>","protected":false},"author":1,"featured_media":276,"parent":52,"menu_order":2,"comment_status":"closed","ping_status":"closed","template":"page-sidebarleft_language.php","meta":{"_acf_changed":false,"footnotes":""},"class_list":["post-60","page","type-page","status-publish","has-post-thumbnail","hentry"],"acf":[],"yoast_head":"<!-- This site is optimized with the Yoast SEO plugin v25.8 - https:\/\/yoast.com\/wordpress\/plugins\/seo\/ -->\n<title>Come and sum up! - Yhteiset lapsemme in russian<\/title>\n<meta name=\"robots\" content=\"index, follow, max-snippet:-1, max-image-preview:large, max-video-preview:-1\" \/>\n<link rel=\"canonical\" href=\"https:\/\/www.yhteisetlapsemme.fi\/ru\/be-brave-and-fair\/come-and-sum-up\/\" \/>\n<meta property=\"og:locale\" content=\"en_US\" \/>\n<meta property=\"og:type\" content=\"article\" \/>\n<meta property=\"og:title\" content=\"Come and sum up! - Yhteiset lapsemme in russian\" \/>\n<meta property=\"og:description\" content=\"Come and sum up! All Our Children promotes the well-being of multicultural children and the realization of child rights in Finland and acts in development cooperation and sponsorship to help children around the world. By joining our activities, you can contribute to our work in a way that is the most convenient for you.\u00a0By doing... View Article\" \/>\n<meta property=\"og:url\" content=\"https:\/\/www.yhteisetlapsemme.fi\/ru\/be-brave-and-fair\/come-and-sum-up\/\" \/>\n<meta property=\"og:site_name\" content=\"Yhteiset lapsemme in russian\" \/>\n<meta property=\"article:modified_time\" content=\"2017-11-16T10:45:20+00:00\" \/>\n<meta property=\"og:image\" content=\"https:\/\/www.yhteisetlapsemme.fi\/ru\/wp-content\/uploads\/sites\/5\/2017\/03\/vapaaehtoiseksi.jpg\" \/>\n\t<meta property=\"og:image:width\" content=\"1200\" \/>\n\t<meta property=\"og:image:height\" content=\"450\" \/>\n\t<meta property=\"og:image:type\" content=\"image\/jpeg\" \/>\n<meta name=\"twitter:card\" content=\"summary_large_image\" \/>\n<meta name=\"twitter:label1\" content=\"Est. reading time\" \/>\n\t<meta name=\"twitter:data1\" content=\"1 minute\" \/>\n<script type=\"application\/ld+json\" class=\"yoast-schema-graph\">{\"@context\":\"https:\/\/schema.org\",\"@graph\":[{\"@type\":\"WebPage\",\"@id\":\"https:\/\/www.yhteisetlapsemme.fi\/ru\/be-brave-and-fair\/come-and-sum-up\/\",\"url\":\"https:\/\/www.yhteisetlapsemme.fi\/ru\/be-brave-and-fair\/come-and-sum-up\/\",\"name\":\"Come and sum up! - Yhteiset lapsemme in russian\",\"isPartOf\":{\"@id\":\"https:\/\/www.yhteisetlapsemme.fi\/ru\/#website\"},\"primaryImageOfPage\":{\"@id\":\"https:\/\/www.yhteisetlapsemme.fi\/ru\/be-brave-and-fair\/come-and-sum-up\/#primaryimage\"},\"image\":{\"@id\":\"https:\/\/www.yhteisetlapsemme.fi\/ru\/be-brave-and-fair\/come-and-sum-up\/#primaryimage\"},\"thumbnailUrl\":\"https:\/\/www.yhteisetlapsemme.fi\/ru\/wp-content\/uploads\/sites\/5\/2017\/03\/vapaaehtoiseksi.jpg\",\"datePublished\":\"2017-03-29T09:16:58+00:00\",\"dateModified\":\"2017-11-16T10:45:20+00:00\",\"breadcrumb\":{\"@id\":\"https:\/\/www.yhteisetlapsemme.fi\/ru\/be-brave-and-fair\/come-and-sum-up\/#breadcrumb\"},\"inLanguage\":\"en-US\",\"potentialAction\":[{\"@type\":\"ReadAction\",\"target\":[\"https:\/\/www.yhteisetlapsemme.fi\/ru\/be-brave-and-fair\/come-and-sum-up\/\"]}]},{\"@type\":\"ImageObject\",\"inLanguage\":\"en-US\",\"@id\":\"https:\/\/www.yhteisetlapsemme.fi\/ru\/be-brave-and-fair\/come-and-sum-up\/#primaryimage\",\"url\":\"https:\/\/www.yhteisetlapsemme.fi\/ru\/wp-content\/uploads\/sites\/5\/2017\/03\/vapaaehtoiseksi.jpg\",\"contentUrl\":\"https:\/\/www.yhteisetlapsemme.fi\/ru\/wp-content\/uploads\/sites\/5\/2017\/03\/vapaaehtoiseksi.jpg\",\"width\":1200,\"height\":450,\"caption\":\"Vapaaehtoiseksi\"},{\"@type\":\"BreadcrumbList\",\"@id\":\"https:\/\/www.yhteisetlapsemme.fi\/ru\/be-brave-and-fair\/come-and-sum-up\/#breadcrumb\",\"itemListElement\":[{\"@type\":\"ListItem\",\"position\":1,\"name\":\"Etusivu\",\"item\":\"https:\/\/www.yhteisetlapsemme.fi\/ru\/\"},{\"@type\":\"ListItem\",\"position\":2,\"name\":\"Be brave and fair\",\"item\":\"https:\/\/www.yhteisetlapsemme.fi\/ru\/be-brave-and-fair\/\"},{\"@type\":\"ListItem\",\"position\":3,\"name\":\"Come and sum up!\"}]},{\"@type\":\"WebSite\",\"@id\":\"https:\/\/www.yhteisetlapsemme.fi\/ru\/#website\",\"url\":\"https:\/\/www.yhteisetlapsemme.fi\/ru\/\",\"name\":\"Yhteiset lapsemme in russian\",\"description\":\"Yhteisetlapsemme.fi sivusto\",\"potentialAction\":[{\"@type\":\"SearchAction\",\"target\":{\"@type\":\"EntryPoint\",\"urlTemplate\":\"https:\/\/www.yhteisetlapsemme.fi\/ru\/?s={search_term_string}\"},\"query-input\":{\"@type\":\"PropertyValueSpecification\",\"valueRequired\":true,\"valueName\":\"search_term_string\"}}],\"inLanguage\":\"en-US\"}]}<\/script>\n<!-- \/ Yoast SEO plugin. -->","yoast_head_json":{"title":"Come and sum up! - Yhteiset lapsemme in russian","robots":{"index":"index","follow":"follow","max-snippet":"max-snippet:-1","max-image-preview":"max-image-preview:large","max-video-preview":"max-video-preview:-1"},"canonical":"https:\/\/www.yhteisetlapsemme.fi\/ru\/be-brave-and-fair\/come-and-sum-up\/","og_locale":"en_US","og_type":"article","og_title":"Come and sum up! - Yhteiset lapsemme in russian","og_description":"Come and sum up! All Our Children promotes the well-being of multicultural children and the realization of child rights in Finland and acts in development cooperation and sponsorship to help children around the world. By joining our activities, you can contribute to our work in a way that is the most convenient for you.\u00a0By doing... View Article","og_url":"https:\/\/www.yhteisetlapsemme.fi\/ru\/be-brave-and-fair\/come-and-sum-up\/","og_site_name":"Yhteiset lapsemme in russian","article_modified_time":"2017-11-16T10:45:20+00:00","og_image":[{"width":1200,"height":450,"url":"https:\/\/www.yhteisetlapsemme.fi\/ru\/wp-content\/uploads\/sites\/5\/2017\/03\/vapaaehtoiseksi.jpg","type":"image\/jpeg"}],"twitter_card":"summary_large_image","twitter_misc":{"Est. reading time":"1 minute"},"schema":{"@context":"https:\/\/schema.org","@graph":[{"@type":"WebPage","@id":"https:\/\/www.yhteisetlapsemme.fi\/ru\/be-brave-and-fair\/come-and-sum-up\/","url":"https:\/\/www.yhteisetlapsemme.fi\/ru\/be-brave-and-fair\/come-and-sum-up\/","name":"Come and sum up! - Yhteiset lapsemme in russian","isPartOf":{"@id":"https:\/\/www.yhteisetlapsemme.fi\/ru\/#website"},"primaryImageOfPage":{"@id":"https:\/\/www.yhteisetlapsemme.fi\/ru\/be-brave-and-fair\/come-and-sum-up\/#primaryimage"},"image":{"@id":"https:\/\/www.yhteisetlapsemme.fi\/ru\/be-brave-and-fair\/come-and-sum-up\/#primaryimage"},"thumbnailUrl":"https:\/\/www.yhteisetlapsemme.fi\/ru\/wp-content\/uploads\/sites\/5\/2017\/03\/vapaaehtoiseksi.jpg","datePublished":"2017-03-29T09:16:58+00:00","dateModified":"2017-11-16T10:45:20+00:00","breadcrumb":{"@id":"https:\/\/www.yhteisetlapsemme.fi\/ru\/be-brave-and-fair\/come-and-sum-up\/#breadcrumb"},"inLanguage":"en-US","potentialAction":[{"@type":"ReadAction","target":["https:\/\/www.yhteisetlapsemme.fi\/ru\/be-brave-and-fair\/come-and-sum-up\/"]}]},{"@type":"ImageObject","inLanguage":"en-US","@id":"https:\/\/www.yhteisetlapsemme.fi\/ru\/be-brave-and-fair\/come-and-sum-up\/#primaryimage","url":"https:\/\/www.yhteisetlapsemme.fi\/ru\/wp-content\/uploads\/sites\/5\/2017\/03\/vapaaehtoiseksi.jpg","contentUrl":"https:\/\/www.yhteisetlapsemme.fi\/ru\/wp-content\/uploads\/sites\/5\/2017\/03\/vapaaehtoiseksi.jpg","width":1200,"height":450,"caption":"Vapaaehtoiseksi"},{"@type":"BreadcrumbList","@id":"https:\/\/www.yhteisetlapsemme.fi\/ru\/be-brave-and-fair\/come-and-sum-up\/#breadcrumb","itemListElement":[{"@type":"ListItem","position":1,"name":"Etusivu","item":"https:\/\/www.yhteisetlapsemme.fi\/ru\/"},{"@type":"ListItem","position":2,"name":"Be brave and fair","item":"https:\/\/www.yhteisetlapsemme.fi\/ru\/be-brave-and-fair\/"},{"@type":"ListItem","position":3,"name":"Come and sum up!"}]},{"@type":"WebSite","@id":"https:\/\/www.yhteisetlapsemme.fi\/ru\/#website","url":"https:\/\/www.yhteisetlapsemme.fi\/ru\/","name":"Yhteiset lapsemme in russian","description":"Yhteisetlapsemme.fi sivusto","potentialAction":[{"@type":"SearchAction","target":{"@type":"EntryPoint","urlTemplate":"https:\/\/www.yhteisetlapsemme.fi\/ru\/?s={search_term_string}"},"query-input":{"@type":"PropertyValueSpecification","valueRequired":true,"valueName":"search_term_string"}}],"inLanguage":"en-US"}]}},"_links":{"self":[{"href":"https:\/\/www.yhteisetlapsemme.fi\/ru\/wp-json\/wp\/v2\/pages\/60","targetHints":{"allow":["GET"]}}],"collection":[{"href":"https:\/\/www.yhteisetlapsemme.fi\/ru\/wp-json\/wp\/v2\/pages"}],"about":[{"href":"https:\/\/www.yhteisetlapsemme.fi\/ru\/wp-json\/wp\/v2\/types\/page"}],"author":[{"embeddable":true,"href":"https:\/\/www.yhteisetlapsemme.fi\/ru\/wp-json\/wp\/v2\/users\/1"}],"replies":[{"embeddable":true,"href":"https:\/\/www.yhteisetlapsemme.fi\/ru\/wp-json\/wp\/v2\/comments?post=60"}],"version-history":[{"count":9,"href":"https:\/\/www.yhteisetlapsemme.fi\/ru\/wp-json\/wp\/v2\/pages\/60\/revisions"}],"predecessor-version":[{"id":1149,"href":"https:\/\/www.yhteisetlapsemme.fi\/ru\/wp-json\/wp\/v2\/pages\/60\/revisions\/1149"}],"up":[{"embeddable":true,"href":"https:\/\/www.yhteisetlapsemme.fi\/ru\/wp-json\/wp\/v2\/pages\/52"}],"wp:featuredmedia":[{"embeddable":true,"href":"https:\/\/www.yhteisetlapsemme.fi\/ru\/wp-json\/wp\/v2\/media\/276"}],"wp:attachment":[{"href":"https:\/\/www.yhteisetlapsemme.fi\/ru\/wp-json\/wp\/v2\/media?parent=60"}],"curies":[{"name":"wp","href":"https:\/\/api.w.org\/{rel}","templated":true}]}}