{"id":52,"date":"2017-03-29T09:15:09","date_gmt":"2017-03-29T09:15:09","guid":{"rendered":"http:\/\/localhost:8888\/yhteisetlapsemme\/?page_id=52"},"modified":"2017-11-27T13:31:07","modified_gmt":"2017-11-27T13:31:07","slug":"be-brave-and-fair","status":"publish","type":"page","link":"https:\/\/www.yhteisetlapsemme.fi\/ru\/be-brave-and-fair\/","title":{"rendered":"Be brave and fair"},"content":{"rendered":"<h1><strong>Ole rohkea ja reilu &#8211; Be brave and fair<\/strong><strong>\u00a0<\/strong><\/h1>\n<p>All Our Children encourages children and youth to have courage, to be fair and to promote a culture of caring for others. As a part of our advocacy work, we offer to children and youth the Be Brave and Fair workshops. The aim of these workshops is to promote understanding, develop an appreciation for diversity, and to strengthen the skills of caring and intervention.<\/p>\n<p>Volunteers, trained by All Our Children, direct the workshops, which are free of charge.\u00a0Be Brave and Fair workshops and activities started from the <em>Ole rohkea ja reilu &#8211; uskalla v\u00e4litt\u00e4\u00e4<\/em>! (Be brave and fair &#8211; dare to care!) campaign for the 25th anniversary of All Our Children, to promote diversity and counteract racism.<\/p>\n<p>The Finnish Ministry of Social Affairs and Health supports the Be Brave and Fair workshop activities through the national lottery system.<\/p>\n<p>Be brave and fair! Influence the attitude environment and order a workshop or train as a Be Brave and Fair instructor!<\/p>\n","protected":false},"excerpt":{"rendered":"Ole rohkea ja reilu &#8211; Be brave and fair\u00a0 All Our Children encourages children and youth to have courage, to be fair and to promote a culture of caring for others. As a part of our advocacy work, we offer to children and youth the Be Brave and Fair workshops. The aim of these workshops&#8230;<p> <a class=\"round-button\" href=\"https:\/\/www.yhteisetlapsemme.fi\/ru\/be-brave-and-fair\/\">View Article<\/a><\/p>","protected":false},"author":1,"featured_media":529,"parent":0,"menu_order":0,"comment_status":"closed","ping_status":"closed","template":"page-sidebarleft_language.php","meta":{"_acf_changed":false,"footnotes":""},"class_list":["post-52","page","type-page","status-publish","has-post-thumbnail","hentry"],"acf":[],"yoast_head":"<!-- This site is optimized with the Yoast SEO plugin v25.8 - https:\/\/yoast.com\/wordpress\/plugins\/seo\/ -->\n<title>Be brave and fair - Yhteiset lapsemme in russian<\/title>\n<meta name=\"robots\" content=\"index, follow, max-snippet:-1, max-image-preview:large, max-video-preview:-1\" \/>\n<link rel=\"canonical\" href=\"https:\/\/www.yhteisetlapsemme.fi\/ru\/be-brave-and-fair\/\" \/>\n<meta property=\"og:locale\" content=\"en_US\" \/>\n<meta property=\"og:type\" content=\"article\" \/>\n<meta property=\"og:title\" content=\"Be brave and fair - Yhteiset lapsemme in russian\" \/>\n<meta property=\"og:description\" content=\"Ole rohkea ja reilu &#8211; Be brave and fair\u00a0 All Our Children encourages children and youth to have courage, to be fair and to promote a culture of caring for others. As a part of our advocacy work, we offer to children and youth the Be Brave and Fair workshops. The aim of these workshops... View Article\" \/>\n<meta property=\"og:url\" content=\"https:\/\/www.yhteisetlapsemme.fi\/ru\/be-brave-and-fair\/\" \/>\n<meta property=\"og:site_name\" content=\"Yhteiset lapsemme in russian\" \/>\n<meta property=\"article:modified_time\" content=\"2017-11-27T13:31:07+00:00\" \/>\n<meta property=\"og:image\" content=\"https:\/\/www.yhteisetlapsemme.fi\/ru\/wp-content\/uploads\/sites\/5\/2017\/03\/olerohkeajareilu_2.jpg\" \/>\n\t<meta property=\"og:image:width\" content=\"1200\" \/>\n\t<meta property=\"og:image:height\" content=\"450\" \/>\n\t<meta property=\"og:image:type\" content=\"image\/jpeg\" \/>\n<meta name=\"twitter:card\" content=\"summary_large_image\" \/>\n<meta name=\"twitter:label1\" content=\"Est. reading time\" \/>\n\t<meta name=\"twitter:data1\" content=\"1 minute\" \/>\n<script type=\"application\/ld+json\" class=\"yoast-schema-graph\">{\"@context\":\"https:\/\/schema.org\",\"@graph\":[{\"@type\":\"WebPage\",\"@id\":\"https:\/\/www.yhteisetlapsemme.fi\/ru\/be-brave-and-fair\/\",\"url\":\"https:\/\/www.yhteisetlapsemme.fi\/ru\/be-brave-and-fair\/\",\"name\":\"Be brave and fair - Yhteiset lapsemme in russian\",\"isPartOf\":{\"@id\":\"https:\/\/www.yhteisetlapsemme.fi\/ru\/#website\"},\"primaryImageOfPage\":{\"@id\":\"https:\/\/www.yhteisetlapsemme.fi\/ru\/be-brave-and-fair\/#primaryimage\"},\"image\":{\"@id\":\"https:\/\/www.yhteisetlapsemme.fi\/ru\/be-brave-and-fair\/#primaryimage\"},\"thumbnailUrl\":\"https:\/\/www.yhteisetlapsemme.fi\/ru\/wp-content\/uploads\/sites\/5\/2017\/03\/olerohkeajareilu_2.jpg\",\"datePublished\":\"2017-03-29T09:15:09+00:00\",\"dateModified\":\"2017-11-27T13:31:07+00:00\",\"breadcrumb\":{\"@id\":\"https:\/\/www.yhteisetlapsemme.fi\/ru\/be-brave-and-fair\/#breadcrumb\"},\"inLanguage\":\"en-US\",\"potentialAction\":[{\"@type\":\"ReadAction\",\"target\":[\"https:\/\/www.yhteisetlapsemme.fi\/ru\/be-brave-and-fair\/\"]}]},{\"@type\":\"ImageObject\",\"inLanguage\":\"en-US\",\"@id\":\"https:\/\/www.yhteisetlapsemme.fi\/ru\/be-brave-and-fair\/#primaryimage\",\"url\":\"https:\/\/www.yhteisetlapsemme.fi\/ru\/wp-content\/uploads\/sites\/5\/2017\/03\/olerohkeajareilu_2.jpg\",\"contentUrl\":\"https:\/\/www.yhteisetlapsemme.fi\/ru\/wp-content\/uploads\/sites\/5\/2017\/03\/olerohkeajareilu_2.jpg\",\"width\":1200,\"height\":450,\"caption\":\"Ole rohkea ja reilu\"},{\"@type\":\"BreadcrumbList\",\"@id\":\"https:\/\/www.yhteisetlapsemme.fi\/ru\/be-brave-and-fair\/#breadcrumb\",\"itemListElement\":[{\"@type\":\"ListItem\",\"position\":1,\"name\":\"Etusivu\",\"item\":\"https:\/\/www.yhteisetlapsemme.fi\/ru\/\"},{\"@type\":\"ListItem\",\"position\":2,\"name\":\"Be brave and fair\"}]},{\"@type\":\"WebSite\",\"@id\":\"https:\/\/www.yhteisetlapsemme.fi\/ru\/#website\",\"url\":\"https:\/\/www.yhteisetlapsemme.fi\/ru\/\",\"name\":\"Yhteiset lapsemme in russian\",\"description\":\"Yhteisetlapsemme.fi sivusto\",\"potentialAction\":[{\"@type\":\"SearchAction\",\"target\":{\"@type\":\"EntryPoint\",\"urlTemplate\":\"https:\/\/www.yhteisetlapsemme.fi\/ru\/?s={search_term_string}\"},\"query-input\":{\"@type\":\"PropertyValueSpecification\",\"valueRequired\":true,\"valueName\":\"search_term_string\"}}],\"inLanguage\":\"en-US\"}]}<\/script>\n<!-- \/ Yoast SEO plugin. -->","yoast_head_json":{"title":"Be brave and fair - Yhteiset lapsemme in russian","robots":{"index":"index","follow":"follow","max-snippet":"max-snippet:-1","max-image-preview":"max-image-preview:large","max-video-preview":"max-video-preview:-1"},"canonical":"https:\/\/www.yhteisetlapsemme.fi\/ru\/be-brave-and-fair\/","og_locale":"en_US","og_type":"article","og_title":"Be brave and fair - Yhteiset lapsemme in russian","og_description":"Ole rohkea ja reilu &#8211; Be brave and fair\u00a0 All Our Children encourages children and youth to have courage, to be fair and to promote a culture of caring for others. As a part of our advocacy work, we offer to children and youth the Be Brave and Fair workshops. The aim of these workshops... View Article","og_url":"https:\/\/www.yhteisetlapsemme.fi\/ru\/be-brave-and-fair\/","og_site_name":"Yhteiset lapsemme in russian","article_modified_time":"2017-11-27T13:31:07+00:00","og_image":[{"width":1200,"height":450,"url":"https:\/\/www.yhteisetlapsemme.fi\/ru\/wp-content\/uploads\/sites\/5\/2017\/03\/olerohkeajareilu_2.jpg","type":"image\/jpeg"}],"twitter_card":"summary_large_image","twitter_misc":{"Est. reading time":"1 minute"},"schema":{"@context":"https:\/\/schema.org","@graph":[{"@type":"WebPage","@id":"https:\/\/www.yhteisetlapsemme.fi\/ru\/be-brave-and-fair\/","url":"https:\/\/www.yhteisetlapsemme.fi\/ru\/be-brave-and-fair\/","name":"Be brave and fair - Yhteiset lapsemme in russian","isPartOf":{"@id":"https:\/\/www.yhteisetlapsemme.fi\/ru\/#website"},"primaryImageOfPage":{"@id":"https:\/\/www.yhteisetlapsemme.fi\/ru\/be-brave-and-fair\/#primaryimage"},"image":{"@id":"https:\/\/www.yhteisetlapsemme.fi\/ru\/be-brave-and-fair\/#primaryimage"},"thumbnailUrl":"https:\/\/www.yhteisetlapsemme.fi\/ru\/wp-content\/uploads\/sites\/5\/2017\/03\/olerohkeajareilu_2.jpg","datePublished":"2017-03-29T09:15:09+00:00","dateModified":"2017-11-27T13:31:07+00:00","breadcrumb":{"@id":"https:\/\/www.yhteisetlapsemme.fi\/ru\/be-brave-and-fair\/#breadcrumb"},"inLanguage":"en-US","potentialAction":[{"@type":"ReadAction","target":["https:\/\/www.yhteisetlapsemme.fi\/ru\/be-brave-and-fair\/"]}]},{"@type":"ImageObject","inLanguage":"en-US","@id":"https:\/\/www.yhteisetlapsemme.fi\/ru\/be-brave-and-fair\/#primaryimage","url":"https:\/\/www.yhteisetlapsemme.fi\/ru\/wp-content\/uploads\/sites\/5\/2017\/03\/olerohkeajareilu_2.jpg","contentUrl":"https:\/\/www.yhteisetlapsemme.fi\/ru\/wp-content\/uploads\/sites\/5\/2017\/03\/olerohkeajareilu_2.jpg","width":1200,"height":450,"caption":"Ole rohkea ja reilu"},{"@type":"BreadcrumbList","@id":"https:\/\/www.yhteisetlapsemme.fi\/ru\/be-brave-and-fair\/#breadcrumb","itemListElement":[{"@type":"ListItem","position":1,"name":"Etusivu","item":"https:\/\/www.yhteisetlapsemme.fi\/ru\/"},{"@type":"ListItem","position":2,"name":"Be brave and fair"}]},{"@type":"WebSite","@id":"https:\/\/www.yhteisetlapsemme.fi\/ru\/#website","url":"https:\/\/www.yhteisetlapsemme.fi\/ru\/","name":"Yhteiset lapsemme in russian","description":"Yhteisetlapsemme.fi sivusto","potentialAction":[{"@type":"SearchAction","target":{"@type":"EntryPoint","urlTemplate":"https:\/\/www.yhteisetlapsemme.fi\/ru\/?s={search_term_string}"},"query-input":{"@type":"PropertyValueSpecification","valueRequired":true,"valueName":"search_term_string"}}],"inLanguage":"en-US"}]}},"_links":{"self":[{"href":"https:\/\/www.yhteisetlapsemme.fi\/ru\/wp-json\/wp\/v2\/pages\/52","targetHints":{"allow":["GET"]}}],"collection":[{"href":"https:\/\/www.yhteisetlapsemme.fi\/ru\/wp-json\/wp\/v2\/pages"}],"about":[{"href":"https:\/\/www.yhteisetlapsemme.fi\/ru\/wp-json\/wp\/v2\/types\/page"}],"author":[{"embeddable":true,"href":"https:\/\/www.yhteisetlapsemme.fi\/ru\/wp-json\/wp\/v2\/users\/1"}],"replies":[{"embeddable":true,"href":"https:\/\/www.yhteisetlapsemme.fi\/ru\/wp-json\/wp\/v2\/comments?post=52"}],"version-history":[{"count":6,"href":"https:\/\/www.yhteisetlapsemme.fi\/ru\/wp-json\/wp\/v2\/pages\/52\/revisions"}],"predecessor-version":[{"id":1173,"href":"https:\/\/www.yhteisetlapsemme.fi\/ru\/wp-json\/wp\/v2\/pages\/52\/revisions\/1173"}],"wp:featuredmedia":[{"embeddable":true,"href":"https:\/\/www.yhteisetlapsemme.fi\/ru\/wp-json\/wp\/v2\/media\/529"}],"wp:attachment":[{"href":"https:\/\/www.yhteisetlapsemme.fi\/ru\/wp-json\/wp\/v2\/media?parent=52"}],"curies":[{"name":"wp","href":"https:\/\/api.w.org\/{rel}","templated":true}]}}